{"id":3292,"date":"2020-04-03T06:29:49","date_gmt":"2020-04-03T06:29:49","guid":{"rendered":"https:\/\/muzeulgolesti.ro\/?page_id=3292"},"modified":"2025-01-16T09:04:35","modified_gmt":"2025-01-16T09:04:35","slug":"ateliere-creative-de-primavara","status":"publish","type":"page","link":"https:\/\/muzeulgolesti.ro\/en\/ateliere-creative-de-primavara\/","title":{"rendered":"Creative spring workshops"},"content":{"rendered":"<p><div class=\"fusion-fullwidth fullwidth-box fusion-builder-row-1 nonhundred-percent-fullwidth non-hundred-percent-height-scrolling\" style=\"--awb-border-radius-top-left:0px;--awb-border-radius-top-right:0px;--awb-border-radius-bottom-right:0px;--awb-border-radius-bottom-left:0px;--awb-flex-wrap:wrap;\" ><div class=\"fusion-builder-row fusion-row\"><div class=\"fusion-layout-column fusion_builder_column fusion-builder-column-0 fusion_builder_column_1_1 1_1 fusion-one-full fusion-column-first fusion-column-last\" style=\"--awb-bg-size:cover;\"><div class=\"fusion-column-wrapper fusion-column-has-shadow fusion-flex-column-wrapper-legacy\"><div class=\"fusion-slider-sc fusion-flexslider-loading flexslider flexslider-hover-type-none\" data-slideshow_autoplay=\"1\" data-slideshow_smooth_height=\"0\" data-slideshow_speed=\"7000\" style=\"max-width:100%;height:100%;\"><ul class=\"slides\"><li class=\"image\"><span class=\"fusion-image-hover-element hover-type-none\"><img decoding=\"async\" src=\"https:\/\/muzeulgolesti.ro\/wp-content\/uploads\/2020\/05\/atelierecp2.jpg\" width=\"1600\" height=\"900\" class=\"wp-image-4255\" srcset=\"https:\/\/muzeulgolesti.ro\/wp-content\/uploads\/2020\/05\/atelierecp2-200x113.jpg 200w, https:\/\/muzeulgolesti.ro\/wp-content\/uploads\/2020\/05\/atelierecp2-400x225.jpg 400w, https:\/\/muzeulgolesti.ro\/wp-content\/uploads\/2020\/05\/atelierecp2-600x338.jpg 600w, https:\/\/muzeulgolesti.ro\/wp-content\/uploads\/2020\/05\/atelierecp2-800x450.jpg 800w, https:\/\/muzeulgolesti.ro\/wp-content\/uploads\/2020\/05\/atelierecp2-1200x675.jpg 1200w, https:\/\/muzeulgolesti.ro\/wp-content\/uploads\/2020\/05\/atelierecp2.jpg 1600w\" sizes=\"(max-width: 800px) 100vw, 1600px\" \/><\/span><\/li><li class=\"image\"><span class=\"fusion-image-hover-element hover-type-none\"><img decoding=\"async\" src=\"https:\/\/muzeulgolesti.ro\/wp-content\/uploads\/2020\/05\/atelierecp3.jpg\" width=\"1600\" height=\"900\" class=\"wp-image-4256\" srcset=\"https:\/\/muzeulgolesti.ro\/wp-content\/uploads\/2020\/05\/atelierecp3-200x113.jpg 200w, https:\/\/muzeulgolesti.ro\/wp-content\/uploads\/2020\/05\/atelierecp3-400x225.jpg 400w, https:\/\/muzeulgolesti.ro\/wp-content\/uploads\/2020\/05\/atelierecp3-600x338.jpg 600w, https:\/\/muzeulgolesti.ro\/wp-content\/uploads\/2020\/05\/atelierecp3-800x450.jpg 800w, https:\/\/muzeulgolesti.ro\/wp-content\/uploads\/2020\/05\/atelierecp3-1200x675.jpg 1200w, https:\/\/muzeulgolesti.ro\/wp-content\/uploads\/2020\/05\/atelierecp3.jpg 1600w\" sizes=\"(max-width: 800px) 100vw, 1600px\" \/><\/span><\/li><li class=\"image\"><span class=\"fusion-image-hover-element hover-type-none\"><img decoding=\"async\" src=\"https:\/\/muzeulgolesti.ro\/wp-content\/uploads\/2020\/05\/atelierecp4.jpg\" width=\"1600\" height=\"900\" class=\"wp-image-4257\" srcset=\"https:\/\/muzeulgolesti.ro\/wp-content\/uploads\/2020\/05\/atelierecp4-200x113.jpg 200w, https:\/\/muzeulgolesti.ro\/wp-content\/uploads\/2020\/05\/atelierecp4-400x225.jpg 400w, https:\/\/muzeulgolesti.ro\/wp-content\/uploads\/2020\/05\/atelierecp4-600x338.jpg 600w, https:\/\/muzeulgolesti.ro\/wp-content\/uploads\/2020\/05\/atelierecp4-800x450.jpg 800w, https:\/\/muzeulgolesti.ro\/wp-content\/uploads\/2020\/05\/atelierecp4-1200x675.jpg 1200w, https:\/\/muzeulgolesti.ro\/wp-content\/uploads\/2020\/05\/atelierecp4.jpg 1600w\" sizes=\"(max-width: 800px) 100vw, 1600px\" \/><\/span><\/li><li class=\"image\"><span class=\"fusion-image-hover-element hover-type-none\"><img decoding=\"async\" src=\"https:\/\/muzeulgolesti.ro\/wp-content\/uploads\/2020\/05\/atelierecp6.jpg\" width=\"1600\" height=\"900\" class=\"wp-image-4259\" srcset=\"https:\/\/muzeulgolesti.ro\/wp-content\/uploads\/2020\/05\/atelierecp6-200x113.jpg 200w, https:\/\/muzeulgolesti.ro\/wp-content\/uploads\/2020\/05\/atelierecp6-400x225.jpg 400w, https:\/\/muzeulgolesti.ro\/wp-content\/uploads\/2020\/05\/atelierecp6-600x338.jpg 600w, https:\/\/muzeulgolesti.ro\/wp-content\/uploads\/2020\/05\/atelierecp6-800x450.jpg 800w, https:\/\/muzeulgolesti.ro\/wp-content\/uploads\/2020\/05\/atelierecp6-1200x675.jpg 1200w, https:\/\/muzeulgolesti.ro\/wp-content\/uploads\/2020\/05\/atelierecp6.jpg 1600w\" sizes=\"(max-width: 800px) 100vw, 1600px\" \/><\/span><\/li><li class=\"image\"><span class=\"fusion-image-hover-element hover-type-none\"><img decoding=\"async\" src=\"https:\/\/muzeulgolesti.ro\/wp-content\/uploads\/2020\/05\/atelierecp7.jpg\" width=\"1600\" height=\"900\" class=\"wp-image-4260\" srcset=\"https:\/\/muzeulgolesti.ro\/wp-content\/uploads\/2020\/05\/atelierecp7-200x113.jpg 200w, https:\/\/muzeulgolesti.ro\/wp-content\/uploads\/2020\/05\/atelierecp7-400x225.jpg 400w, https:\/\/muzeulgolesti.ro\/wp-content\/uploads\/2020\/05\/atelierecp7-600x338.jpg 600w, https:\/\/muzeulgolesti.ro\/wp-content\/uploads\/2020\/05\/atelierecp7-800x450.jpg 800w, https:\/\/muzeulgolesti.ro\/wp-content\/uploads\/2020\/05\/atelierecp7-1200x675.jpg 1200w, https:\/\/muzeulgolesti.ro\/wp-content\/uploads\/2020\/05\/atelierecp7.jpg 1600w\" sizes=\"(max-width: 800px) 100vw, 1600px\" \/><\/span><\/li><li class=\"image\"><span class=\"fusion-image-hover-element hover-type-none\"><img decoding=\"async\" src=\"https:\/\/muzeulgolesti.ro\/wp-content\/uploads\/2020\/05\/atelierecp10.jpg\" width=\"1600\" height=\"900\" class=\"wp-image-4262\" srcset=\"https:\/\/muzeulgolesti.ro\/wp-content\/uploads\/2020\/05\/atelierecp10-200x113.jpg 200w, https:\/\/muzeulgolesti.ro\/wp-content\/uploads\/2020\/05\/atelierecp10-400x225.jpg 400w, https:\/\/muzeulgolesti.ro\/wp-content\/uploads\/2020\/05\/atelierecp10-600x338.jpg 600w, https:\/\/muzeulgolesti.ro\/wp-content\/uploads\/2020\/05\/atelierecp10-800x450.jpg 800w, https:\/\/muzeulgolesti.ro\/wp-content\/uploads\/2020\/05\/atelierecp10-1200x675.jpg 1200w, https:\/\/muzeulgolesti.ro\/wp-content\/uploads\/2020\/05\/atelierecp10.jpg 1600w\" sizes=\"(max-width: 800px) 100vw, 1600px\" \/><\/span><\/li><li class=\"image\"><span class=\"fusion-image-hover-element hover-type-none\"><img decoding=\"async\" src=\"https:\/\/muzeulgolesti.ro\/wp-content\/uploads\/2020\/05\/ateliercp1.jpg\" width=\"1600\" height=\"900\" class=\"wp-image-4263\" srcset=\"https:\/\/muzeulgolesti.ro\/wp-content\/uploads\/2020\/05\/ateliercp1-200x113.jpg 200w, https:\/\/muzeulgolesti.ro\/wp-content\/uploads\/2020\/05\/ateliercp1-400x225.jpg 400w, https:\/\/muzeulgolesti.ro\/wp-content\/uploads\/2020\/05\/ateliercp1-600x338.jpg 600w, https:\/\/muzeulgolesti.ro\/wp-content\/uploads\/2020\/05\/ateliercp1-800x450.jpg 800w, https:\/\/muzeulgolesti.ro\/wp-content\/uploads\/2020\/05\/ateliercp1-1200x675.jpg 1200w, https:\/\/muzeulgolesti.ro\/wp-content\/uploads\/2020\/05\/ateliercp1.jpg 1600w\" sizes=\"(max-width: 800px) 100vw, 1600px\" \/><\/span><\/li><li class=\"image\"><span class=\"fusion-image-hover-element hover-type-none\"><img decoding=\"async\" src=\"https:\/\/muzeulgolesti.ro\/wp-content\/uploads\/2023\/01\/tablou-fetru.jpg\" width=\"960\" height=\"720\" class=\"wp-image-5122\" srcset=\"https:\/\/muzeulgolesti.ro\/wp-content\/uploads\/2023\/01\/tablou-fetru-200x150.jpg 200w, https:\/\/muzeulgolesti.ro\/wp-content\/uploads\/2023\/01\/tablou-fetru-400x300.jpg 400w, https:\/\/muzeulgolesti.ro\/wp-content\/uploads\/2023\/01\/tablou-fetru-600x450.jpg 600w, https:\/\/muzeulgolesti.ro\/wp-content\/uploads\/2023\/01\/tablou-fetru-800x600.jpg 800w, https:\/\/muzeulgolesti.ro\/wp-content\/uploads\/2023\/01\/tablou-fetru.jpg 960w\" sizes=\"(max-width: 800px) 100vw, 960px\" \/><\/span><\/li><li class=\"image\"><span class=\"fusion-image-hover-element hover-type-none\"><img decoding=\"async\" src=\"https:\/\/muzeulgolesti.ro\/wp-content\/uploads\/2023\/01\/prezentare-martisor.jpg\" width=\"960\" height=\"720\" class=\"wp-image-5121\" srcset=\"https:\/\/muzeulgolesti.ro\/wp-content\/uploads\/2023\/01\/prezentare-martisor-200x150.jpg 200w, https:\/\/muzeulgolesti.ro\/wp-content\/uploads\/2023\/01\/prezentare-martisor-400x300.jpg 400w, https:\/\/muzeulgolesti.ro\/wp-content\/uploads\/2023\/01\/prezentare-martisor-600x450.jpg 600w, https:\/\/muzeulgolesti.ro\/wp-content\/uploads\/2023\/01\/prezentare-martisor-800x600.jpg 800w, https:\/\/muzeulgolesti.ro\/wp-content\/uploads\/2023\/01\/prezentare-martisor.jpg 960w\" sizes=\"(max-width: 800px) 100vw, 960px\" \/><\/span><\/li><li class=\"image\"><span class=\"fusion-image-hover-element hover-type-none\"><img decoding=\"async\" src=\"https:\/\/muzeulgolesti.ro\/wp-content\/uploads\/2023\/01\/prezentare-cutie.jpg\" width=\"960\" height=\"720\" class=\"wp-image-5120\" srcset=\"https:\/\/muzeulgolesti.ro\/wp-content\/uploads\/2023\/01\/prezentare-cutie-200x150.jpg 200w, https:\/\/muzeulgolesti.ro\/wp-content\/uploads\/2023\/01\/prezentare-cutie-400x300.jpg 400w, https:\/\/muzeulgolesti.ro\/wp-content\/uploads\/2023\/01\/prezentare-cutie-600x450.jpg 600w, https:\/\/muzeulgolesti.ro\/wp-content\/uploads\/2023\/01\/prezentare-cutie-800x600.jpg 800w, https:\/\/muzeulgolesti.ro\/wp-content\/uploads\/2023\/01\/prezentare-cutie.jpg 960w\" sizes=\"(max-width: 800px) 100vw, 960px\" \/><\/span><\/li><li class=\"image\"><span class=\"fusion-image-hover-element hover-type-none\"><img decoding=\"async\" src=\"https:\/\/muzeulgolesti.ro\/wp-content\/uploads\/2023\/01\/oua-lemn.jpg\" width=\"960\" height=\"720\" class=\"wp-image-5119\" srcset=\"https:\/\/muzeulgolesti.ro\/wp-content\/uploads\/2023\/01\/oua-lemn-200x150.jpg 200w, https:\/\/muzeulgolesti.ro\/wp-content\/uploads\/2023\/01\/oua-lemn-400x300.jpg 400w, https:\/\/muzeulgolesti.ro\/wp-content\/uploads\/2023\/01\/oua-lemn-600x450.jpg 600w, https:\/\/muzeulgolesti.ro\/wp-content\/uploads\/2023\/01\/oua-lemn-800x600.jpg 800w, https:\/\/muzeulgolesti.ro\/wp-content\/uploads\/2023\/01\/oua-lemn.jpg 960w\" sizes=\"(max-width: 800px) 100vw, 960px\" \/><\/span><\/li><li class=\"image\"><span class=\"fusion-image-hover-element hover-type-none\"><img decoding=\"async\" src=\"https:\/\/muzeulgolesti.ro\/wp-content\/uploads\/2023\/01\/rama-foto.jpg\" width=\"960\" height=\"720\" class=\"wp-image-5207\" srcset=\"https:\/\/muzeulgolesti.ro\/wp-content\/uploads\/2023\/01\/rama-foto-200x150.jpg 200w, https:\/\/muzeulgolesti.ro\/wp-content\/uploads\/2023\/01\/rama-foto-400x300.jpg 400w, https:\/\/muzeulgolesti.ro\/wp-content\/uploads\/2023\/01\/rama-foto-600x450.jpg 600w, https:\/\/muzeulgolesti.ro\/wp-content\/uploads\/2023\/01\/rama-foto-800x600.jpg 800w, https:\/\/muzeulgolesti.ro\/wp-content\/uploads\/2023\/01\/rama-foto.jpg 960w\" sizes=\"(max-width: 800px) 100vw, 960px\" \/><\/span><\/li><\/ul><\/div><div class=\"fusion-clearfix\"><\/div><\/div><\/div><\/div><\/div><div class=\"fusion-fullwidth fullwidth-box fusion-builder-row-2 nonhundred-percent-fullwidth non-hundred-percent-height-scrolling\" style=\"--awb-border-radius-top-left:0px;--awb-border-radius-top-right:0px;--awb-border-radius-bottom-right:0px;--awb-border-radius-bottom-left:0px;--awb-flex-wrap:wrap;\" ><div class=\"fusion-builder-row fusion-row\"><div class=\"fusion-layout-column fusion_builder_column fusion-builder-column-1 fusion_builder_column_1_1 1_1 fusion-one-full fusion-column-first fusion-column-last\" style=\"--awb-bg-size:cover;\"><div class=\"fusion-column-wrapper fusion-column-has-shadow fusion-flex-column-wrapper-legacy\"><div class=\"fusion-text fusion-text-1\"><h4 style=\"text-align: center;\"><strong>THE SPRING CREATION WORKSHOPS 2024<\/strong><\/h4>\n<p>The fees will be paid to the craftsmen \/ workshops coordinators.<\/p>\n<p><span class=\"VIiyi\" lang=\"en\"><span class=\"JLqJ4b ChMk0b\" data-language-for-alternatives=\"en\" data-language-to-translate-into=\"ro\" data-phrase-index=\"0\">The museum charges a fee of 7 lei \/ participant \/ workshop which is not included in the price of the creative workshop.<\/span><\/span><\/p>\n<p>Duration\/workshop: 1 hour.<\/p>\n<h5><\/h5>\n<h5><strong>Coordinators Simina Arsene&#038;Maria Videanu<\/strong><\/h5>\n<p><strong>Decorated wooden trinkets\/\u201em\u0103r\u021bi\u0219oare\u201d workshop <\/strong>\u2013 3 pieces \u2013 25 lei<\/p>\n<p><strong>\u201eMothers day<\/strong><strong>\u201d Workshop \u2013\u00a0<\/strong>making a wooden box for jewelry, decorated with the napkin technique and with beads \u2013 30 lei<\/p>\n<p><strong>Painted wooden eggs<\/strong> \u2013 2 pieces decorated with the napkin technique and with beads \u2013 25 lei<\/p>\n<p><strong>Paintings made from felt <\/strong>&#8211; with a spring\/Easter theme \u2013 25 lei<\/p>\n<p id=\"tw-target-text\" class=\"tw-data-text tw-text-large tw-ta\" dir=\"ltr\" data-placeholder=\"Traducere\"><span class=\"Y2IQFc\" lang=\"en\"><strong>Photo frame workshop<\/strong> &#8211; decorated using the napkin technique &#8211; 25 lei<\/span><\/p>\n<p dir=\"ltr\" data-placeholder=\"Traducere\"><span class=\"Y2IQFc\" lang=\"en\"><strong>Photo frame workshop<\/strong> &#8211; decorated using glass &#8211; 30 lei<\/span><\/p>\n<h5><\/h5>\n<h5><\/h5>\n<h5><strong>Coordinator Malvine Mocenco<\/strong><\/h5>\n<p><strong>Painting on porcelain plates<\/strong> \u2013 1 painted plate &#8211; 25 lei<\/p>\n<p><strong>Painting on glass mugs<\/strong> \u2013 1 painted mug &#8211; 25 lei<\/p>\n<p><strong>Hand-painted wooden trinkets\/\u201emar\u021bi\u0219oare\u201d<\/strong> \u2013 2 pieces &#8211; 25 lei<\/p>\n<h5><strong>Painted wooden eggs<\/strong> \u2013 2 pieces\u00a0 \u2013 25 lei<\/h5>\n<h5><\/h5>\n<h5><strong>Coordinator Elena Nencov<\/strong><\/h5>\n<p><strong>Tarditional dolls workshop <\/strong>\u2013 1 pupet \u2013 30 lei<\/p>\n<h5><\/h5>\n<h5><strong>Coordinator Liliana Bursuc<\/strong><\/h5>\n<p><strong>Eggs with decorations inscribed with beeswax <\/strong>\u2013 2 eggs \u2013 10 lei<\/p>\n<p>Participants will bring two white eggs, boiled for 10 minutes, with the shell unbroken.<\/p>\n<p>Only between 1-20 April 2024.<\/p>\n<p><strong>\u00a0<\/strong><\/p>\n<h5><strong>Coordinators Nicoleta and Ion Mitroi<\/strong><\/h5>\n<p><strong>Modeling clay houses workshop <\/strong>&#8211; 30 lei<\/p>\n<p><strong>Modeling clay ornaments workshop <\/strong>\u2013 30 lei<\/p>\n<p><strong>Painting on wooden spoons<\/strong> \u2013 30 lei<\/p>\n<h5><\/h5>\n<h5><\/h5>\n<h5><strong>Coordinator Gabriela Popescu-Onu<\/strong><\/h5>\n<p><strong>The sweet\u00a0 bunny of the Easter \u2013 decorating gingerbread<\/strong> &#8211; set of 3 figurines \u2013 25 lei<\/p>\n<p><strong>Gingerbread house<\/strong>\u00a0 \u2013 30 lei<\/p>\n<h5><strong>Coordinator Adriana Ioana<\/strong><\/h5>\n<h5>Workshop\u00a0painting on gypsum\u2013 25 lei<\/h5>\n<\/div><div class=\"fusion-clearfix\"><\/div><\/div><\/div><\/div><\/div><\/p>\n","protected":false},"excerpt":{"rendered":"","protected":false},"author":4,"featured_media":0,"parent":0,"menu_order":0,"comment_status":"closed","ping_status":"closed","template":"","meta":{"footnotes":""},"class_list":["post-3292","page","type-page","status-publish","hentry"],"yoast_head":"<!-- This site is optimized with the Yoast SEO plugin v27.4 - https:\/\/yoast.com\/product\/yoast-seo-wordpress\/ -->\n<title>Creative spring workshops<\/title>\n<meta name=\"description\" content=\"Creative spring workshops\" \/>\n<meta name=\"robots\" content=\"index, follow, max-snippet:-1, max-image-preview:large, max-video-preview:-1\" \/>\n<link rel=\"canonical\" href=\"https:\/\/muzeulgolesti.ro\/en\/ateliere-creative-de-primavara\/\" \/>\n<meta property=\"og:locale\" content=\"en_GB\" \/>\n<meta property=\"og:locale:alternate\" content=\"ro_RO\" \/>\n<meta property=\"og:type\" content=\"article\" \/>\n<meta property=\"og:title\" content=\"Creative spring workshops\" \/>\n<meta property=\"og:description\" content=\"Creative spring workshops\" \/>\n<meta property=\"og:url\" content=\"https:\/\/muzeulgolesti.ro\/en\/ateliere-creative-de-primavara\/\" \/>\n<meta property=\"og:site_name\" content=\"Muzeul Viticulturii si Pomiculturii Golesti\" \/>\n<meta property=\"article:publisher\" content=\"https:\/\/web.facebook.com\/www.muzeulgolesti.ro\" \/>\n<meta property=\"article:modified_time\" content=\"2025-01-16T09:04:35+00:00\" \/>\n<meta name=\"twitter:card\" content=\"summary_large_image\" \/>\n<meta name=\"twitter:label1\" content=\"Estimated reading time\" \/>\n\t<meta name=\"twitter:data1\" content=\"4 minutes\" \/>\n<script type=\"application\/ld+json\" class=\"yoast-schema-graph\">{\"@context\":\"https:\\\/\\\/schema.org\",\"@graph\":[{\"@type\":\"WebPage\",\"@id\":\"https:\\\/\\\/muzeulgolesti.ro\\\/en\\\/ateliere-creative-de-primavara\\\/\",\"url\":\"https:\\\/\\\/muzeulgolesti.ro\\\/en\\\/ateliere-creative-de-primavara\\\/\",\"name\":\"Creative spring workshops\",\"isPartOf\":{\"@id\":\"https:\\\/\\\/muzeulgolesti.ro\\\/ro\\\/#website\"},\"datePublished\":\"2020-04-03T06:29:49+00:00\",\"dateModified\":\"2025-01-16T09:04:35+00:00\",\"description\":\"Creative spring workshops\",\"breadcrumb\":{\"@id\":\"https:\\\/\\\/muzeulgolesti.ro\\\/en\\\/ateliere-creative-de-primavara\\\/#breadcrumb\"},\"inLanguage\":\"en-GB\",\"potentialAction\":[{\"@type\":\"ReadAction\",\"target\":[\"https:\\\/\\\/muzeulgolesti.ro\\\/en\\\/ateliere-creative-de-primavara\\\/\"]}]},{\"@type\":\"BreadcrumbList\",\"@id\":\"https:\\\/\\\/muzeulgolesti.ro\\\/en\\\/ateliere-creative-de-primavara\\\/#breadcrumb\",\"itemListElement\":[{\"@type\":\"ListItem\",\"position\":1,\"name\":\"Prima pagin\u0103\",\"item\":\"https:\\\/\\\/muzeulgolesti.ro\\\/ro\\\/\"},{\"@type\":\"ListItem\",\"position\":2,\"name\":\"Creative spring workshops\"}]},{\"@type\":\"WebSite\",\"@id\":\"https:\\\/\\\/muzeulgolesti.ro\\\/ro\\\/#website\",\"url\":\"https:\\\/\\\/muzeulgolesti.ro\\\/ro\\\/\",\"name\":\"Muzeul Vititculturii si Pomiculturii Golesti\",\"description\":\"Cultura, Etnografie, Istorie - Muzeul Vititculturii si Pomiculturii Golesti\",\"publisher\":{\"@id\":\"https:\\\/\\\/muzeulgolesti.ro\\\/ro\\\/#organization\"},\"potentialAction\":[{\"@type\":\"SearchAction\",\"target\":{\"@type\":\"EntryPoint\",\"urlTemplate\":\"https:\\\/\\\/muzeulgolesti.ro\\\/ro\\\/?s={search_term_string}\"},\"query-input\":{\"@type\":\"PropertyValueSpecification\",\"valueRequired\":true,\"valueName\":\"search_term_string\"}}],\"inLanguage\":\"en-GB\"},{\"@type\":\"Organization\",\"@id\":\"https:\\\/\\\/muzeulgolesti.ro\\\/ro\\\/#organization\",\"name\":\"Muzeul Vititculturii si Pomiculturii Golesti\",\"url\":\"https:\\\/\\\/muzeulgolesti.ro\\\/ro\\\/\",\"logo\":{\"@type\":\"ImageObject\",\"inLanguage\":\"en-GB\",\"@id\":\"https:\\\/\\\/muzeulgolesti.ro\\\/ro\\\/#\\\/schema\\\/logo\\\/image\\\/\",\"url\":\"https:\\\/\\\/muzeulgolesti.ro\\\/wp-content\\\/uploads\\\/2022\\\/11\\\/SiglaMuzeu.jpg\",\"contentUrl\":\"https:\\\/\\\/muzeulgolesti.ro\\\/wp-content\\\/uploads\\\/2022\\\/11\\\/SiglaMuzeu.jpg\",\"width\":86,\"height\":50,\"caption\":\"Muzeul Vititculturii si Pomiculturii Golesti\"},\"image\":{\"@id\":\"https:\\\/\\\/muzeulgolesti.ro\\\/ro\\\/#\\\/schema\\\/logo\\\/image\\\/\"},\"sameAs\":[\"https:\\\/\\\/web.facebook.com\\\/www.muzeulgolesti.ro\"]}]}<\/script>\n<!-- \/ Yoast SEO plugin. -->","yoast_head_json":{"title":"Creative spring workshops","description":"[:ro]ATELIERE CREATIVE DE PRIM\u0102VAR\u0102[:en]Creative spring workshops[:fr]Ateliers cr\u00e9atifs de printemps[:] - Muzeul Viticulturii si Pomiculturii Golesti","robots":{"index":"index","follow":"follow","max-snippet":"max-snippet:-1","max-image-preview":"max-image-preview:large","max-video-preview":"max-video-preview:-1"},"canonical":"https:\/\/muzeulgolesti.ro\/en\/ateliere-creative-de-primavara\/","og_locale":"en_GB","og_type":"article","og_title":"[:ro]ATELIERE CREATIVE DE PRIM\u0102VAR\u0102[:en]Creative spring workshops[:fr]Ateliers cr\u00e9atifs de printemps[:] - Muzeul Viticulturii si Pomiculturii Golesti","og_description":"[:ro]ATELIERE CREATIVE DE PRIM\u0102VAR\u0102[:en]Creative spring workshops[:fr]Ateliers cr\u00e9atifs de printemps[:] - Muzeul Viticulturii si Pomiculturii Golesti","og_url":"https:\/\/muzeulgolesti.ro\/en\/ateliere-creative-de-primavara\/","og_site_name":"Muzeul Viticulturii si Pomiculturii Golesti","article_publisher":"https:\/\/web.facebook.com\/www.muzeulgolesti.ro","article_modified_time":"2025-01-16T09:04:35+00:00","twitter_card":"summary_large_image","twitter_misc":{"Estimated reading time":"4 minutes"},"schema":{"@context":"https:\/\/schema.org","@graph":[{"@type":"WebPage","@id":"https:\/\/muzeulgolesti.ro\/en\/ateliere-creative-de-primavara\/","url":"https:\/\/muzeulgolesti.ro\/en\/ateliere-creative-de-primavara\/","name":"Creative spring workshops","isPartOf":{"@id":"https:\/\/muzeulgolesti.ro\/ro\/#website"},"datePublished":"2020-04-03T06:29:49+00:00","dateModified":"2025-01-16T09:04:35+00:00","description":"Creative spring workshops","breadcrumb":{"@id":"https:\/\/muzeulgolesti.ro\/en\/ateliere-creative-de-primavara\/#breadcrumb"},"inLanguage":"en-GB","potentialAction":[{"@type":"ReadAction","target":["https:\/\/muzeulgolesti.ro\/en\/ateliere-creative-de-primavara\/"]}]},{"@type":"BreadcrumbList","@id":"https:\/\/muzeulgolesti.ro\/en\/ateliere-creative-de-primavara\/#breadcrumb","itemListElement":[{"@type":"ListItem","position":1,"name":"Prima pagin\u0103","item":"https:\/\/muzeulgolesti.ro\/ro\/"},{"@type":"ListItem","position":2,"name":"Creative spring workshops"}]},{"@type":"WebSite","@id":"https:\/\/muzeulgolesti.ro\/ro\/#website","url":"https:\/\/muzeulgolesti.ro\/ro\/","name":"Muzeul Vititculturii si Pomiculturii Golesti","description":"Cultura, Etnografie, Istorie - Muzeul Vititculturii si Pomiculturii Golesti","publisher":{"@id":"https:\/\/muzeulgolesti.ro\/ro\/#organization"},"potentialAction":[{"@type":"SearchAction","target":{"@type":"EntryPoint","urlTemplate":"https:\/\/muzeulgolesti.ro\/ro\/?s={search_term_string}"},"query-input":{"@type":"PropertyValueSpecification","valueRequired":true,"valueName":"search_term_string"}}],"inLanguage":"en-GB"},{"@type":"Organization","@id":"https:\/\/muzeulgolesti.ro\/ro\/#organization","name":"Muzeul Vititculturii si Pomiculturii Golesti","url":"https:\/\/muzeulgolesti.ro\/ro\/","logo":{"@type":"ImageObject","inLanguage":"en-GB","@id":"https:\/\/muzeulgolesti.ro\/ro\/#\/schema\/logo\/image\/","url":"https:\/\/muzeulgolesti.ro\/wp-content\/uploads\/2022\/11\/SiglaMuzeu.jpg","contentUrl":"https:\/\/muzeulgolesti.ro\/wp-content\/uploads\/2022\/11\/SiglaMuzeu.jpg","width":86,"height":50,"caption":"Muzeul Vititculturii si Pomiculturii Golesti"},"image":{"@id":"https:\/\/muzeulgolesti.ro\/ro\/#\/schema\/logo\/image\/"},"sameAs":["https:\/\/web.facebook.com\/www.muzeulgolesti.ro"]}]}},"_links":{"self":[{"href":"https:\/\/muzeulgolesti.ro\/en\/wp-json\/wp\/v2\/pages\/3292","targetHints":{"allow":["GET"]}}],"collection":[{"href":"https:\/\/muzeulgolesti.ro\/en\/wp-json\/wp\/v2\/pages"}],"about":[{"href":"https:\/\/muzeulgolesti.ro\/en\/wp-json\/wp\/v2\/types\/page"}],"author":[{"embeddable":true,"href":"https:\/\/muzeulgolesti.ro\/en\/wp-json\/wp\/v2\/users\/4"}],"replies":[{"embeddable":true,"href":"https:\/\/muzeulgolesti.ro\/en\/wp-json\/wp\/v2\/comments?post=3292"}],"version-history":[{"count":71,"href":"https:\/\/muzeulgolesti.ro\/en\/wp-json\/wp\/v2\/pages\/3292\/revisions"}],"predecessor-version":[{"id":6935,"href":"https:\/\/muzeulgolesti.ro\/en\/wp-json\/wp\/v2\/pages\/3292\/revisions\/6935"}],"wp:attachment":[{"href":"https:\/\/muzeulgolesti.ro\/en\/wp-json\/wp\/v2\/media?parent=3292"}],"curies":[{"name":"wp","href":"https:\/\/api.w.org\/{rel}","templated":true}]}}