{"id":3360,"date":"2020-04-03T08:09:46","date_gmt":"2020-04-03T08:09:46","guid":{"rendered":"https:\/\/muzeulgolesti.ro\/?page_id=3360"},"modified":"2020-06-12T09:15:47","modified_gmt":"2020-06-12T09:15:47","slug":"ateliere-mestesugaresti","status":"publish","type":"page","link":"https:\/\/muzeulgolesti.ro\/en\/ateliere-mestesugaresti\/","title":{"rendered":"The craft workshops"},"content":{"rendered":"<div class=\"fusion-fullwidth fullwidth-box fusion-builder-row-1 nonhundred-percent-fullwidth non-hundred-percent-height-scrolling\" style=\"--awb-border-radius-top-left:0px;--awb-border-radius-top-right:0px;--awb-border-radius-bottom-right:0px;--awb-border-radius-bottom-left:0px;--awb-flex-wrap:wrap;\" ><div class=\"fusion-builder-row fusion-row\"><div class=\"fusion-layout-column fusion_builder_column fusion-builder-column-0 fusion_builder_column_1_1 1_1 fusion-one-full fusion-column-first fusion-column-last\" style=\"--awb-bg-size:cover;\"><div class=\"fusion-column-wrapper fusion-column-has-shadow fusion-flex-column-wrapper-legacy\"><div class=\"fusion-slider-sc fusion-flexslider-loading flexslider flexslider-hover-type-none\" data-slideshow_autoplay=\"1\" data-slideshow_smooth_height=\"0\" data-slideshow_speed=\"7000\" style=\"max-width:100%;height:100%;\"><ul class=\"slides\"><li class=\"image\"><span class=\"fusion-image-hover-element hover-type-none\"><img decoding=\"async\" src=\"https:\/\/muzeulgolesti.ro\/wp-content\/uploads\/2020\/06\/am1.jpg\" width=\"1600\" height=\"900\" class=\"wp-image-4363\" srcset=\"https:\/\/muzeulgolesti.ro\/wp-content\/uploads\/2020\/06\/am1-200x113.jpg 200w, https:\/\/muzeulgolesti.ro\/wp-content\/uploads\/2020\/06\/am1-400x225.jpg 400w, https:\/\/muzeulgolesti.ro\/wp-content\/uploads\/2020\/06\/am1-600x338.jpg 600w, https:\/\/muzeulgolesti.ro\/wp-content\/uploads\/2020\/06\/am1-800x450.jpg 800w, https:\/\/muzeulgolesti.ro\/wp-content\/uploads\/2020\/06\/am1-1200x675.jpg 1200w, https:\/\/muzeulgolesti.ro\/wp-content\/uploads\/2020\/06\/am1.jpg 1600w\" sizes=\"(max-width: 800px) 100vw, 1600px\" \/><\/span><\/li><li class=\"image\"><span class=\"fusion-image-hover-element hover-type-none\"><img decoding=\"async\" src=\"https:\/\/muzeulgolesti.ro\/wp-content\/uploads\/2020\/06\/am2.jpg\" width=\"1600\" height=\"900\" class=\"wp-image-4364\" srcset=\"https:\/\/muzeulgolesti.ro\/wp-content\/uploads\/2020\/06\/am2-200x113.jpg 200w, https:\/\/muzeulgolesti.ro\/wp-content\/uploads\/2020\/06\/am2-400x225.jpg 400w, https:\/\/muzeulgolesti.ro\/wp-content\/uploads\/2020\/06\/am2-600x338.jpg 600w, https:\/\/muzeulgolesti.ro\/wp-content\/uploads\/2020\/06\/am2-800x450.jpg 800w, https:\/\/muzeulgolesti.ro\/wp-content\/uploads\/2020\/06\/am2-1200x675.jpg 1200w, https:\/\/muzeulgolesti.ro\/wp-content\/uploads\/2020\/06\/am2.jpg 1600w\" sizes=\"(max-width: 800px) 100vw, 1600px\" \/><\/span><\/li><\/ul><\/div><div class=\"fusion-text fusion-text-1\"><p>Potters, blacksmiths, coopers were once very important for economic activity in their villages.\u00a0Much of the economic activity in a rural community depended on these craftsmen.\u00a0Those days are long ago gone, driven away by the industrial revolution.\u00a0The Golesti Museum opens windows to the traditional Romanian world, to the sources of our identity, to the old crafts that demanded a practical sense, technical inventiveness, and rigorous ethics of work. The intuition of the merchant and the soul of the artist completed the portrait of the traditional Romanian craftsman.\u00a0The workshops of the potter, the cooper and the blacksmith were relocated to the museum in order to complete the image of the 19th century Romanian rural space.\u00a0The workshops of the potter and the cooper are from Arge\u015f County, from Co\u015fe\u015fti and St\u0103ne\u015fti &#8211; two villages located on the beautiful valley of the Doamnei River. The smithy comes from the town of Valenii de Munte (Prahova County).\u00a0In all three workshops, visitors can see the old tools used by the craftsmen.\u00a0At Gole\u015fti Museum tradition is not an exhibit, it is alive, it lives through the craftsmen who carry on the old working techniques and pass it on to the new generations.\u00a0Go to\u00a0<em>Be creative<\/em>\u00a0section on the site and find out which are the workshops and the creative programs that help develop the imagination and reveal to the curious people the secrets of almost forgotten trades.<\/p>\n<\/div><div class=\"fusion-clearfix\"><\/div><\/div><\/div><\/div><\/div>\n","protected":false},"excerpt":{"rendered":"","protected":false},"author":4,"featured_media":0,"parent":0,"menu_order":0,"comment_status":"closed","ping_status":"closed","template":"","meta":{"footnotes":""},"class_list":["post-3360","page","type-page","status-publish","hentry"],"yoast_head":"<!-- This site is optimized with the Yoast SEO plugin v27.5 - https:\/\/yoast.com\/product\/yoast-seo-wordpress\/ -->\n<title>The craft workshops<\/title>\n<meta name=\"description\" content=\"The craft workshops\" \/>\n<meta name=\"robots\" content=\"index, follow, max-snippet:-1, max-image-preview:large, max-video-preview:-1\" \/>\n<link rel=\"canonical\" href=\"https:\/\/muzeulgolesti.ro\/en\/ateliere-mestesugaresti\/\" \/>\n<meta property=\"og:locale\" content=\"en_GB\" \/>\n<meta property=\"og:locale:alternate\" content=\"ro_RO\" \/>\n<meta property=\"og:type\" content=\"article\" \/>\n<meta property=\"og:title\" content=\"The craft workshops\" \/>\n<meta property=\"og:description\" content=\"The craft workshops\" \/>\n<meta property=\"og:url\" content=\"https:\/\/muzeulgolesti.ro\/en\/ateliere-mestesugaresti\/\" \/>\n<meta property=\"og:site_name\" content=\"Muzeul Viticulturii si Pomiculturii Golesti\" \/>\n<meta property=\"article:publisher\" content=\"https:\/\/web.facebook.com\/www.muzeulgolesti.ro\" \/>\n<meta property=\"article:modified_time\" content=\"2020-06-12T09:15:47+00:00\" \/>\n<meta name=\"twitter:card\" content=\"summary_large_image\" \/>\n<meta name=\"twitter:label1\" content=\"Estimated reading time\" \/>\n\t<meta name=\"twitter:data1\" content=\"9 minutes\" \/>\n<script type=\"application\/ld+json\" class=\"yoast-schema-graph\">{\"@context\":\"https:\\\/\\\/schema.org\",\"@graph\":[{\"@type\":\"WebPage\",\"@id\":\"https:\\\/\\\/muzeulgolesti.ro\\\/ro\\\/ateliere-mestesugaresti\\\/\",\"url\":\"https:\\\/\\\/muzeulgolesti.ro\\\/ro\\\/ateliere-mestesugaresti\\\/\",\"name\":\"The craft workshops\",\"isPartOf\":{\"@id\":\"https:\\\/\\\/muzeulgolesti.ro\\\/ro\\\/#website\"},\"datePublished\":\"2020-04-03T08:09:46+00:00\",\"dateModified\":\"2020-06-12T09:15:47+00:00\",\"description\":\"The craft workshops\",\"breadcrumb\":{\"@id\":\"https:\\\/\\\/muzeulgolesti.ro\\\/ro\\\/ateliere-mestesugaresti\\\/#breadcrumb\"},\"inLanguage\":\"en-GB\",\"potentialAction\":[{\"@type\":\"ReadAction\",\"target\":[\"https:\\\/\\\/muzeulgolesti.ro\\\/ro\\\/ateliere-mestesugaresti\\\/\"]}]},{\"@type\":\"BreadcrumbList\",\"@id\":\"https:\\\/\\\/muzeulgolesti.ro\\\/ro\\\/ateliere-mestesugaresti\\\/#breadcrumb\",\"itemListElement\":[{\"@type\":\"ListItem\",\"position\":1,\"name\":\"Prima pagin\u0103\",\"item\":\"https:\\\/\\\/muzeulgolesti.ro\\\/ro\\\/\"},{\"@type\":\"ListItem\",\"position\":2,\"name\":\"ATELIERE ME\u0218TE\u0218UG\u0102RE\u0218TI\"}]},{\"@type\":\"WebSite\",\"@id\":\"https:\\\/\\\/muzeulgolesti.ro\\\/ro\\\/#website\",\"url\":\"https:\\\/\\\/muzeulgolesti.ro\\\/ro\\\/\",\"name\":\"Muzeul Vititculturii si Pomiculturii Golesti\",\"description\":\"Cultura, Etnografie, Istorie - Muzeul Vititculturii si Pomiculturii Golesti\",\"publisher\":{\"@id\":\"https:\\\/\\\/muzeulgolesti.ro\\\/ro\\\/#organization\"},\"potentialAction\":[{\"@type\":\"SearchAction\",\"target\":{\"@type\":\"EntryPoint\",\"urlTemplate\":\"https:\\\/\\\/muzeulgolesti.ro\\\/ro\\\/?s={search_term_string}\"},\"query-input\":{\"@type\":\"PropertyValueSpecification\",\"valueRequired\":true,\"valueName\":\"search_term_string\"}}],\"inLanguage\":\"en-GB\"},{\"@type\":\"Organization\",\"@id\":\"https:\\\/\\\/muzeulgolesti.ro\\\/ro\\\/#organization\",\"name\":\"Muzeul Vititculturii si Pomiculturii Golesti\",\"url\":\"https:\\\/\\\/muzeulgolesti.ro\\\/ro\\\/\",\"logo\":{\"@type\":\"ImageObject\",\"inLanguage\":\"en-GB\",\"@id\":\"https:\\\/\\\/muzeulgolesti.ro\\\/ro\\\/#\\\/schema\\\/logo\\\/image\\\/\",\"url\":\"https:\\\/\\\/muzeulgolesti.ro\\\/wp-content\\\/uploads\\\/2022\\\/11\\\/SiglaMuzeu.jpg\",\"contentUrl\":\"https:\\\/\\\/muzeulgolesti.ro\\\/wp-content\\\/uploads\\\/2022\\\/11\\\/SiglaMuzeu.jpg\",\"width\":86,\"height\":50,\"caption\":\"Muzeul Vititculturii si Pomiculturii Golesti\"},\"image\":{\"@id\":\"https:\\\/\\\/muzeulgolesti.ro\\\/ro\\\/#\\\/schema\\\/logo\\\/image\\\/\"},\"sameAs\":[\"https:\\\/\\\/web.facebook.com\\\/www.muzeulgolesti.ro\"]}]}<\/script>\n<!-- \/ Yoast SEO plugin. -->","yoast_head_json":{"title":"The craft workshops","description":"[:ro]ATELIERE ME\u0218TE\u0218UG\u0102RE\u0218TI[:en]The craft workshops[:fr]Les Ateliers d'artisanat[:] - Muzeul Viticulturii si Pomiculturii Golesti","robots":{"index":"index","follow":"follow","max-snippet":"max-snippet:-1","max-image-preview":"max-image-preview:large","max-video-preview":"max-video-preview:-1"},"canonical":"https:\/\/muzeulgolesti.ro\/en\/ateliere-mestesugaresti\/","og_locale":"en_GB","og_type":"article","og_title":"[:ro]ATELIERE ME\u0218TE\u0218UG\u0102RE\u0218TI[:en]The craft workshops[:fr]Les Ateliers d'artisanat[:] - Muzeul Viticulturii si Pomiculturii Golesti","og_description":"[:ro]ATELIERE ME\u0218TE\u0218UG\u0102RE\u0218TI[:en]The craft workshops[:fr]Les Ateliers d'artisanat[:] - Muzeul Viticulturii si Pomiculturii Golesti","og_url":"https:\/\/muzeulgolesti.ro\/en\/ateliere-mestesugaresti\/","og_site_name":"Muzeul Viticulturii si Pomiculturii Golesti","article_publisher":"https:\/\/web.facebook.com\/www.muzeulgolesti.ro","article_modified_time":"2020-06-12T09:15:47+00:00","twitter_card":"summary_large_image","twitter_misc":{"Estimated reading time":"9 minutes"},"schema":{"@context":"https:\/\/schema.org","@graph":[{"@type":"WebPage","@id":"https:\/\/muzeulgolesti.ro\/ro\/ateliere-mestesugaresti\/","url":"https:\/\/muzeulgolesti.ro\/ro\/ateliere-mestesugaresti\/","name":"The craft workshops","isPartOf":{"@id":"https:\/\/muzeulgolesti.ro\/ro\/#website"},"datePublished":"2020-04-03T08:09:46+00:00","dateModified":"2020-06-12T09:15:47+00:00","description":"The craft workshops","breadcrumb":{"@id":"https:\/\/muzeulgolesti.ro\/ro\/ateliere-mestesugaresti\/#breadcrumb"},"inLanguage":"en-GB","potentialAction":[{"@type":"ReadAction","target":["https:\/\/muzeulgolesti.ro\/ro\/ateliere-mestesugaresti\/"]}]},{"@type":"BreadcrumbList","@id":"https:\/\/muzeulgolesti.ro\/ro\/ateliere-mestesugaresti\/#breadcrumb","itemListElement":[{"@type":"ListItem","position":1,"name":"Prima pagin\u0103","item":"https:\/\/muzeulgolesti.ro\/ro\/"},{"@type":"ListItem","position":2,"name":"ATELIERE ME\u0218TE\u0218UG\u0102RE\u0218TI"}]},{"@type":"WebSite","@id":"https:\/\/muzeulgolesti.ro\/ro\/#website","url":"https:\/\/muzeulgolesti.ro\/ro\/","name":"Muzeul Vititculturii si Pomiculturii Golesti","description":"Cultura, Etnografie, Istorie - Muzeul Vititculturii si Pomiculturii Golesti","publisher":{"@id":"https:\/\/muzeulgolesti.ro\/ro\/#organization"},"potentialAction":[{"@type":"SearchAction","target":{"@type":"EntryPoint","urlTemplate":"https:\/\/muzeulgolesti.ro\/ro\/?s={search_term_string}"},"query-input":{"@type":"PropertyValueSpecification","valueRequired":true,"valueName":"search_term_string"}}],"inLanguage":"en-GB"},{"@type":"Organization","@id":"https:\/\/muzeulgolesti.ro\/ro\/#organization","name":"Muzeul Vititculturii si Pomiculturii Golesti","url":"https:\/\/muzeulgolesti.ro\/ro\/","logo":{"@type":"ImageObject","inLanguage":"en-GB","@id":"https:\/\/muzeulgolesti.ro\/ro\/#\/schema\/logo\/image\/","url":"https:\/\/muzeulgolesti.ro\/wp-content\/uploads\/2022\/11\/SiglaMuzeu.jpg","contentUrl":"https:\/\/muzeulgolesti.ro\/wp-content\/uploads\/2022\/11\/SiglaMuzeu.jpg","width":86,"height":50,"caption":"Muzeul Vititculturii si Pomiculturii Golesti"},"image":{"@id":"https:\/\/muzeulgolesti.ro\/ro\/#\/schema\/logo\/image\/"},"sameAs":["https:\/\/web.facebook.com\/www.muzeulgolesti.ro"]}]}},"_links":{"self":[{"href":"https:\/\/muzeulgolesti.ro\/en\/wp-json\/wp\/v2\/pages\/3360","targetHints":{"allow":["GET"]}}],"collection":[{"href":"https:\/\/muzeulgolesti.ro\/en\/wp-json\/wp\/v2\/pages"}],"about":[{"href":"https:\/\/muzeulgolesti.ro\/en\/wp-json\/wp\/v2\/types\/page"}],"author":[{"embeddable":true,"href":"https:\/\/muzeulgolesti.ro\/en\/wp-json\/wp\/v2\/users\/4"}],"replies":[{"embeddable":true,"href":"https:\/\/muzeulgolesti.ro\/en\/wp-json\/wp\/v2\/comments?post=3360"}],"version-history":[{"count":5,"href":"https:\/\/muzeulgolesti.ro\/en\/wp-json\/wp\/v2\/pages\/3360\/revisions"}],"predecessor-version":[{"id":4470,"href":"https:\/\/muzeulgolesti.ro\/en\/wp-json\/wp\/v2\/pages\/3360\/revisions\/4470"}],"wp:attachment":[{"href":"https:\/\/muzeulgolesti.ro\/en\/wp-json\/wp\/v2\/media?parent=3360"}],"curies":[{"name":"wp","href":"https:\/\/api.w.org\/{rel}","templated":true}]}}