{"id":3649,"date":"2020-04-11T05:47:40","date_gmt":"2020-04-11T05:47:40","guid":{"rendered":"https:\/\/muzeulgolesti.ro\/?page_id=3649"},"modified":"2024-08-05T07:19:46","modified_gmt":"2024-08-05T07:19:46","slug":"date-personale-2","status":"publish","type":"page","link":"https:\/\/muzeulgolesti.ro\/en\/date-personale-2\/","title":{"rendered":"Date personale"},"content":{"rendered":"<div class=\"fusion-fullwidth fullwidth-box fusion-builder-row-1 nonhundred-percent-fullwidth non-hundred-percent-height-scrolling\" style=\"--awb-border-radius-top-left:0px;--awb-border-radius-top-right:0px;--awb-border-radius-bottom-right:0px;--awb-border-radius-bottom-left:0px;--awb-flex-wrap:wrap;\" ><div class=\"fusion-builder-row fusion-row\"><div class=\"fusion-layout-column fusion_builder_column fusion-builder-column-0 fusion_builder_column_1_1 1_1 fusion-one-full fusion-column-first fusion-column-last\" style=\"--awb-bg-size:cover;\"><div class=\"fusion-column-wrapper fusion-column-has-shadow fusion-flex-column-wrapper-legacy\"><div class=\"fusion-text fusion-text-1\"><p style=\"text-align: center;\"><strong>EXTRAS<\/strong><\/p>\n<p style=\"text-align: center;\"><strong>POLITICA DE PRELUCRARE A DATELOR CU CARACTER PERSONAL <\/strong><\/p>\n<p style=\"text-align: center;\"><strong>A MUZEULUI VITICULTURII \u0218I POMICULTURII GOLE\u0218TI<\/strong><\/p>\n<p style=\"text-align: center;\"><strong>Actualizat la 29 iulie 2024\u00a0<\/strong><\/p>\n<p><strong>\u00a0<\/strong><\/p>\n<p><strong>\u00a0<\/strong><\/p>\n<p><strong>\u00a0<\/strong><\/p>\n<p><strong>Pentru vizitatorii muzeului, participan\u021bii la evenimentele desf\u0103\u0219urate de c\u0103tre institu\u021bie, beneficiarii\/participan\u021bii la atelierele\/taberele de crea\u021bie sau la concursurile ini\u021biate de c\u0103tre Muzeului Viticulturii \u0219i Pomiculturii Gole\u0219ti<\/strong><\/p>\n<p><strong>\u00a0<\/strong><\/p>\n<p><strong>\u00a0<\/strong><\/p>\n<ul>\n<li><strong>Colect\u0103m \u0219i prelucr\u0103m<\/strong> datele dumneavoastr\u0103 cu caracter personal atunci c\u00e2nd interac\u021biona\u021bi cu noi \u00een vederea ob\u0163inerii de informa\u0163ii specifice activit\u0103\u0163ii noastre. Informa\u021biile furnizate de dumneavoastr\u0103 pot include numele, prenumele, adresa de e-mail, num\u0103rul de telefon, v\u00e2rsta, sexul, nivelul de studii, ocupa\u021bia, imaginea, vocea.<\/li>\n<li><strong>Nu colect\u0103m \u015fi nu solicit\u0103m<\/strong>, \u00een vederea prelucr\u0103rii, date cu caracter personal sensibile legate de dumneavoastr\u0103 (de exemplu: CNP-ul, informa\u021bii despre origine rasial\u0103 sau etnic\u0103, opinii politice, confesiune religioas\u0103, s\u0103n\u0103tate etc.).<\/li>\n<li><strong>Scopul prelucr\u0103rii.<\/strong><\/li>\n<\/ul>\n<p>Vom prelucra datele dumneavoastr\u0103 cu caracter personal doar cu consim\u021b\u0103m\u00e2ntul dumneavoastr\u0103 exprimat \u00een mod transparent.<br \/>\nPutem prelucra datele dumneavoastr\u0103 cu caracter personal \u00een cazul \u00een care trebuie s\u0103 comunic\u0103m cu dumneavoastr\u0103 \u00een vederea:<\/p>\n<ul>\n<li>Inform\u0103rii cu privire la evenimentele pe care le organiz\u0103m (expozi\u021bii, concerte, tabere \u0219i ateliere de crea\u021bie etc.);<\/li>\n<li>Promov\u0103rii institu\u021biei \u0219i a activit\u0103\u021bilor acesteia;<\/li>\n<li>\u00cen interes legitim, pentru siguran\u021ba dumneavoastr\u0103, a angaja\u021bilor \u0219i a patrimoniului pe care \u00eel gestion\u0103m (\u00een cazul imaginilor furnizate de sistemul de supraveghere video);<\/li>\n<li>Realiz\u0103rii de cercet\u0103ri \u0219tiin\u021bifice sau de marketing;<\/li>\n<li><strong>Datele pot fi transmise<\/strong> unor ter\u021bi numai cu respectarea legii, justificat, ca de exemplu organelor de control sau celor de cercetare penal\u0103, \u00een interes public sau \u00een interes legitim al institu\u021biei.<\/li>\n<li><strong>Drepturile dumneavoastr\u0103<\/strong><\/li>\n<\/ul>\n<p>Pute\u021bi s\u0103 ne solicita\u021bi informa\u0163ii despre datele dumneavoastr\u0103 cu caracter personal, dac\u0103 sunt sau nu prelucrate de noi, s\u0103 v\u0103 furniz\u0103m o copie a datelor dumneavoastr\u0103 cu caracter personal \u0219i\/sau s\u0103 le corect\u0103m.<\/p>\n<p>\u00cen anumite circumstan\u021be, ave\u021bi dreptul s\u0103 ne solicita\u021bi s\u0103 \u0219tergem datele dumneavoastr\u0103 cu caracter personal sau, \u00een baza dreptului la portabilitate, s\u0103 ne cere\u021bi s\u0103 transfer\u0103m o parte din datele dumneavoastr\u0103 cu caracter personal c\u0103tre dumneavoastr\u0103 sau c\u0103tre alte entit\u0103\u021bi.<\/p>\n<p>Ave\u021bi, de asemenea, dreptul de a v\u0103 opune unor prelucr\u0103ri (totale sau par\u021biale) ale datelor dumneavoastr\u0103 cu caracter personal.<\/p>\n<ul>\n<li><strong>Retragerea consim\u021b\u0103m\u00e2ntului<\/strong><\/li>\n<\/ul>\n<p>Ve\u021bi putea s\u0103 v\u0103 retrage\u021bi consim\u021b\u0103m\u00e2ntul \u00een orice moment prin intermediul adresei de e-mail: <a href=\"mailto:gdpr@muzeulgolesti.ro\">gdpr@muzeulgolesti.ro<\/a> sau prin folosirea butonului de dezabonare de la newsletter.<\/p>\n<p>Cu toate acestea, retragerea consim\u0163\u0103m\u00e2ntului nu va afecta legalitatea niciunei prelucr\u0103ri care a avut loc \u00eenainte de retragerea acestuia.<\/p>\n<ul>\n<li><strong>Stocarea datelor. <\/strong><\/li>\n<li><strong>Informa\u021biile cu caracter personal (nume \u0219i prenume, nr. de telefon, adres\u0103 de email, ID de Facebook sau Instagram) pe care le furniza\u021bi prin telefon\/email cu privire la participarea Dvs. la vizite sau alte activit\u0103\u021bi ale institu\u021biei sunt stocate pentru o perioad\u0103 de 1 an.<\/strong><\/li>\n<li><strong>Informa\u021biile cu caracter personal pe care le furniza\u021bi cu ocazia complet\u0103rii sondajelor de monitorizare a satisfac\u021biei clien\u021bilor sunt stocate \u0219i prelucrate pe o perioad\u0103 de minim 3 ani.<\/strong><\/li>\n<li><strong>Imaginile (fotografii) \u0219i\/sau \u00eenregistr\u0103rile audio-video r\u0103m\u00e2n \u00een arhiva institu\u021biei pentru documentarea activit\u0103\u021bilor acesteia \u0219i pentru promovare.<\/strong><\/li>\n<li><strong>Imaginile din sistemul de supraveghere video de stocheaz\u0103 pentru o perioad\u0103 de 21 zile.<\/strong><\/li>\n<li><strong>Securitatea datelor. <\/strong>Folosim m\u0103suri tehnice \u0219i organizatorice adecvate, menite s\u0103 protejeze datele cu caracter personal \u0219i s\u0103 \u00eempiedice accesul neautorizat.<\/li>\n<\/ul>\n<p><strong>Date de contact<\/strong><\/p>\n<p>\u00centreb\u0103rile, solicit\u0103rile, cererile, pl\u00e2ngerile cu privire la protec\u021bia \u0219i prelucrarea datelor cu caracter personal pot fi adresate Responsabilului <strong>(DPO) &#8211; C\u0102LIN CAMELIA<\/strong> desemnat \u00een acest scop, prin:<\/p>\n<ul>\n<li>e-mail: <a href=\"mailto:gdpr@muzeulgolesti.ro\"><strong>gdpr@muzeulgolesti.ro<\/strong><\/a><strong>;<\/strong><\/li>\n<li>po\u0219t\u0103: strada Radu Golescu, nr. 34, ora\u0219 \u0218tef\u0103ne\u0219ti, jude\u021bul Arge\u0219, cod po\u0219tal: 117717.<\/li>\n<li>telefon: 0248.266.364<\/li>\n<\/ul>\n<p>\u00cen cazul \u00een care considera\u021bi c\u0103 r\u0103spunsul la solicitarea dumneavoastr\u0103 nu a fost satisf\u0103c\u0103tor, v\u0103 pute\u021bi adresa Autorit\u0103\u021bii Na\u021bionale de Supraveghere a Prelucr\u0103rii Datelor cu Caracter Personal, bulevardul Gheorghe Magheru, nr. 28-30, sector 1, Bucure\u0219ti, cod po\u0219tal 010336, <a href=\"http:\/\/www.dataprotection.ro\">www.dataprotection.ro<\/a><\/p>\n<\/div><div class=\"fusion-clearfix\"><\/div><\/div><\/div><\/div><\/div>\n","protected":false},"excerpt":{"rendered":"","protected":false},"author":4,"featured_media":0,"parent":0,"menu_order":0,"comment_status":"closed","ping_status":"closed","template":"","meta":{"footnotes":""},"class_list":["post-3649","page","type-page","status-publish","hentry"],"yoast_head":"<!-- This site is optimized with the Yoast SEO plugin v27.4 - https:\/\/yoast.com\/product\/yoast-seo-wordpress\/ -->\n<title>Date personale<\/title>\n<meta name=\"description\" content=\"Date personale\" \/>\n<meta name=\"robots\" content=\"index, follow, max-snippet:-1, max-image-preview:large, max-video-preview:-1\" \/>\n<link rel=\"canonical\" href=\"https:\/\/muzeulgolesti.ro\/en\/date-personale-2\/\" \/>\n<meta property=\"og:locale\" content=\"en_GB\" \/>\n<meta property=\"og:locale:alternate\" content=\"ro_RO\" \/>\n<meta property=\"og:type\" content=\"article\" \/>\n<meta property=\"og:title\" content=\"Date personale\" \/>\n<meta property=\"og:description\" content=\"Date personale\" \/>\n<meta property=\"og:url\" content=\"https:\/\/muzeulgolesti.ro\/en\/date-personale-2\/\" \/>\n<meta property=\"og:site_name\" content=\"Muzeul Viticulturii si Pomiculturii Golesti\" \/>\n<meta property=\"article:publisher\" content=\"https:\/\/web.facebook.com\/www.muzeulgolesti.ro\" \/>\n<meta property=\"article:modified_time\" content=\"2024-08-05T07:19:46+00:00\" \/>\n<meta name=\"twitter:card\" content=\"summary_large_image\" \/>\n<meta name=\"twitter:label1\" content=\"Estimated reading time\" \/>\n\t<meta name=\"twitter:data1\" content=\"4 minutes\" \/>\n<script type=\"application\/ld+json\" class=\"yoast-schema-graph\">{\"@context\":\"https:\\\/\\\/schema.org\",\"@graph\":[{\"@type\":\"WebPage\",\"@id\":\"https:\\\/\\\/muzeulgolesti.ro\\\/ro\\\/date-personale-2\\\/\",\"url\":\"https:\\\/\\\/muzeulgolesti.ro\\\/ro\\\/date-personale-2\\\/\",\"name\":\"Date personale\",\"isPartOf\":{\"@id\":\"https:\\\/\\\/muzeulgolesti.ro\\\/ro\\\/#website\"},\"datePublished\":\"2020-04-11T05:47:40+00:00\",\"dateModified\":\"2024-08-05T07:19:46+00:00\",\"description\":\"Date personale\",\"breadcrumb\":{\"@id\":\"https:\\\/\\\/muzeulgolesti.ro\\\/ro\\\/date-personale-2\\\/#breadcrumb\"},\"inLanguage\":\"en-GB\",\"potentialAction\":[{\"@type\":\"ReadAction\",\"target\":[\"https:\\\/\\\/muzeulgolesti.ro\\\/ro\\\/date-personale-2\\\/\"]}]},{\"@type\":\"BreadcrumbList\",\"@id\":\"https:\\\/\\\/muzeulgolesti.ro\\\/ro\\\/date-personale-2\\\/#breadcrumb\",\"itemListElement\":[{\"@type\":\"ListItem\",\"position\":1,\"name\":\"Prima pagin\u0103\",\"item\":\"https:\\\/\\\/muzeulgolesti.ro\\\/ro\\\/\"},{\"@type\":\"ListItem\",\"position\":2,\"name\":\"Date personale\"}]},{\"@type\":\"WebSite\",\"@id\":\"https:\\\/\\\/muzeulgolesti.ro\\\/ro\\\/#website\",\"url\":\"https:\\\/\\\/muzeulgolesti.ro\\\/ro\\\/\",\"name\":\"Muzeul Vititculturii si Pomiculturii Golesti\",\"description\":\"Cultura, Etnografie, Istorie - Muzeul Vititculturii si Pomiculturii Golesti\",\"publisher\":{\"@id\":\"https:\\\/\\\/muzeulgolesti.ro\\\/ro\\\/#organization\"},\"potentialAction\":[{\"@type\":\"SearchAction\",\"target\":{\"@type\":\"EntryPoint\",\"urlTemplate\":\"https:\\\/\\\/muzeulgolesti.ro\\\/ro\\\/?s={search_term_string}\"},\"query-input\":{\"@type\":\"PropertyValueSpecification\",\"valueRequired\":true,\"valueName\":\"search_term_string\"}}],\"inLanguage\":\"en-GB\"},{\"@type\":\"Organization\",\"@id\":\"https:\\\/\\\/muzeulgolesti.ro\\\/ro\\\/#organization\",\"name\":\"Muzeul Vititculturii si Pomiculturii Golesti\",\"url\":\"https:\\\/\\\/muzeulgolesti.ro\\\/ro\\\/\",\"logo\":{\"@type\":\"ImageObject\",\"inLanguage\":\"en-GB\",\"@id\":\"https:\\\/\\\/muzeulgolesti.ro\\\/ro\\\/#\\\/schema\\\/logo\\\/image\\\/\",\"url\":\"https:\\\/\\\/muzeulgolesti.ro\\\/wp-content\\\/uploads\\\/2022\\\/11\\\/SiglaMuzeu.jpg\",\"contentUrl\":\"https:\\\/\\\/muzeulgolesti.ro\\\/wp-content\\\/uploads\\\/2022\\\/11\\\/SiglaMuzeu.jpg\",\"width\":86,\"height\":50,\"caption\":\"Muzeul Vititculturii si Pomiculturii Golesti\"},\"image\":{\"@id\":\"https:\\\/\\\/muzeulgolesti.ro\\\/ro\\\/#\\\/schema\\\/logo\\\/image\\\/\"},\"sameAs\":[\"https:\\\/\\\/web.facebook.com\\\/www.muzeulgolesti.ro\"]}]}<\/script>\n<!-- \/ Yoast SEO plugin. -->","yoast_head_json":{"title":"Date personale","description":"[:ro]Date personale[:] - Muzeul Viticulturii si Pomiculturii Golesti","robots":{"index":"index","follow":"follow","max-snippet":"max-snippet:-1","max-image-preview":"max-image-preview:large","max-video-preview":"max-video-preview:-1"},"canonical":"https:\/\/muzeulgolesti.ro\/en\/date-personale-2\/","og_locale":"en_GB","og_type":"article","og_title":"[:ro]Date personale[:] - Muzeul Viticulturii si Pomiculturii Golesti","og_description":"[:ro]Date personale[:] - Muzeul Viticulturii si Pomiculturii Golesti","og_url":"https:\/\/muzeulgolesti.ro\/en\/date-personale-2\/","og_site_name":"Muzeul Viticulturii si Pomiculturii Golesti","article_publisher":"https:\/\/web.facebook.com\/www.muzeulgolesti.ro","article_modified_time":"2024-08-05T07:19:46+00:00","twitter_card":"summary_large_image","twitter_misc":{"Estimated reading time":"4 minutes"},"schema":{"@context":"https:\/\/schema.org","@graph":[{"@type":"WebPage","@id":"https:\/\/muzeulgolesti.ro\/ro\/date-personale-2\/","url":"https:\/\/muzeulgolesti.ro\/ro\/date-personale-2\/","name":"Date personale","isPartOf":{"@id":"https:\/\/muzeulgolesti.ro\/ro\/#website"},"datePublished":"2020-04-11T05:47:40+00:00","dateModified":"2024-08-05T07:19:46+00:00","description":"Date personale","breadcrumb":{"@id":"https:\/\/muzeulgolesti.ro\/ro\/date-personale-2\/#breadcrumb"},"inLanguage":"en-GB","potentialAction":[{"@type":"ReadAction","target":["https:\/\/muzeulgolesti.ro\/ro\/date-personale-2\/"]}]},{"@type":"BreadcrumbList","@id":"https:\/\/muzeulgolesti.ro\/ro\/date-personale-2\/#breadcrumb","itemListElement":[{"@type":"ListItem","position":1,"name":"Prima pagin\u0103","item":"https:\/\/muzeulgolesti.ro\/ro\/"},{"@type":"ListItem","position":2,"name":"Date personale"}]},{"@type":"WebSite","@id":"https:\/\/muzeulgolesti.ro\/ro\/#website","url":"https:\/\/muzeulgolesti.ro\/ro\/","name":"Muzeul Vititculturii si Pomiculturii Golesti","description":"Cultura, Etnografie, Istorie - Muzeul Vititculturii si Pomiculturii Golesti","publisher":{"@id":"https:\/\/muzeulgolesti.ro\/ro\/#organization"},"potentialAction":[{"@type":"SearchAction","target":{"@type":"EntryPoint","urlTemplate":"https:\/\/muzeulgolesti.ro\/ro\/?s={search_term_string}"},"query-input":{"@type":"PropertyValueSpecification","valueRequired":true,"valueName":"search_term_string"}}],"inLanguage":"en-GB"},{"@type":"Organization","@id":"https:\/\/muzeulgolesti.ro\/ro\/#organization","name":"Muzeul Vititculturii si Pomiculturii Golesti","url":"https:\/\/muzeulgolesti.ro\/ro\/","logo":{"@type":"ImageObject","inLanguage":"en-GB","@id":"https:\/\/muzeulgolesti.ro\/ro\/#\/schema\/logo\/image\/","url":"https:\/\/muzeulgolesti.ro\/wp-content\/uploads\/2022\/11\/SiglaMuzeu.jpg","contentUrl":"https:\/\/muzeulgolesti.ro\/wp-content\/uploads\/2022\/11\/SiglaMuzeu.jpg","width":86,"height":50,"caption":"Muzeul Vititculturii si Pomiculturii Golesti"},"image":{"@id":"https:\/\/muzeulgolesti.ro\/ro\/#\/schema\/logo\/image\/"},"sameAs":["https:\/\/web.facebook.com\/www.muzeulgolesti.ro"]}]}},"_links":{"self":[{"href":"https:\/\/muzeulgolesti.ro\/en\/wp-json\/wp\/v2\/pages\/3649","targetHints":{"allow":["GET"]}}],"collection":[{"href":"https:\/\/muzeulgolesti.ro\/en\/wp-json\/wp\/v2\/pages"}],"about":[{"href":"https:\/\/muzeulgolesti.ro\/en\/wp-json\/wp\/v2\/types\/page"}],"author":[{"embeddable":true,"href":"https:\/\/muzeulgolesti.ro\/en\/wp-json\/wp\/v2\/users\/4"}],"replies":[{"embeddable":true,"href":"https:\/\/muzeulgolesti.ro\/en\/wp-json\/wp\/v2\/comments?post=3649"}],"version-history":[{"count":3,"href":"https:\/\/muzeulgolesti.ro\/en\/wp-json\/wp\/v2\/pages\/3649\/revisions"}],"predecessor-version":[{"id":6555,"href":"https:\/\/muzeulgolesti.ro\/en\/wp-json\/wp\/v2\/pages\/3649\/revisions\/6555"}],"wp:attachment":[{"href":"https:\/\/muzeulgolesti.ro\/en\/wp-json\/wp\/v2\/media?parent=3649"}],"curies":[{"name":"wp","href":"https:\/\/api.w.org\/{rel}","templated":true}]}}