{"id":3653,"date":"2020-04-11T05:49:24","date_gmt":"2020-04-11T05:49:24","guid":{"rendered":"https:\/\/muzeulgolesti.ro\/?page_id=3653"},"modified":"2022-12-30T21:25:54","modified_gmt":"2022-12-30T21:25:54","slug":"cercetare","status":"publish","type":"page","link":"https:\/\/muzeulgolesti.ro\/en\/cercetare\/","title":{"rendered":"Cercetare"},"content":{"rendered":"<div class=\"fusion-fullwidth fullwidth-box fusion-builder-row-1 nonhundred-percent-fullwidth non-hundred-percent-height-scrolling\" style=\"--awb-border-radius-top-left:0px;--awb-border-radius-top-right:0px;--awb-border-radius-bottom-right:0px;--awb-border-radius-bottom-left:0px;--awb-flex-wrap:wrap;\" ><div class=\"fusion-builder-row fusion-row\"><div class=\"fusion-layout-column fusion_builder_column fusion-builder-column-0 fusion_builder_column_1_1 1_1 fusion-one-full fusion-column-first fusion-column-last\" style=\"--awb-bg-size:cover;\"><div class=\"fusion-column-wrapper fusion-column-has-shadow fusion-flex-column-wrapper-legacy\"><div class=\"fusion-text fusion-text-1\"><p style=\"text-align: center;\"><strong>5 PS\/2019 Metode \u0219i tehnici inovative pentru evaluarea interven\u021biilor de conservare-restaurare \u0219i urm\u0103rirea de conservare a construc\u021biilor tradi\u021bionale din Rom\u00e2nia<\/strong><\/p>\n<p style=\"text-align: center;\"><strong>&#8211; un proiect finan\u021bat de Ministerul Educa\u021biei \u0219i Cercet\u0103rii &#8211;<\/strong><\/p>\n<p>Conservarea patrimoniului din mediul rural, \u00een particular a celui construit este, \u00een contextul interna\u021bional actual, o necesitate care se impune at\u00e2t comunit\u0103\u021bii \u0219tiin\u021bifice, c\u00e2t \u0219i comunit\u0103\u021bilor locale din Rom\u00e2nia. Asigurarea \u0219i implementarea \u00een practic\u0103 a metodelor \u0219i mijloacelor de evaluare a calit\u0103\u021bii materialelor \u0219i interven\u021biilor de conservare \u0219i\/sau restaurare, de urm\u0103rire \u00een timp a factorilor de risc\u00a0(mediu, microclimat, antropici)\u00a0\u0219i a\u00a0st\u0103rii de conservare a construc\u021biilor tradi\u021bionale din Romania, av\u00e2nd la baza tehnici \u0219tiin\u021bifice avansate \u0219i respect\u00e2nd principiile\u00a0este obiectivul principal al proiectului \u0219i\u00a0urm\u0103re\u0219te\u00a0\u00een\u021belegerea fenomenelor de degradare \u00een vederea unor m\u0103suri de conservare preventiv\u0103 a monumentelor situate \u00een spa\u021biul rural, reducerea riscului folosirii unor materiale necorespunz\u0103toare \u00een cazul conserv\u0103rii \u0219i restaur\u0103rii acestor monumente, con\u0219tientizarea proprietarilor monumentelor istorice privind importan\u021ba \u0219i necesitatea \u00eentre\u021binerii corecte a acestora \u0219i evitarea folosirii unor materiale incompatibile \u0219i ireversibile.<\/p>\n<p>\u00cen cadrul proiectului,\u00a0<strong>Muzeul Viticulturii \u0219i Pomiculturii Gole\u0219ti<\/strong>\u00a0a fost gazda re\u021belei pilot de monitorizare a construc\u021biilor tradi\u021bionale \u0219i a cercet\u0103torilor de la INOE, CEPROCIM \u0219i ICECHIM care au studiat obiectivele selectate &#8211; at\u00e2t prin utilizarea unor tehnologii non-invazive, c\u00e2t \u0219i prin prelevarea de probe pentru analize de laborator. Deplasarea pe teren \u0219i evaluarea construc\u021biilor tradi\u021bionale de patrimoniu din jude\u021bul Arge\u0219 a reprezentat un obiectiv fundamental. Rezultatele acestei cercet\u0103ri, la care s-au ad\u0103ugat cele ale unei intense activit\u0103\u021bi de documentare cu privire la patrimoniul rural na\u021bional, au fost str\u00e2nse \u00een volumul PATRIMONIUL TRADI\u021aIONAL CONSTRUIT DIN JUDE\u021aUL ARGE\u0218. RAPORT SINTETIC pe care \u00eel punem la dispozi\u021bia celor interesa\u021bi prin intermediul acestui site. Al\u0103turi de acesta, Muzeul Gole\u0219ti a editat o bro\u0219ur\u0103 de prezentare a proiectului (consor\u021biu, obiective, tehnologii, cercet\u0103ri realizate). Rezultatele proiectului au fost dezb\u0103tute \u00een cadrul a dou\u0103 conferin\u021be organizate de c\u0103tre muzeu. Prima a avut loc \u00een faza I, pe 28 noiembrie 2019, \u00een sala de conferin\u021be a Conacului Gole\u0219ti, iar cea de-a doua, a avut loc on-line, pe 27 noiembrie 2020. Au participat speciali\u0219ti din domeniul protej\u0103rii patrimoniului tradi\u021bional: directori de muzee, cercet\u0103tori, muzeografi, func\u021bionari ai direc\u021biilor jude\u021bene pentru cultur\u0103, ai Ministerului Culturii, reprezntan\u021bi ai societ\u0103\u021bii civile.<\/p>\n<p>\u00cenregistrarea dezbaterii on-line poate fi accesat\u0103 aici:\u00a0<a href=\"https:\/\/www.youtube.com\/watch?v=8CBRmRW25Ug\">https:\/\/www.youtube.com\/watch?v=8CBRmRW25Ug<\/a><\/p>\n<p>Fimul realiz\u0103rii proiectului poate fi v\u0103zut aici:\u00a0<a href=\"https:\/\/www.youtube.com\/watch?v=kdF_scdLIcc&#038;t=167s\">https:\/\/www.youtube.com\/watch?v=kdF_scdLIcc&#038;t=167s<\/a><\/p>\n<\/div><div class=\"fusion-section-separator section-separator triangle fusion-section-separator-1\" style=\"--awb-border-top:1px solid var(--awb-color3);--awb-spacer-height:1px;--awb-svg-margin-left:0;--awb-svg-margin-right:0;--awb-icon-color:var(--awb-color1);\"><div class=\"fusion-section-separator-svg\"><div class=\"divider-candy-arrow top\" style=\"bottom:0px;border-bottom-color: var(--awb-color2);\"><\/div><div class=\"divider-candy top\" style=\"top:-21px;border-bottom:1px solid var(--awb-color3);border-left:1px solid var(--awb-color3);\"><\/div><\/div><div class=\"fusion-section-separator-spacer\"><div class=\"fusion-section-separator-spacer-height\"><\/div><\/div><\/div><div class=\"fusion-text fusion-text-2\"><p><a href=\"https:\/\/muzeulgolesti.ro\/wp-content\/uploads\/2022\/12\/brosura_A4_faza_II.pdf\">brosura_A4_faza_II<\/a><\/p>\n<p><a href=\"https:\/\/muzeulgolesti.ro\/wp-content\/uploads\/2022\/12\/raport_consultare_on-line_public_si_institutii.pdf\">raport_consultare_on-line_public_si_institutii<\/a><\/p>\n<p><a href=\"https:\/\/muzeulgolesti.ro\/wp-content\/uploads\/2022\/12\/01_Raport_patrimoniul_traditional_construit_capitolele_1_si_2.pdf\">01_Raport_patrimoniul_traditional_construit_capitolele_1_si_2<\/a><\/p>\n<p><a href=\"https:\/\/muzeulgolesti.ro\/wp-content\/uploads\/2022\/12\/02_Raport_patrimoniul_traditional_construit__capitolul_3.pdf\">02_Raport_patrimoniul_traditional_construit__capitolul_3<\/a><\/p>\n<p><a href=\"https:\/\/muzeulgolesti.ro\/wp-content\/uploads\/2022\/12\/03_Raport_patrimoniul_traditional_construit_capitolul_4.pdf\">03_Raport_patrimoniul_traditional_construit_capitolul_4<\/a><\/p>\n<p><a href=\"https:\/\/muzeulgolesti.ro\/wp-content\/uploads\/2022\/12\/04_Raport_patrimoniul_tradtional_construit_capitolul_5.pdf\">04_Raport_patrimoniul_tradtional_construit_capitolul_5<\/a><\/p>\n<p><a href=\"https:\/\/muzeulgolesti.ro\/wp-content\/uploads\/2022\/12\/05_Raport_patrimoniul_tradi_ional_construit_capitolul_6.pdf\">05_Raport_patrimoniul_tradi_ional_construit_capitolul_6<\/a><\/p>\n<p><a href=\"https:\/\/muzeulgolesti.ro\/wp-content\/uploads\/2022\/12\/Cinci_modele_de_constructii_traditionale-factori_de_degradare_si_fise_analitice_de_evidenta.pdf\">Cinci_modele_de_constructii_traditionale-factori_de_degradare_si_fise_analitice_de_evidenta<\/a><\/p>\n<\/div><div class=\"fusion-clearfix\"><\/div><\/div><\/div><\/div><\/div>\n","protected":false},"excerpt":{"rendered":"","protected":false},"author":4,"featured_media":0,"parent":0,"menu_order":0,"comment_status":"closed","ping_status":"closed","template":"","meta":{"footnotes":""},"class_list":["post-3653","page","type-page","status-publish","hentry"],"yoast_head":"<!-- This site is optimized with the Yoast SEO plugin v27.4 - https:\/\/yoast.com\/product\/yoast-seo-wordpress\/ -->\n<title>Cercetare<\/title>\n<meta name=\"description\" content=\"Cercetare\" \/>\n<meta name=\"robots\" content=\"index, follow, max-snippet:-1, max-image-preview:large, max-video-preview:-1\" \/>\n<link rel=\"canonical\" href=\"https:\/\/muzeulgolesti.ro\/en\/cercetare\/\" \/>\n<meta property=\"og:locale\" content=\"en_GB\" \/>\n<meta property=\"og:locale:alternate\" content=\"ro_RO\" \/>\n<meta property=\"og:type\" content=\"article\" \/>\n<meta property=\"og:title\" content=\"Cercetare\" \/>\n<meta property=\"og:description\" content=\"Cercetare\" \/>\n<meta property=\"og:url\" content=\"https:\/\/muzeulgolesti.ro\/en\/cercetare\/\" \/>\n<meta property=\"og:site_name\" content=\"Muzeul Viticulturii si Pomiculturii Golesti\" \/>\n<meta property=\"article:publisher\" content=\"https:\/\/web.facebook.com\/www.muzeulgolesti.ro\" \/>\n<meta property=\"article:modified_time\" content=\"2022-12-30T21:25:54+00:00\" \/>\n<meta name=\"twitter:card\" content=\"summary_large_image\" \/>\n<meta name=\"twitter:label1\" content=\"Estimated reading time\" \/>\n\t<meta name=\"twitter:data1\" content=\"3 minutes\" \/>\n<script type=\"application\/ld+json\" class=\"yoast-schema-graph\">{\"@context\":\"https:\\\/\\\/schema.org\",\"@graph\":[{\"@type\":\"WebPage\",\"@id\":\"https:\\\/\\\/muzeulgolesti.ro\\\/ro\\\/cercetare\\\/\",\"url\":\"https:\\\/\\\/muzeulgolesti.ro\\\/ro\\\/cercetare\\\/\",\"name\":\"Cercetare\",\"isPartOf\":{\"@id\":\"https:\\\/\\\/muzeulgolesti.ro\\\/ro\\\/#website\"},\"datePublished\":\"2020-04-11T05:49:24+00:00\",\"dateModified\":\"2022-12-30T21:25:54+00:00\",\"description\":\"Cercetare\",\"breadcrumb\":{\"@id\":\"https:\\\/\\\/muzeulgolesti.ro\\\/ro\\\/cercetare\\\/#breadcrumb\"},\"inLanguage\":\"en-GB\",\"potentialAction\":[{\"@type\":\"ReadAction\",\"target\":[\"https:\\\/\\\/muzeulgolesti.ro\\\/ro\\\/cercetare\\\/\"]}]},{\"@type\":\"BreadcrumbList\",\"@id\":\"https:\\\/\\\/muzeulgolesti.ro\\\/ro\\\/cercetare\\\/#breadcrumb\",\"itemListElement\":[{\"@type\":\"ListItem\",\"position\":1,\"name\":\"Prima pagin\u0103\",\"item\":\"https:\\\/\\\/muzeulgolesti.ro\\\/ro\\\/\"},{\"@type\":\"ListItem\",\"position\":2,\"name\":\"Cercetare\"}]},{\"@type\":\"WebSite\",\"@id\":\"https:\\\/\\\/muzeulgolesti.ro\\\/ro\\\/#website\",\"url\":\"https:\\\/\\\/muzeulgolesti.ro\\\/ro\\\/\",\"name\":\"Muzeul Vititculturii si Pomiculturii Golesti\",\"description\":\"Cultura, Etnografie, Istorie - Muzeul Vititculturii si Pomiculturii Golesti\",\"publisher\":{\"@id\":\"https:\\\/\\\/muzeulgolesti.ro\\\/ro\\\/#organization\"},\"potentialAction\":[{\"@type\":\"SearchAction\",\"target\":{\"@type\":\"EntryPoint\",\"urlTemplate\":\"https:\\\/\\\/muzeulgolesti.ro\\\/ro\\\/?s={search_term_string}\"},\"query-input\":{\"@type\":\"PropertyValueSpecification\",\"valueRequired\":true,\"valueName\":\"search_term_string\"}}],\"inLanguage\":\"en-GB\"},{\"@type\":\"Organization\",\"@id\":\"https:\\\/\\\/muzeulgolesti.ro\\\/ro\\\/#organization\",\"name\":\"Muzeul Vititculturii si Pomiculturii Golesti\",\"url\":\"https:\\\/\\\/muzeulgolesti.ro\\\/ro\\\/\",\"logo\":{\"@type\":\"ImageObject\",\"inLanguage\":\"en-GB\",\"@id\":\"https:\\\/\\\/muzeulgolesti.ro\\\/ro\\\/#\\\/schema\\\/logo\\\/image\\\/\",\"url\":\"https:\\\/\\\/muzeulgolesti.ro\\\/wp-content\\\/uploads\\\/2022\\\/11\\\/SiglaMuzeu.jpg\",\"contentUrl\":\"https:\\\/\\\/muzeulgolesti.ro\\\/wp-content\\\/uploads\\\/2022\\\/11\\\/SiglaMuzeu.jpg\",\"width\":86,\"height\":50,\"caption\":\"Muzeul Vititculturii si Pomiculturii Golesti\"},\"image\":{\"@id\":\"https:\\\/\\\/muzeulgolesti.ro\\\/ro\\\/#\\\/schema\\\/logo\\\/image\\\/\"},\"sameAs\":[\"https:\\\/\\\/web.facebook.com\\\/www.muzeulgolesti.ro\"]}]}<\/script>\n<!-- \/ Yoast SEO plugin. -->","yoast_head_json":{"title":"Cercetare","description":"[:ro]Cercetare[:] - Muzeul Viticulturii si Pomiculturii Golesti","robots":{"index":"index","follow":"follow","max-snippet":"max-snippet:-1","max-image-preview":"max-image-preview:large","max-video-preview":"max-video-preview:-1"},"canonical":"https:\/\/muzeulgolesti.ro\/en\/cercetare\/","og_locale":"en_GB","og_type":"article","og_title":"[:ro]Cercetare[:] - Muzeul Viticulturii si Pomiculturii Golesti","og_description":"[:ro]Cercetare[:] - Muzeul Viticulturii si Pomiculturii Golesti","og_url":"https:\/\/muzeulgolesti.ro\/en\/cercetare\/","og_site_name":"Muzeul Viticulturii si Pomiculturii Golesti","article_publisher":"https:\/\/web.facebook.com\/www.muzeulgolesti.ro","article_modified_time":"2022-12-30T21:25:54+00:00","twitter_card":"summary_large_image","twitter_misc":{"Estimated reading time":"3 minutes"},"schema":{"@context":"https:\/\/schema.org","@graph":[{"@type":"WebPage","@id":"https:\/\/muzeulgolesti.ro\/ro\/cercetare\/","url":"https:\/\/muzeulgolesti.ro\/ro\/cercetare\/","name":"Cercetare","isPartOf":{"@id":"https:\/\/muzeulgolesti.ro\/ro\/#website"},"datePublished":"2020-04-11T05:49:24+00:00","dateModified":"2022-12-30T21:25:54+00:00","description":"Cercetare","breadcrumb":{"@id":"https:\/\/muzeulgolesti.ro\/ro\/cercetare\/#breadcrumb"},"inLanguage":"en-GB","potentialAction":[{"@type":"ReadAction","target":["https:\/\/muzeulgolesti.ro\/ro\/cercetare\/"]}]},{"@type":"BreadcrumbList","@id":"https:\/\/muzeulgolesti.ro\/ro\/cercetare\/#breadcrumb","itemListElement":[{"@type":"ListItem","position":1,"name":"Prima pagin\u0103","item":"https:\/\/muzeulgolesti.ro\/ro\/"},{"@type":"ListItem","position":2,"name":"Cercetare"}]},{"@type":"WebSite","@id":"https:\/\/muzeulgolesti.ro\/ro\/#website","url":"https:\/\/muzeulgolesti.ro\/ro\/","name":"Muzeul Vititculturii si Pomiculturii Golesti","description":"Cultura, Etnografie, Istorie - Muzeul Vititculturii si Pomiculturii Golesti","publisher":{"@id":"https:\/\/muzeulgolesti.ro\/ro\/#organization"},"potentialAction":[{"@type":"SearchAction","target":{"@type":"EntryPoint","urlTemplate":"https:\/\/muzeulgolesti.ro\/ro\/?s={search_term_string}"},"query-input":{"@type":"PropertyValueSpecification","valueRequired":true,"valueName":"search_term_string"}}],"inLanguage":"en-GB"},{"@type":"Organization","@id":"https:\/\/muzeulgolesti.ro\/ro\/#organization","name":"Muzeul Vititculturii si Pomiculturii Golesti","url":"https:\/\/muzeulgolesti.ro\/ro\/","logo":{"@type":"ImageObject","inLanguage":"en-GB","@id":"https:\/\/muzeulgolesti.ro\/ro\/#\/schema\/logo\/image\/","url":"https:\/\/muzeulgolesti.ro\/wp-content\/uploads\/2022\/11\/SiglaMuzeu.jpg","contentUrl":"https:\/\/muzeulgolesti.ro\/wp-content\/uploads\/2022\/11\/SiglaMuzeu.jpg","width":86,"height":50,"caption":"Muzeul Vititculturii si Pomiculturii Golesti"},"image":{"@id":"https:\/\/muzeulgolesti.ro\/ro\/#\/schema\/logo\/image\/"},"sameAs":["https:\/\/web.facebook.com\/www.muzeulgolesti.ro"]}]}},"_links":{"self":[{"href":"https:\/\/muzeulgolesti.ro\/en\/wp-json\/wp\/v2\/pages\/3653","targetHints":{"allow":["GET"]}}],"collection":[{"href":"https:\/\/muzeulgolesti.ro\/en\/wp-json\/wp\/v2\/pages"}],"about":[{"href":"https:\/\/muzeulgolesti.ro\/en\/wp-json\/wp\/v2\/types\/page"}],"author":[{"embeddable":true,"href":"https:\/\/muzeulgolesti.ro\/en\/wp-json\/wp\/v2\/users\/4"}],"replies":[{"embeddable":true,"href":"https:\/\/muzeulgolesti.ro\/en\/wp-json\/wp\/v2\/comments?post=3653"}],"version-history":[{"count":13,"href":"https:\/\/muzeulgolesti.ro\/en\/wp-json\/wp\/v2\/pages\/3653\/revisions"}],"predecessor-version":[{"id":4935,"href":"https:\/\/muzeulgolesti.ro\/en\/wp-json\/wp\/v2\/pages\/3653\/revisions\/4935"}],"wp:attachment":[{"href":"https:\/\/muzeulgolesti.ro\/en\/wp-json\/wp\/v2\/media?parent=3653"}],"curies":[{"name":"wp","href":"https:\/\/api.w.org\/{rel}","templated":true}]}}