{"id":3211,"date":"2020-04-01T15:14:09","date_gmt":"2020-04-01T15:14:09","guid":{"rendered":"https:\/\/muzeulgolesti.ro\/?page_id=3211"},"modified":"2026-01-12T13:34:57","modified_gmt":"2026-01-12T13:34:57","slug":"test-3","status":"publish","type":"page","link":"https:\/\/muzeulgolesti.ro\/ro\/test-3\/","title":{"rendered":"BILETE \u0218I TARIFE"},"content":{"rendered":"<div class=\"fusion-fullwidth fullwidth-box fusion-builder-row-1 nonhundred-percent-fullwidth non-hundred-percent-height-scrolling\" style=\"--awb-border-radius-top-left:0px;--awb-border-radius-top-right:0px;--awb-border-radius-bottom-right:0px;--awb-border-radius-bottom-left:0px;--awb-flex-wrap:wrap;\" ><div class=\"fusion-builder-row fusion-row\"><div class=\"fusion-layout-column fusion_builder_column fusion-builder-column-0 fusion_builder_column_1_1 1_1 fusion-one-full fusion-column-first fusion-column-last\" style=\"--awb-bg-size:cover;\"><div class=\"fusion-column-wrapper fusion-column-has-shadow fusion-flex-column-wrapper-legacy\"><div class=\"fusion-text fusion-text-1\"><p><strong>ARGE\u0218 TURIST PASS<\/strong><\/p>\n<p><strong>Adul\u021bi 35,88 lei\/persoan\u0103<\/strong><\/p>\n<p><strong>Copii\/elevi\/studen\u021bi\/ pensionari\/persoane cu dizabilit\u0103\u021bi 15,49 lei\/persoan\u0103<\/strong><\/p>\n<p class=\"yiv7764203471MsoNormal\"><strong>Arge\u0219 Turist Card va putea fi folosit pentru accesul la:<\/strong><\/p>\n<ul>\n<li class=\"yiv7764203471MsoNormal\"><strong>Muzeul Viticulturii \u0219i Pomiculturii Gole\u0219ti;<\/strong><\/li>\n<li class=\"yiv7764203471MsoNormal\"><strong>Muzeul Jude\u021bean Arge\u0219 cu urm\u0103toarele obiective: Expozi\u021bia Sportului Arge\u015fean, Galeria Na\u0163ional\u0103 de Art\u0103 Naiv\u0103, Expozi\u0163ia Flori de min\u0103, Castrul Roman Jidova (C\u00e2mpulung), Expozi\u021bia memorial\u0103 ,,Dinu Lipatti\u201d (Casa memorial\u0103 ,,Dinu Lipatti\u201d).<\/strong><\/li>\n<\/ul>\n<p><a href=\"https:\/\/www.romanian-adventures.ro\/oferte\/arges-tourist-pass\">https:\/\/www.romanian-adventures.ro\/oferte\/arges-tourist-pass<\/a><\/p>\n<p><a class=\"qi72231t nu7423ey n3hqoq4p r86q59rh b3qcqh3k fq87ekyn bdao358l fsf7x5fv rse6dlih s5oniofx m8h3af8h l7ghb35v kjdc1dyq kmwttqpk srn514ro oxkhqvkx rl78xhln nch0832m cr00lzj9 rn8ck1ys s3jn8y49 icdlwmnq cxfqmxzd ezidihy3\" tabindex=\"0\" href=\"https:\/\/ove.ro\/arges-turist-card-adult?fbclid=IwAR1QTSSP059cT_25V3weT-Fn8BA96qaf_D9DnyCADuyTqtlZr8iLuYfwJfg\" target=\"_blank\" rel=\"nofollow noopener noreferrer\">https:\/\/ove.ro\/arges-turist-card-adult<\/a><\/p>\n<p>\u00cen conformitate cu hot\u0103r\u00e2rea nr. 142\/25.04.2024, privind aprobarea cuantumului taxelor \u0219i tarifelor locale ce se vor aplica \u00eencep\u00e2nd cu anul fiscal 2025, Muzeul Gole\u0219ti va aplica urm\u0103toarele tarife \u0219i taxe:<\/p>\n<p><strong>Tarifele Muzeului Gole\u0219ti aprobate pentru anul 2025:<\/strong><\/p>\n<p>Bilet adult 15 lei\/persoan\u0103<\/p>\n<p>Bilet copil\/elev\/student\/pensionar\/persoane cu dizabilit\u0103\u021bi\u00a0 7 lei\/persoan\u0103<\/p>\n<p>Intrare copil 0-3 ani &#8211; GRATUIT<\/p>\n<p>Bilet acces atelier crea\u021bie 10 lei\/persoan\u0103 &#8211; <strong>ACHITAREA LUI NU EXCLUDE PLATA BILETULUI DE INTRARE \u00ceN MUZEU.<\/strong><\/p>\n<p>Ghidaj le cerere \u00een limba rom\u00e2n\u0103 50 lei<\/p>\n<p>Ghidaj la cerere \u00een limb\u0103 str\u0103in\u0103 (englez\u0103\/francez\u0103)\u00a0 100 lei<\/p>\n<ul>\n<li>Ghidajul are o durat\u0103 maxim\u0103 de 2 ore.<\/li>\n<li>Ghidaj gratuit pentru grup de minim 25 persoane.<\/li>\n<\/ul>\n<p>Bilet acces tirolian\u0103 7 lei\/1 curs\u0103<\/p>\n<p>Echita\u021bie ponei<strong>\u00a0<\/strong>15 lei\/10 minute (cu programare).<\/p>\n<p>Echita\u021bie cai 35 lei\/30 minute (cu programare).<\/p>\n<p>Plimbare cu tr\u0103sura 50 lei\/30 minute (cu programare).<\/p>\n<ul>\n<li><strong>Pentru echita\u021bie PONEI\/CAI programarea este obligatorie la num\u0103rul de telefon 0743611646.<\/strong><\/li>\n<\/ul>\n<p><strong>\u00cenchiriere spa\u021bii muzeale:<\/strong><\/p>\n<p>Pentru institu\u021bii de cultur\u0103, \u00eenv\u0103\u021b\u0103m\u00e2nt (serb\u0103ri \u0219colare), s\u0103n\u0103tate, institu\u021bii publice 170 lei\/or\u0103<\/p>\n<p>Persoane fizice (anivers\u0103ri copii):<\/p>\n<ul>\n<li>luni-vineri 170 lei\/or\u0103<\/li>\n<li>s\u00e2mb\u0103t\u0103-duminic\u0103 300 lei\/or\u0103<\/li>\n<\/ul>\n<p>Funda\u021bii, O.N.G.-uri, partide politice 90 lei\/or\u0103<\/p>\n<p>Institu\u021bii \u0219i persoane juridice, altele dec\u00e2t cele de mai sus 340 lei\/or\u0103<\/p>\n<p><strong>Taxe foto\/video:<\/strong><\/p>\n<p>\u0218edin\u021b\u0103 foto 250 lei\/or\u0103<\/p>\n<p>Tax\u0103 filmare profesioni\u0219ti\u00a0 500 lei\/or\u0103<\/p>\n<p><strong>Alte taxe:<\/strong><\/p>\n<p>Tax\u0103 privind amplasarea \u0219i desf\u0103\u0219urarea activit\u0103\u021bilor de comer\u021b \u00een incinta Muzeului Gole\u0219ti:<\/p>\n<p>luni-vineri 60 lei<\/p>\n<p>s\u00e2mb\u0103t\u0103-duminic\u0103 120 lei<\/p>\n<p>Muzeul Gole\u0219ti, prin laboratororul acreditat de conservare-restaurare, execut\u0103 lucr\u0103ri de examinare, cur\u0103\u021bare, tratamente specifice, consolidare, reconstituire \u0219i restuarare obiecte din lemn, obiecte textile, precum \u0219i restaurare pictur\u0103.<\/p>\n<p>V\u0103 rug\u0103m s\u0103 consulta\u021bi lista anexat\u0103 mai jos pentru tarifele opra\u021biunilor de resturare. Pentru detalii, contacta\u021bi muzeul la adresa de email: contact@muzeulgolesti.ro.<\/p>\n<\/div><div class=\"fusion-button-wrapper\"><a class=\"fusion-button button-flat fusion-button-default-size button-default fusion-button-default button-1 fusion-button-default-span fusion-button-default-type\" target=\"_self\" href=\"https:\/\/muzeulgolesti.ro\/wp-content\/uploads\/2026\/01\/taxe-si-tarife-2026-.pdf\"><span class=\"fusion-button-text awb-button__text awb-button__text--default\">Taxe si tarife 2026<\/span><\/a><\/div><div class=\"fusion-clearfix\"><\/div><\/div><\/div><\/div><\/div>\n","protected":false},"excerpt":{"rendered":"","protected":false},"author":4,"featured_media":0,"parent":0,"menu_order":0,"comment_status":"closed","ping_status":"closed","template":"","meta":{"footnotes":""},"class_list":["post-3211","page","type-page","status-publish","hentry"],"yoast_head":"<!-- This site is optimized with the Yoast SEO plugin v27.4 - https:\/\/yoast.com\/product\/yoast-seo-wordpress\/ -->\n<title>BILETE \u0218I TARIFE<\/title>\n<meta name=\"description\" content=\"BILETE \u0218I TARIFE\" \/>\n<meta name=\"robots\" content=\"index, follow, max-snippet:-1, max-image-preview:large, max-video-preview:-1\" \/>\n<link rel=\"canonical\" href=\"https:\/\/muzeulgolesti.ro\/ro\/test-3\/\" \/>\n<meta property=\"og:locale\" content=\"ro_RO\" \/>\n<meta property=\"og:locale:alternate\" content=\"en_UK\" \/>\n<meta property=\"og:type\" content=\"article\" \/>\n<meta property=\"og:title\" content=\"BILETE \u0218I TARIFE\" \/>\n<meta property=\"og:description\" content=\"BILETE \u0218I TARIFE\" \/>\n<meta property=\"og:url\" content=\"https:\/\/muzeulgolesti.ro\/ro\/test-3\/\" \/>\n<meta property=\"og:site_name\" content=\"Muzeul Viticulturii si Pomiculturii Golesti\" \/>\n<meta property=\"article:publisher\" content=\"https:\/\/web.facebook.com\/www.muzeulgolesti.ro\" \/>\n<meta property=\"article:modified_time\" content=\"2026-01-12T13:34:57+00:00\" \/>\n<meta name=\"twitter:card\" content=\"summary_large_image\" \/>\n<meta name=\"twitter:label1\" content=\"Timp estimat pentru citire\" \/>\n\t<meta name=\"twitter:data1\" content=\"2 minute\" \/>\n<script type=\"application\/ld+json\" class=\"yoast-schema-graph\">{\"@context\":\"https:\\\/\\\/schema.org\",\"@graph\":[{\"@type\":\"WebPage\",\"@id\":\"https:\\\/\\\/muzeulgolesti.ro\\\/ro\\\/test-3\\\/\",\"url\":\"https:\\\/\\\/muzeulgolesti.ro\\\/ro\\\/test-3\\\/\",\"name\":\"BILETE \u0218I TARIFE\",\"isPartOf\":{\"@id\":\"https:\\\/\\\/muzeulgolesti.ro\\\/ro\\\/#website\"},\"datePublished\":\"2020-04-01T15:14:09+00:00\",\"dateModified\":\"2026-01-12T13:34:57+00:00\",\"description\":\"BILETE \u0218I TARIFE\",\"breadcrumb\":{\"@id\":\"https:\\\/\\\/muzeulgolesti.ro\\\/ro\\\/test-3\\\/#breadcrumb\"},\"inLanguage\":\"ro-RO\",\"potentialAction\":[{\"@type\":\"ReadAction\",\"target\":[\"https:\\\/\\\/muzeulgolesti.ro\\\/ro\\\/test-3\\\/\"]}]},{\"@type\":\"BreadcrumbList\",\"@id\":\"https:\\\/\\\/muzeulgolesti.ro\\\/ro\\\/test-3\\\/#breadcrumb\",\"itemListElement\":[{\"@type\":\"ListItem\",\"position\":1,\"name\":\"Prima pagin\u0103\",\"item\":\"https:\\\/\\\/muzeulgolesti.ro\\\/ro\\\/\"},{\"@type\":\"ListItem\",\"position\":2,\"name\":\"BILETE \u0218I TARIFE\"}]},{\"@type\":\"WebSite\",\"@id\":\"https:\\\/\\\/muzeulgolesti.ro\\\/ro\\\/#website\",\"url\":\"https:\\\/\\\/muzeulgolesti.ro\\\/ro\\\/\",\"name\":\"Muzeul Vititculturii si Pomiculturii Golesti\",\"description\":\"Cultura, Etnografie, Istorie - Muzeul Vititculturii si Pomiculturii Golesti\",\"publisher\":{\"@id\":\"https:\\\/\\\/muzeulgolesti.ro\\\/ro\\\/#organization\"},\"potentialAction\":[{\"@type\":\"SearchAction\",\"target\":{\"@type\":\"EntryPoint\",\"urlTemplate\":\"https:\\\/\\\/muzeulgolesti.ro\\\/ro\\\/?s={search_term_string}\"},\"query-input\":{\"@type\":\"PropertyValueSpecification\",\"valueRequired\":true,\"valueName\":\"search_term_string\"}}],\"inLanguage\":\"ro-RO\"},{\"@type\":\"Organization\",\"@id\":\"https:\\\/\\\/muzeulgolesti.ro\\\/ro\\\/#organization\",\"name\":\"Muzeul Vititculturii si Pomiculturii Golesti\",\"url\":\"https:\\\/\\\/muzeulgolesti.ro\\\/ro\\\/\",\"logo\":{\"@type\":\"ImageObject\",\"inLanguage\":\"ro-RO\",\"@id\":\"https:\\\/\\\/muzeulgolesti.ro\\\/ro\\\/#\\\/schema\\\/logo\\\/image\\\/\",\"url\":\"https:\\\/\\\/muzeulgolesti.ro\\\/wp-content\\\/uploads\\\/2022\\\/11\\\/SiglaMuzeu.jpg\",\"contentUrl\":\"https:\\\/\\\/muzeulgolesti.ro\\\/wp-content\\\/uploads\\\/2022\\\/11\\\/SiglaMuzeu.jpg\",\"width\":86,\"height\":50,\"caption\":\"Muzeul Vititculturii si Pomiculturii Golesti\"},\"image\":{\"@id\":\"https:\\\/\\\/muzeulgolesti.ro\\\/ro\\\/#\\\/schema\\\/logo\\\/image\\\/\"},\"sameAs\":[\"https:\\\/\\\/web.facebook.com\\\/www.muzeulgolesti.ro\"]}]}<\/script>\n<!-- \/ Yoast SEO plugin. -->","yoast_head_json":{"title":"BILETE \u0218I TARIFE","description":"[:ro]BILETE \u0218I TARIFE[:en]Tickets and fees[:fr]Frais et tarifs[:] - Muzeul Viticulturii si Pomiculturii Golesti","robots":{"index":"index","follow":"follow","max-snippet":"max-snippet:-1","max-image-preview":"max-image-preview:large","max-video-preview":"max-video-preview:-1"},"canonical":"https:\/\/muzeulgolesti.ro\/ro\/test-3\/","og_locale":"ro_RO","og_type":"article","og_title":"[:ro]BILETE \u0218I TARIFE[:en]Tickets and fees[:fr]Frais et tarifs[:] - Muzeul Viticulturii si Pomiculturii Golesti","og_description":"[:ro]BILETE \u0218I TARIFE[:en]Tickets and fees[:fr]Frais et tarifs[:] - Muzeul Viticulturii si Pomiculturii Golesti","og_url":"https:\/\/muzeulgolesti.ro\/ro\/test-3\/","og_site_name":"Muzeul Viticulturii si Pomiculturii Golesti","article_publisher":"https:\/\/web.facebook.com\/www.muzeulgolesti.ro","article_modified_time":"2026-01-12T13:34:57+00:00","twitter_card":"summary_large_image","twitter_misc":{"Timp estimat pentru citire":"2 minute"},"schema":{"@context":"https:\/\/schema.org","@graph":[{"@type":"WebPage","@id":"https:\/\/muzeulgolesti.ro\/ro\/test-3\/","url":"https:\/\/muzeulgolesti.ro\/ro\/test-3\/","name":"BILETE \u0218I TARIFE","isPartOf":{"@id":"https:\/\/muzeulgolesti.ro\/ro\/#website"},"datePublished":"2020-04-01T15:14:09+00:00","dateModified":"2026-01-12T13:34:57+00:00","description":"BILETE \u0218I TARIFE","breadcrumb":{"@id":"https:\/\/muzeulgolesti.ro\/ro\/test-3\/#breadcrumb"},"inLanguage":"ro-RO","potentialAction":[{"@type":"ReadAction","target":["https:\/\/muzeulgolesti.ro\/ro\/test-3\/"]}]},{"@type":"BreadcrumbList","@id":"https:\/\/muzeulgolesti.ro\/ro\/test-3\/#breadcrumb","itemListElement":[{"@type":"ListItem","position":1,"name":"Prima pagin\u0103","item":"https:\/\/muzeulgolesti.ro\/ro\/"},{"@type":"ListItem","position":2,"name":"BILETE \u0218I TARIFE"}]},{"@type":"WebSite","@id":"https:\/\/muzeulgolesti.ro\/ro\/#website","url":"https:\/\/muzeulgolesti.ro\/ro\/","name":"Muzeul Vititculturii si Pomiculturii Golesti","description":"Cultura, Etnografie, Istorie - Muzeul Vititculturii si Pomiculturii Golesti","publisher":{"@id":"https:\/\/muzeulgolesti.ro\/ro\/#organization"},"potentialAction":[{"@type":"SearchAction","target":{"@type":"EntryPoint","urlTemplate":"https:\/\/muzeulgolesti.ro\/ro\/?s={search_term_string}"},"query-input":{"@type":"PropertyValueSpecification","valueRequired":true,"valueName":"search_term_string"}}],"inLanguage":"ro-RO"},{"@type":"Organization","@id":"https:\/\/muzeulgolesti.ro\/ro\/#organization","name":"Muzeul Vititculturii si Pomiculturii Golesti","url":"https:\/\/muzeulgolesti.ro\/ro\/","logo":{"@type":"ImageObject","inLanguage":"ro-RO","@id":"https:\/\/muzeulgolesti.ro\/ro\/#\/schema\/logo\/image\/","url":"https:\/\/muzeulgolesti.ro\/wp-content\/uploads\/2022\/11\/SiglaMuzeu.jpg","contentUrl":"https:\/\/muzeulgolesti.ro\/wp-content\/uploads\/2022\/11\/SiglaMuzeu.jpg","width":86,"height":50,"caption":"Muzeul Vititculturii si Pomiculturii Golesti"},"image":{"@id":"https:\/\/muzeulgolesti.ro\/ro\/#\/schema\/logo\/image\/"},"sameAs":["https:\/\/web.facebook.com\/www.muzeulgolesti.ro"]}]}},"_links":{"self":[{"href":"https:\/\/muzeulgolesti.ro\/ro\/wp-json\/wp\/v2\/pages\/3211","targetHints":{"allow":["GET"]}}],"collection":[{"href":"https:\/\/muzeulgolesti.ro\/ro\/wp-json\/wp\/v2\/pages"}],"about":[{"href":"https:\/\/muzeulgolesti.ro\/ro\/wp-json\/wp\/v2\/types\/page"}],"author":[{"embeddable":true,"href":"https:\/\/muzeulgolesti.ro\/ro\/wp-json\/wp\/v2\/users\/4"}],"replies":[{"embeddable":true,"href":"https:\/\/muzeulgolesti.ro\/ro\/wp-json\/wp\/v2\/comments?post=3211"}],"version-history":[{"count":38,"href":"https:\/\/muzeulgolesti.ro\/ro\/wp-json\/wp\/v2\/pages\/3211\/revisions"}],"predecessor-version":[{"id":7652,"href":"https:\/\/muzeulgolesti.ro\/ro\/wp-json\/wp\/v2\/pages\/3211\/revisions\/7652"}],"wp:attachment":[{"href":"https:\/\/muzeulgolesti.ro\/ro\/wp-json\/wp\/v2\/media?parent=3211"}],"curies":[{"name":"wp","href":"https:\/\/api.w.org\/{rel}","templated":true}]}}