{"id":3289,"date":"2020-04-03T06:29:16","date_gmt":"2020-04-03T06:29:16","guid":{"rendered":"https:\/\/muzeulgolesti.ro\/?page_id=3289"},"modified":"2026-03-04T11:11:19","modified_gmt":"2026-03-04T11:11:19","slug":"ateliere-de-creatie","status":"publish","type":"page","link":"https:\/\/muzeulgolesti.ro\/ro\/ateliere-de-creatie\/","title":{"rendered":"ATELIERE DE CREA\u021aIE"},"content":{"rendered":"<p><div class=\"fusion-fullwidth fullwidth-box fusion-builder-row-1 nonhundred-percent-fullwidth non-hundred-percent-height-scrolling\" style=\"--awb-border-radius-top-left:0px;--awb-border-radius-top-right:0px;--awb-border-radius-bottom-right:0px;--awb-border-radius-bottom-left:0px;--awb-flex-wrap:wrap;\" ><div class=\"fusion-builder-row fusion-row\"><div class=\"fusion-layout-column fusion_builder_column fusion-builder-column-0 fusion_builder_column_1_1 1_1 fusion-one-full fusion-column-first fusion-column-last\" style=\"--awb-bg-size:cover;\"><div class=\"fusion-column-wrapper fusion-column-has-shadow fusion-flex-column-wrapper-legacy\"><div class=\"fusion-slider-sc fusion-flexslider-loading flexslider flexslider-hover-type-none\" data-slideshow_autoplay=\"1\" data-slideshow_smooth_height=\"0\" data-slideshow_speed=\"7000\" style=\"max-width:100%;height:100%;\"><ul class=\"slides\"><li class=\"image\"><span class=\"fusion-image-hover-element hover-type-none\"><img decoding=\"async\" src=\"https:\/\/muzeulgolesti.ro\/wp-content\/uploads\/2020\/05\/farfurii.jpg\" width=\"1600\" height=\"900\" class=\"wp-image-4219\" srcset=\"https:\/\/muzeulgolesti.ro\/wp-content\/uploads\/2020\/05\/farfurii-200x113.jpg 200w, https:\/\/muzeulgolesti.ro\/wp-content\/uploads\/2020\/05\/farfurii-400x225.jpg 400w, https:\/\/muzeulgolesti.ro\/wp-content\/uploads\/2020\/05\/farfurii-600x338.jpg 600w, https:\/\/muzeulgolesti.ro\/wp-content\/uploads\/2020\/05\/farfurii-800x450.jpg 800w, https:\/\/muzeulgolesti.ro\/wp-content\/uploads\/2020\/05\/farfurii-1200x675.jpg 1200w, https:\/\/muzeulgolesti.ro\/wp-content\/uploads\/2020\/05\/farfurii.jpg 1600w\" sizes=\"(max-width: 800px) 100vw, 1600px\" \/><\/span><\/li><li class=\"image\"><span class=\"fusion-image-hover-element hover-type-none\"><img decoding=\"async\" src=\"https:\/\/muzeulgolesti.ro\/wp-content\/uploads\/2020\/05\/lut.jpg\" width=\"1600\" height=\"900\" class=\"wp-image-4220\" srcset=\"https:\/\/muzeulgolesti.ro\/wp-content\/uploads\/2020\/05\/lut-200x113.jpg 200w, https:\/\/muzeulgolesti.ro\/wp-content\/uploads\/2020\/05\/lut-400x225.jpg 400w, https:\/\/muzeulgolesti.ro\/wp-content\/uploads\/2020\/05\/lut-600x338.jpg 600w, https:\/\/muzeulgolesti.ro\/wp-content\/uploads\/2020\/05\/lut-800x450.jpg 800w, https:\/\/muzeulgolesti.ro\/wp-content\/uploads\/2020\/05\/lut-1200x675.jpg 1200w, https:\/\/muzeulgolesti.ro\/wp-content\/uploads\/2020\/05\/lut.jpg 1600w\" sizes=\"(max-width: 800px) 100vw, 1600px\" \/><\/span><\/li><li class=\"image\"><span class=\"fusion-image-hover-element hover-type-none\"><img decoding=\"async\" src=\"https:\/\/muzeulgolesti.ro\/wp-content\/uploads\/2020\/05\/picturapelinguri.jpg\" width=\"1600\" height=\"900\" class=\"wp-image-4223\" srcset=\"https:\/\/muzeulgolesti.ro\/wp-content\/uploads\/2020\/05\/picturapelinguri-200x113.jpg 200w, https:\/\/muzeulgolesti.ro\/wp-content\/uploads\/2020\/05\/picturapelinguri-400x225.jpg 400w, https:\/\/muzeulgolesti.ro\/wp-content\/uploads\/2020\/05\/picturapelinguri-600x338.jpg 600w, https:\/\/muzeulgolesti.ro\/wp-content\/uploads\/2020\/05\/picturapelinguri-800x450.jpg 800w, https:\/\/muzeulgolesti.ro\/wp-content\/uploads\/2020\/05\/picturapelinguri-1200x675.jpg 1200w, https:\/\/muzeulgolesti.ro\/wp-content\/uploads\/2020\/05\/picturapelinguri.jpg 1600w\" sizes=\"(max-width: 800px) 100vw, 1600px\" \/><\/span><\/li><li class=\"image\"><span class=\"fusion-image-hover-element hover-type-none\"><img decoding=\"async\" src=\"https:\/\/muzeulgolesti.ro\/wp-content\/uploads\/2023\/01\/tablou-fetru.jpg\" width=\"960\" height=\"720\" class=\"wp-image-5122\" srcset=\"https:\/\/muzeulgolesti.ro\/wp-content\/uploads\/2023\/01\/tablou-fetru-200x150.jpg 200w, https:\/\/muzeulgolesti.ro\/wp-content\/uploads\/2023\/01\/tablou-fetru-400x300.jpg 400w, https:\/\/muzeulgolesti.ro\/wp-content\/uploads\/2023\/01\/tablou-fetru-600x450.jpg 600w, https:\/\/muzeulgolesti.ro\/wp-content\/uploads\/2023\/01\/tablou-fetru-800x600.jpg 800w, https:\/\/muzeulgolesti.ro\/wp-content\/uploads\/2023\/01\/tablou-fetru.jpg 960w\" sizes=\"(max-width: 800px) 100vw, 960px\" \/><\/span><\/li><li class=\"image\"><span class=\"fusion-image-hover-element hover-type-none\"><img decoding=\"async\" src=\"https:\/\/muzeulgolesti.ro\/wp-content\/uploads\/2023\/01\/cufarul-cu-amintiri.jpg\" width=\"960\" height=\"720\" class=\"wp-image-5195\" srcset=\"https:\/\/muzeulgolesti.ro\/wp-content\/uploads\/2023\/01\/cufarul-cu-amintiri-200x150.jpg 200w, https:\/\/muzeulgolesti.ro\/wp-content\/uploads\/2023\/01\/cufarul-cu-amintiri-400x300.jpg 400w, https:\/\/muzeulgolesti.ro\/wp-content\/uploads\/2023\/01\/cufarul-cu-amintiri-600x450.jpg 600w, https:\/\/muzeulgolesti.ro\/wp-content\/uploads\/2023\/01\/cufarul-cu-amintiri-800x600.jpg 800w, https:\/\/muzeulgolesti.ro\/wp-content\/uploads\/2023\/01\/cufarul-cu-amintiri.jpg 960w\" sizes=\"(max-width: 800px) 100vw, 960px\" \/><\/span><\/li><li class=\"image\"><span class=\"fusion-image-hover-element hover-type-none\"><img decoding=\"async\" src=\"https:\/\/muzeulgolesti.ro\/wp-content\/uploads\/2023\/01\/rama-foto.jpg\" width=\"960\" height=\"720\" class=\"wp-image-5207\" srcset=\"https:\/\/muzeulgolesti.ro\/wp-content\/uploads\/2023\/01\/rama-foto-200x150.jpg 200w, https:\/\/muzeulgolesti.ro\/wp-content\/uploads\/2023\/01\/rama-foto-400x300.jpg 400w, https:\/\/muzeulgolesti.ro\/wp-content\/uploads\/2023\/01\/rama-foto-600x450.jpg 600w, https:\/\/muzeulgolesti.ro\/wp-content\/uploads\/2023\/01\/rama-foto-800x600.jpg 800w, https:\/\/muzeulgolesti.ro\/wp-content\/uploads\/2023\/01\/rama-foto.jpg 960w\" sizes=\"(max-width: 800px) 100vw, 960px\" \/><\/span><\/li><li class=\"image\"><span class=\"fusion-image-hover-element hover-type-none\"><img decoding=\"async\" src=\"https:\/\/muzeulgolesti.ro\/wp-content\/uploads\/2023\/09\/Oglinda-scaled.jpg\" width=\"2521\" height=\"2560\" class=\"wp-image-5779\" srcset=\"https:\/\/muzeulgolesti.ro\/wp-content\/uploads\/2023\/09\/Oglinda-200x203.jpg 200w, https:\/\/muzeulgolesti.ro\/wp-content\/uploads\/2023\/09\/Oglinda-400x406.jpg 400w, https:\/\/muzeulgolesti.ro\/wp-content\/uploads\/2023\/09\/Oglinda-600x609.jpg 600w, https:\/\/muzeulgolesti.ro\/wp-content\/uploads\/2023\/09\/Oglinda-800x812.jpg 800w, https:\/\/muzeulgolesti.ro\/wp-content\/uploads\/2023\/09\/Oglinda-1200x1218.jpg 1200w, https:\/\/muzeulgolesti.ro\/wp-content\/uploads\/2023\/09\/Oglinda-scaled.jpg 2521w\" sizes=\"(max-width: 800px) 100vw, 2521px\" \/><\/span><\/li><li class=\"image\"><span class=\"fusion-image-hover-element hover-type-none\"><img decoding=\"async\" src=\"https:\/\/muzeulgolesti.ro\/wp-content\/uploads\/2026\/03\/Atelier-lumanari-400x533-1-360x203.jpg\" width=\"360\" height=\"203\" class=\"wp-image-7742\" srcset=\"https:\/\/muzeulgolesti.ro\/wp-content\/uploads\/2026\/03\/Atelier-lumanari-400x533-1-200x113.jpg 200w, https:\/\/muzeulgolesti.ro\/wp-content\/uploads\/2026\/03\/Atelier-lumanari-400x533-1-400x225.jpg 400w, https:\/\/muzeulgolesti.ro\/wp-content\/uploads\/2026\/03\/Atelier-lumanari-400x533-1-600x338.jpg 600w, https:\/\/muzeulgolesti.ro\/wp-content\/uploads\/2026\/03\/Atelier-lumanari-400x533-1-800x450.jpg 800w, https:\/\/muzeulgolesti.ro\/wp-content\/uploads\/2026\/03\/Atelier-lumanari-400x533-1-1200x675.jpg 1200w, https:\/\/muzeulgolesti.ro\/wp-content\/uploads\/2026\/03\/Atelier-lumanari-400x533-1.jpg 1600w\" sizes=\"(max-width: 800px) 100vw, 360px\" \/><\/span><\/li><\/ul><\/div><div class=\"fusion-clearfix\"><\/div><\/div><\/div><\/div><\/div><div class=\"fusion-fullwidth fullwidth-box fusion-builder-row-2 nonhundred-percent-fullwidth non-hundred-percent-height-scrolling\" style=\"--awb-border-radius-top-left:0px;--awb-border-radius-top-right:0px;--awb-border-radius-bottom-right:0px;--awb-border-radius-bottom-left:0px;--awb-flex-wrap:wrap;\" ><div class=\"fusion-builder-row fusion-row\"><div class=\"fusion-layout-column fusion_builder_column fusion-builder-column-1 fusion_builder_column_1_1 1_1 fusion-one-full fusion-column-first fusion-column-last\" style=\"--awb-bg-size:cover;\"><div class=\"fusion-column-wrapper fusion-column-has-shadow fusion-flex-column-wrapper-legacy\"><div class=\"fusion-text fusion-text-1\"><p>F\u0103-\u021bi excursia mai atractiv\u0103 prin includerea unui atelier de crea\u021bie \u00een program! Muzeul Gole\u0219ti are o ofert\u0103 atractiv\u0103 \u0219i diversificat\u0103 pentru dezvoltarea laturii creative \u0219i a sim\u021bului artistic al vizitatorilor s\u0103i, fie elevi, fie adul\u021bi. Profesorii sau ghizii care doresc s\u0103 includ\u0103 \u00een programul excursiilor un atelier de crea\u021bie sunt bineveni\u021bi s\u0103 ne contacteze. Programarea este obligatorie, la num\u0103rul de telefon 0248266364.<\/p>\n<p>Tarifele vor fi \u00eencasate de me\u0219terii populari \/ coordonatorii atelierelor.<\/p>\n<p>Tarifele vor fi \u00eencasate de me\u0219terii populari \/ coordonatorii atelierelor.<\/p>\n<p>Muzeul percepe o tax\u0103 de 10<strong>\u00a0lei\/participant\/atelier<\/strong>, care nu este inclus\u0103 \u00een pre\u021bul atelierului de crea\u021bie.<\/p>\n<p><strong>Atelierele de crea\u021bie dureaz\u0103 o or\u0103.<\/strong><\/p>\n<h5><strong>Coordonator Diana Elena Busuioc<\/strong><\/h5>\n<p><strong>Atelier \u201eLum\u00e2n\u0103ri parfumate\u201d \u2013 <\/strong>cei mici descoper\u0103 magia realiz\u0103rii lum\u00e2n\u0103rilor \u00een recipiente speciale cu diverse arome parfumate, toate create din cear\u0103 natural\u0103 din soia (sigur\u0103, prietenoas\u0103 cu mediul \u0219i delicat\u0103).\u00a0 \u2013 30 lei<\/p>\n<h5><strong>Coordonatori Simina Arsene&#038;Maria Videanu<\/strong><\/h5>\n<p><strong>Atelier \u201eCuf\u0103rul cu amintiri\u201d<\/strong> \u2013 cutie din lemn, decorat\u0103 prin tehnica \u0219erve\u021belului \u015fi cu m\u0103rgelu\u0163e (poate fi folosit\u0103 \u015fi pentru p\u0103strarea bijuteriilor) \u2013 30 lei<\/p>\n<p><strong>Atelier tablouri din fetru<\/strong>\u00a0 <strong>&#8222;\u00cen ograda bunicilor&#8221;<\/strong> &#8211; 25 lei<\/p>\n<p><strong>Atelier rame foto<\/strong>\u00a0 &#8211; decorate prin tehnica \u0219erve\u021belului &#8211; 25 lei<\/p>\n<p><strong>Atelier oglind\u0103 decorat\u0103 cu mozaic<\/strong>\u00a0&#8211; 30 lei<\/p>\n<h5><\/h5>\n<h5><strong>Coordonator Malvine Mocenco<\/strong><\/h5>\n<p><strong>Atelier de pictur\u0103 pe sticl\u0103<\/strong> (c\u0103ni) &#8211; 25 lei<\/p>\n<p><strong>Atelier de pictur\u0103 pe por\u021belan<\/strong> (farfurii) &#8211; 25 lei<\/p>\n<p><strong>Pictur\u0103 pe p\u00e2nz\u0103 (cu suport de carton) &#8211;\u00a0<\/strong>30 lei<\/p>\n<h5><\/h5>\n<h5><strong>Coordonator Elena Nencov<\/strong><\/h5>\n<p><strong>Atelier de p\u0103pu\u0219i tradi\u021bionale<\/strong> &#8211; 30 lei<\/p>\n<h5><\/h5>\n<h5><strong>Coordonatori Nicoleta \u015fi Ion Mitroi<\/strong><\/h5>\n<p><strong>Atelier de modelat c\u0103su\u021be din lut<\/strong> &#8211; 30 lei<\/p>\n<p><strong>Atelier de confec\u021bionat podoabe din lut<\/strong> &#8211; 30 lei<\/p>\n<p><strong>Atelier pictur\u0103 pe linguri de lemn<\/strong> &#8211; 30 lei<\/p>\n<h5><\/h5>\n<h5><strong>Coordonator Gabriela Popescu Onu<\/strong><\/h5>\n<p><strong>Atelier de turt\u0103 dulce<\/strong> &#8211; \u00a0set trei figurine &#8211; 25 lei<\/p>\n<p><strong>Atelier C\u0103su\u021b\u0103 din turt\u0103 dulce<\/strong> &#8211; 35 lei<\/p>\n<h5><\/h5>\n<h5><strong>Coordonator Adriana Ioana<\/strong><\/h5>\n<p><strong>Atelier de pictur\u0103 figurin\u0103 de ipsos<\/strong> &#8211; 25 lei<\/p>\n<\/div><div class=\"fusion-clearfix\"><\/div><\/div><\/div><\/div><\/div><\/p>\n","protected":false},"excerpt":{"rendered":"","protected":false},"author":4,"featured_media":0,"parent":0,"menu_order":0,"comment_status":"closed","ping_status":"closed","template":"","meta":{"footnotes":""},"class_list":["post-3289","page","type-page","status-publish","hentry"],"yoast_head":"<!-- This site is optimized with the Yoast SEO plugin v27.4 - https:\/\/yoast.com\/product\/yoast-seo-wordpress\/ -->\n<title>ATELIERE DE CREA\u021aIE<\/title>\n<meta name=\"description\" content=\"ATELIERE DE CREA\u021aIE\" \/>\n<meta name=\"robots\" content=\"index, follow, max-snippet:-1, max-image-preview:large, max-video-preview:-1\" \/>\n<link rel=\"canonical\" href=\"https:\/\/muzeulgolesti.ro\/ro\/ateliere-de-creatie\/\" \/>\n<meta property=\"og:locale\" content=\"ro_RO\" \/>\n<meta property=\"og:locale:alternate\" content=\"en_UK\" \/>\n<meta property=\"og:type\" content=\"article\" \/>\n<meta property=\"og:title\" content=\"ATELIERE DE CREA\u021aIE\" \/>\n<meta property=\"og:description\" content=\"ATELIERE DE CREA\u021aIE\" \/>\n<meta property=\"og:url\" content=\"https:\/\/muzeulgolesti.ro\/ro\/ateliere-de-creatie\/\" \/>\n<meta property=\"og:site_name\" content=\"Muzeul Viticulturii si Pomiculturii Golesti\" \/>\n<meta property=\"article:publisher\" content=\"https:\/\/web.facebook.com\/www.muzeulgolesti.ro\" \/>\n<meta property=\"article:modified_time\" content=\"2026-03-04T11:11:19+00:00\" \/>\n<meta name=\"twitter:card\" content=\"summary_large_image\" \/>\n<meta name=\"twitter:label1\" content=\"Timp estimat pentru citire\" \/>\n\t<meta name=\"twitter:data1\" content=\"3 minute\" \/>\n<script type=\"application\/ld+json\" class=\"yoast-schema-graph\">{\"@context\":\"https:\\\/\\\/schema.org\",\"@graph\":[{\"@type\":\"WebPage\",\"@id\":\"https:\\\/\\\/muzeulgolesti.ro\\\/en\\\/ateliere-de-creatie\\\/\",\"url\":\"https:\\\/\\\/muzeulgolesti.ro\\\/en\\\/ateliere-de-creatie\\\/\",\"name\":\"ATELIERE DE CREA\u021aIE\",\"isPartOf\":{\"@id\":\"https:\\\/\\\/muzeulgolesti.ro\\\/ro\\\/#website\"},\"datePublished\":\"2020-04-03T06:29:16+00:00\",\"dateModified\":\"2026-03-04T11:11:19+00:00\",\"description\":\"ATELIERE DE CREA\u021aIE\",\"breadcrumb\":{\"@id\":\"https:\\\/\\\/muzeulgolesti.ro\\\/en\\\/ateliere-de-creatie\\\/#breadcrumb\"},\"inLanguage\":\"ro-RO\",\"potentialAction\":[{\"@type\":\"ReadAction\",\"target\":[\"https:\\\/\\\/muzeulgolesti.ro\\\/en\\\/ateliere-de-creatie\\\/\"]}]},{\"@type\":\"BreadcrumbList\",\"@id\":\"https:\\\/\\\/muzeulgolesti.ro\\\/en\\\/ateliere-de-creatie\\\/#breadcrumb\",\"itemListElement\":[{\"@type\":\"ListItem\",\"position\":1,\"name\":\"Prima pagin\u0103\",\"item\":\"https:\\\/\\\/muzeulgolesti.ro\\\/ro\\\/\"},{\"@type\":\"ListItem\",\"position\":2,\"name\":\"Creative workshops\"}]},{\"@type\":\"WebSite\",\"@id\":\"https:\\\/\\\/muzeulgolesti.ro\\\/ro\\\/#website\",\"url\":\"https:\\\/\\\/muzeulgolesti.ro\\\/ro\\\/\",\"name\":\"Muzeul Vititculturii si Pomiculturii Golesti\",\"description\":\"Cultura, Etnografie, Istorie - Muzeul Vititculturii si Pomiculturii Golesti\",\"publisher\":{\"@id\":\"https:\\\/\\\/muzeulgolesti.ro\\\/ro\\\/#organization\"},\"potentialAction\":[{\"@type\":\"SearchAction\",\"target\":{\"@type\":\"EntryPoint\",\"urlTemplate\":\"https:\\\/\\\/muzeulgolesti.ro\\\/ro\\\/?s={search_term_string}\"},\"query-input\":{\"@type\":\"PropertyValueSpecification\",\"valueRequired\":true,\"valueName\":\"search_term_string\"}}],\"inLanguage\":\"ro-RO\"},{\"@type\":\"Organization\",\"@id\":\"https:\\\/\\\/muzeulgolesti.ro\\\/ro\\\/#organization\",\"name\":\"Muzeul Vititculturii si Pomiculturii Golesti\",\"url\":\"https:\\\/\\\/muzeulgolesti.ro\\\/ro\\\/\",\"logo\":{\"@type\":\"ImageObject\",\"inLanguage\":\"ro-RO\",\"@id\":\"https:\\\/\\\/muzeulgolesti.ro\\\/ro\\\/#\\\/schema\\\/logo\\\/image\\\/\",\"url\":\"https:\\\/\\\/muzeulgolesti.ro\\\/wp-content\\\/uploads\\\/2022\\\/11\\\/SiglaMuzeu.jpg\",\"contentUrl\":\"https:\\\/\\\/muzeulgolesti.ro\\\/wp-content\\\/uploads\\\/2022\\\/11\\\/SiglaMuzeu.jpg\",\"width\":86,\"height\":50,\"caption\":\"Muzeul Vititculturii si Pomiculturii Golesti\"},\"image\":{\"@id\":\"https:\\\/\\\/muzeulgolesti.ro\\\/ro\\\/#\\\/schema\\\/logo\\\/image\\\/\"},\"sameAs\":[\"https:\\\/\\\/web.facebook.com\\\/www.muzeulgolesti.ro\"]}]}<\/script>\n<!-- \/ Yoast SEO plugin. -->","yoast_head_json":{"title":"ATELIERE DE CREA\u021aIE","description":"[:ro]ATELIERE DE CREA\u021aIE[:en]Creative workshops[:fr]Ateliers cr\u00e9atifs[:] - Muzeul Viticulturii si Pomiculturii Golesti","robots":{"index":"index","follow":"follow","max-snippet":"max-snippet:-1","max-image-preview":"max-image-preview:large","max-video-preview":"max-video-preview:-1"},"canonical":"https:\/\/muzeulgolesti.ro\/ro\/ateliere-de-creatie\/","og_locale":"ro_RO","og_type":"article","og_title":"[:ro]ATELIERE DE CREA\u021aIE[:en]Creative workshops[:fr]Ateliers cr\u00e9atifs[:] - Muzeul Viticulturii si Pomiculturii Golesti","og_description":"[:ro]ATELIERE DE CREA\u021aIE[:en]Creative workshops[:fr]Ateliers cr\u00e9atifs[:] - Muzeul Viticulturii si Pomiculturii Golesti","og_url":"https:\/\/muzeulgolesti.ro\/ro\/ateliere-de-creatie\/","og_site_name":"Muzeul Viticulturii si Pomiculturii Golesti","article_publisher":"https:\/\/web.facebook.com\/www.muzeulgolesti.ro","article_modified_time":"2026-03-04T11:11:19+00:00","twitter_card":"summary_large_image","twitter_misc":{"Timp estimat pentru citire":"3 minute"},"schema":{"@context":"https:\/\/schema.org","@graph":[{"@type":"WebPage","@id":"https:\/\/muzeulgolesti.ro\/en\/ateliere-de-creatie\/","url":"https:\/\/muzeulgolesti.ro\/en\/ateliere-de-creatie\/","name":"ATELIERE DE CREA\u021aIE","isPartOf":{"@id":"https:\/\/muzeulgolesti.ro\/ro\/#website"},"datePublished":"2020-04-03T06:29:16+00:00","dateModified":"2026-03-04T11:11:19+00:00","description":"ATELIERE DE CREA\u021aIE","breadcrumb":{"@id":"https:\/\/muzeulgolesti.ro\/en\/ateliere-de-creatie\/#breadcrumb"},"inLanguage":"ro-RO","potentialAction":[{"@type":"ReadAction","target":["https:\/\/muzeulgolesti.ro\/en\/ateliere-de-creatie\/"]}]},{"@type":"BreadcrumbList","@id":"https:\/\/muzeulgolesti.ro\/en\/ateliere-de-creatie\/#breadcrumb","itemListElement":[{"@type":"ListItem","position":1,"name":"Prima pagin\u0103","item":"https:\/\/muzeulgolesti.ro\/ro\/"},{"@type":"ListItem","position":2,"name":"Creative workshops"}]},{"@type":"WebSite","@id":"https:\/\/muzeulgolesti.ro\/ro\/#website","url":"https:\/\/muzeulgolesti.ro\/ro\/","name":"Muzeul Vititculturii si Pomiculturii Golesti","description":"Cultura, Etnografie, Istorie - Muzeul Vititculturii si Pomiculturii Golesti","publisher":{"@id":"https:\/\/muzeulgolesti.ro\/ro\/#organization"},"potentialAction":[{"@type":"SearchAction","target":{"@type":"EntryPoint","urlTemplate":"https:\/\/muzeulgolesti.ro\/ro\/?s={search_term_string}"},"query-input":{"@type":"PropertyValueSpecification","valueRequired":true,"valueName":"search_term_string"}}],"inLanguage":"ro-RO"},{"@type":"Organization","@id":"https:\/\/muzeulgolesti.ro\/ro\/#organization","name":"Muzeul Vititculturii si Pomiculturii Golesti","url":"https:\/\/muzeulgolesti.ro\/ro\/","logo":{"@type":"ImageObject","inLanguage":"ro-RO","@id":"https:\/\/muzeulgolesti.ro\/ro\/#\/schema\/logo\/image\/","url":"https:\/\/muzeulgolesti.ro\/wp-content\/uploads\/2022\/11\/SiglaMuzeu.jpg","contentUrl":"https:\/\/muzeulgolesti.ro\/wp-content\/uploads\/2022\/11\/SiglaMuzeu.jpg","width":86,"height":50,"caption":"Muzeul Vititculturii si Pomiculturii Golesti"},"image":{"@id":"https:\/\/muzeulgolesti.ro\/ro\/#\/schema\/logo\/image\/"},"sameAs":["https:\/\/web.facebook.com\/www.muzeulgolesti.ro"]}]}},"_links":{"self":[{"href":"https:\/\/muzeulgolesti.ro\/ro\/wp-json\/wp\/v2\/pages\/3289","targetHints":{"allow":["GET"]}}],"collection":[{"href":"https:\/\/muzeulgolesti.ro\/ro\/wp-json\/wp\/v2\/pages"}],"about":[{"href":"https:\/\/muzeulgolesti.ro\/ro\/wp-json\/wp\/v2\/types\/page"}],"author":[{"embeddable":true,"href":"https:\/\/muzeulgolesti.ro\/ro\/wp-json\/wp\/v2\/users\/4"}],"replies":[{"embeddable":true,"href":"https:\/\/muzeulgolesti.ro\/ro\/wp-json\/wp\/v2\/comments?post=3289"}],"version-history":[{"count":48,"href":"https:\/\/muzeulgolesti.ro\/ro\/wp-json\/wp\/v2\/pages\/3289\/revisions"}],"predecessor-version":[{"id":7745,"href":"https:\/\/muzeulgolesti.ro\/ro\/wp-json\/wp\/v2\/pages\/3289\/revisions\/7745"}],"wp:attachment":[{"href":"https:\/\/muzeulgolesti.ro\/ro\/wp-json\/wp\/v2\/media?parent=3289"}],"curies":[{"name":"wp","href":"https:\/\/api.w.org\/{rel}","templated":true}]}}