{"id":3295,"date":"2020-04-03T06:30:27","date_gmt":"2020-04-03T06:30:27","guid":{"rendered":"https:\/\/muzeulgolesti.ro\/?page_id=3295"},"modified":"2024-08-09T15:42:55","modified_gmt":"2024-08-09T15:42:55","slug":"programe-de-creatie-vacanta-de-vara","status":"publish","type":"page","link":"https:\/\/muzeulgolesti.ro\/ro\/programe-de-creatie-vacanta-de-vara\/","title":{"rendered":"PROGRAME DE CREA\u021aIE (VACAN\u021aA DE VAR\u0102)"},"content":{"rendered":"<p><div class=\"fusion-fullwidth fullwidth-box fusion-builder-row-1 nonhundred-percent-fullwidth non-hundred-percent-height-scrolling\" style=\"--awb-border-radius-top-left:0px;--awb-border-radius-top-right:0px;--awb-border-radius-bottom-right:0px;--awb-border-radius-bottom-left:0px;--awb-flex-wrap:wrap;\" ><div class=\"fusion-builder-row fusion-row\"><div class=\"fusion-layout-column fusion_builder_column fusion-builder-column-0 fusion_builder_column_1_1 1_1 fusion-one-full fusion-column-first fusion-column-last\" style=\"--awb-bg-size:cover;\"><div class=\"fusion-column-wrapper fusion-column-has-shadow fusion-flex-column-wrapper-legacy\"><div class=\"fusion-slider-sc fusion-flexslider-loading flexslider flexslider-hover-type-none\" data-slideshow_autoplay=\"1\" data-slideshow_smooth_height=\"0\" data-slideshow_speed=\"7000\" style=\"max-width:100%;height:100%;\"><ul class=\"slides\"><li class=\"image\"><span class=\"fusion-image-hover-element hover-type-none\"><img decoding=\"async\" src=\"https:\/\/muzeulgolesti.ro\/wp-content\/uploads\/2020\/05\/progcre1.jpg\" width=\"1600\" height=\"900\" class=\"wp-image-4269\" srcset=\"https:\/\/muzeulgolesti.ro\/wp-content\/uploads\/2020\/05\/progcre1-200x113.jpg 200w, https:\/\/muzeulgolesti.ro\/wp-content\/uploads\/2020\/05\/progcre1-400x225.jpg 400w, https:\/\/muzeulgolesti.ro\/wp-content\/uploads\/2020\/05\/progcre1-600x338.jpg 600w, https:\/\/muzeulgolesti.ro\/wp-content\/uploads\/2020\/05\/progcre1-800x450.jpg 800w, https:\/\/muzeulgolesti.ro\/wp-content\/uploads\/2020\/05\/progcre1-1200x675.jpg 1200w, https:\/\/muzeulgolesti.ro\/wp-content\/uploads\/2020\/05\/progcre1.jpg 1600w\" sizes=\"(max-width: 800px) 100vw, 1600px\" \/><\/span><\/li><li class=\"image\"><span class=\"fusion-image-hover-element hover-type-none\"><img decoding=\"async\" src=\"https:\/\/muzeulgolesti.ro\/wp-content\/uploads\/2020\/05\/progcrea3.jpg\" width=\"1600\" height=\"900\" class=\"wp-image-4267\" srcset=\"https:\/\/muzeulgolesti.ro\/wp-content\/uploads\/2020\/05\/progcrea3-200x113.jpg 200w, https:\/\/muzeulgolesti.ro\/wp-content\/uploads\/2020\/05\/progcrea3-400x225.jpg 400w, https:\/\/muzeulgolesti.ro\/wp-content\/uploads\/2020\/05\/progcrea3-600x338.jpg 600w, https:\/\/muzeulgolesti.ro\/wp-content\/uploads\/2020\/05\/progcrea3-800x450.jpg 800w, https:\/\/muzeulgolesti.ro\/wp-content\/uploads\/2020\/05\/progcrea3-1200x675.jpg 1200w, https:\/\/muzeulgolesti.ro\/wp-content\/uploads\/2020\/05\/progcrea3.jpg 1600w\" sizes=\"(max-width: 800px) 100vw, 1600px\" \/><\/span><\/li><li class=\"image\"><span class=\"fusion-image-hover-element hover-type-none\"><img decoding=\"async\" src=\"https:\/\/muzeulgolesti.ro\/wp-content\/uploads\/2020\/05\/progcrea4.jpg\" width=\"1600\" height=\"900\" class=\"wp-image-4266\" srcset=\"https:\/\/muzeulgolesti.ro\/wp-content\/uploads\/2020\/05\/progcrea4-200x113.jpg 200w, https:\/\/muzeulgolesti.ro\/wp-content\/uploads\/2020\/05\/progcrea4-400x225.jpg 400w, https:\/\/muzeulgolesti.ro\/wp-content\/uploads\/2020\/05\/progcrea4-600x338.jpg 600w, https:\/\/muzeulgolesti.ro\/wp-content\/uploads\/2020\/05\/progcrea4-800x450.jpg 800w, https:\/\/muzeulgolesti.ro\/wp-content\/uploads\/2020\/05\/progcrea4-1200x675.jpg 1200w, https:\/\/muzeulgolesti.ro\/wp-content\/uploads\/2020\/05\/progcrea4.jpg 1600w\" sizes=\"(max-width: 800px) 100vw, 1600px\" \/><\/span><\/li><\/ul><\/div><div class=\"fusion-clearfix\"><\/div><\/div><\/div><\/div><\/div><div class=\"fusion-fullwidth fullwidth-box fusion-builder-row-2 nonhundred-percent-fullwidth non-hundred-percent-height-scrolling\" style=\"--awb-border-radius-top-left:0px;--awb-border-radius-top-right:0px;--awb-border-radius-bottom-right:0px;--awb-border-radius-bottom-left:0px;--awb-flex-wrap:wrap;\" ><div class=\"fusion-builder-row fusion-row\"><div class=\"fusion-layout-column fusion_builder_column fusion-builder-column-1 fusion_builder_column_1_1 1_1 fusion-one-full fusion-column-first fusion-column-last\" style=\"--awb-bg-size:cover;\"><div class=\"fusion-column-wrapper fusion-column-has-shadow fusion-flex-column-wrapper-legacy\"><div class=\"fusion-text fusion-text-1\"><p>\u00cen perioada iulie-septembrie 2024, Muzeul Gole\u0219ti\u00a0 desf\u0103\u0219oar\u0103 programul \u201eVacan\u021ba de var\u0103\u2026 la \u021bar\u0103!\u201d.<\/p>\n<p><strong>Iulie<\/strong><\/p>\n<ul>\n<li>1 \u2013 5 iulie, <em>Scriem frumos<\/em>\u2026<em> lec\u021bii de caligrafie<\/em>, coordonator Mariana Paula Limb\u0103lat\u0103.<\/li>\n<li>1-5 iulie, <em>Confec\u021bionare p\u0103pu\u0219i<\/em> \u2026coordonator Mihaela Dumitru. Materiale necesare: fire de tricotat de grosime medie (5mm), \u00een minim 2 culori.<\/li>\n<li>8 \u2013 12 iulie, <em>Buc\u0103t\u0103ra\u015fi pentru o s\u0103pt\u0103m\u00e2n\u0103\u2026, <\/em>coordonator Maria Stroescu. Observa\u021bii: \u00eenscrieri \u00een limita a 25 locuri.<\/li>\n<li>15 \u2013 19 iulie, <em>Pictur\u0103 pe sticl\u0103<\/em> <em>\u0219i lemn,<\/em> coordonator C\u0103t\u0103lina Tuic\u0103.<\/li>\n<li>22-26 iulie, <em>Icoane tradi\u021bionale pictate pe sticl\u0103<\/em>, coordonator Claudia Bl\u00eendu. Materiale necesare: geam+ram\u0103 A4, tuburi acrilice, tub acrilic auriu, compas, marker negru \u2013 Daco (cu dou\u0103 capete), pahar + farfurie unic\u0103 folosin\u021b\u0103, set pensule, seve\u021bele umede \u0219i uscate.<\/li>\n<li>29 iulie \u2013 2 august, <em>Modelarea lutului<\/em>\u2026coordonator Aurelian B\u0103dulescu.<\/li>\n<\/ul>\n<p><strong>August<\/strong><\/p>\n<ul>\n<li>5 \u2013 9 august, <em>Ne distr\u0103m \u015fi \u00eenv\u0103\u0163\u0103m\u2026<\/em>coordonator Simina Arsene.<\/li>\n<li>5 \u2013 9 august, <em>Curs de toac\u0103<\/em> coordonator Nicoleta Grigore.<\/li>\n<li>6 \u2013 9 august, <em>Ini\u021biere \u00een oin\u0103 joc tradi\u021bional rom\u00e2nesc<\/em>, coordonator Victor Popa.<\/li>\n<li>12 \u2013 14 august, <em>Lec\u021bii educative de bune maniere<\/em>, coordonator Claudia Jinga.<\/li>\n<li>19 \u2013 23 august, <em>Jocul \u00een lemn<\/em>, coordonator Romeo Zamfir. Observa\u021bii: \u00eenscrieri \u00een limita a 15 locuri.<\/li>\n<li>26 \u2013 30 august, <em>Arta cus\u0103turilor<\/em>, coordonator C\u0103t\u0103lina Enache.<\/li>\n<li>2 &#8211; 6 septembrie, <em>Ini\u021biere \u00een oin\u0103<\/em> &#8211; <em>joc tradi\u021bional rom\u00e2nesc<\/em>, coordonator Victor Popa.<\/li>\n<\/ul>\n<p><em> Muzeul percepe o tax\u0103 de\u00a0<strong>7 lei\/participant<\/strong>.<\/em><\/p>\n<p><strong>Program<\/strong>:<\/p>\n<p>Orele 10<sup>00<\/sup>-12<sup>00<\/sup><\/p>\n<p>Activit\u0103\u021bile vor avea loc \u00een parcul Gole\u0219tilor.<\/p>\n<p>Program\u0103ri la telefon 0248266364 \u00eentre orele 9<sup>00<\/sup>-16<sup>00<\/sup> (luni-joi)<\/p>\n<p>Se pot \u00eenscrie copii de v\u00e2rst\u0103 \u0219colar\u0103 (minim 5 ani \u00eemplini\u021bi).<\/p>\n<p>Recomandarea noastr\u0103: furniza\u021bi copiilor dvs. lichide (ap\u0103, ceai etc) \u00een cantitate suficient\u0103 \u0219i o gustare.<\/p>\n<\/div><div class=\"fusion-clearfix\"><\/div><\/div><\/div><\/div><\/div><\/p>\n","protected":false},"excerpt":{"rendered":"","protected":false},"author":4,"featured_media":0,"parent":0,"menu_order":0,"comment_status":"closed","ping_status":"closed","template":"100-width.php","meta":{"footnotes":""},"class_list":["post-3295","page","type-page","status-publish","hentry"],"yoast_head":"<!-- This site is optimized with the Yoast SEO plugin v27.5 - https:\/\/yoast.com\/product\/yoast-seo-wordpress\/ -->\n<title>PROGRAME DE CREA\u021aIE (VACAN\u021aA DE VAR\u0102)<\/title>\n<meta name=\"description\" content=\"PROGRAME DE CREA\u021aIE (VACAN\u021aA DE VAR\u0102)\" \/>\n<meta name=\"robots\" content=\"index, follow, max-snippet:-1, max-image-preview:large, max-video-preview:-1\" \/>\n<link rel=\"canonical\" href=\"https:\/\/muzeulgolesti.ro\/ro\/programe-de-creatie-vacanta-de-vara\/\" \/>\n<meta property=\"og:locale\" content=\"ro_RO\" \/>\n<meta property=\"og:locale:alternate\" content=\"en_UK\" \/>\n<meta property=\"og:type\" content=\"article\" \/>\n<meta property=\"og:title\" content=\"PROGRAME DE CREA\u021aIE (VACAN\u021aA DE VAR\u0102)\" \/>\n<meta property=\"og:description\" content=\"PROGRAME DE CREA\u021aIE (VACAN\u021aA DE VAR\u0102)\" \/>\n<meta property=\"og:url\" content=\"https:\/\/muzeulgolesti.ro\/ro\/programe-de-creatie-vacanta-de-vara\/\" \/>\n<meta property=\"og:site_name\" content=\"Muzeul Viticulturii si Pomiculturii Golesti\" \/>\n<meta property=\"article:publisher\" content=\"https:\/\/web.facebook.com\/www.muzeulgolesti.ro\" \/>\n<meta property=\"article:modified_time\" content=\"2024-08-09T15:42:55+00:00\" \/>\n<meta name=\"twitter:card\" content=\"summary_large_image\" \/>\n<meta name=\"twitter:label1\" content=\"Timp estimat pentru citire\" \/>\n\t<meta name=\"twitter:data1\" content=\"2 minute\" \/>\n<script type=\"application\/ld+json\" class=\"yoast-schema-graph\">{\"@context\":\"https:\\\/\\\/schema.org\",\"@graph\":[{\"@type\":\"WebPage\",\"@id\":\"https:\\\/\\\/muzeulgolesti.ro\\\/ro\\\/programe-de-creatie-vacanta-de-vara\\\/\",\"url\":\"https:\\\/\\\/muzeulgolesti.ro\\\/ro\\\/programe-de-creatie-vacanta-de-vara\\\/\",\"name\":\"PROGRAME DE CREA\u021aIE (VACAN\u021aA DE VAR\u0102)\",\"isPartOf\":{\"@id\":\"https:\\\/\\\/muzeulgolesti.ro\\\/ro\\\/#website\"},\"datePublished\":\"2020-04-03T06:30:27+00:00\",\"dateModified\":\"2024-08-09T15:42:55+00:00\",\"description\":\"PROGRAME DE CREA\u021aIE (VACAN\u021aA DE VAR\u0102)\",\"breadcrumb\":{\"@id\":\"https:\\\/\\\/muzeulgolesti.ro\\\/ro\\\/programe-de-creatie-vacanta-de-vara\\\/#breadcrumb\"},\"inLanguage\":\"ro-RO\",\"potentialAction\":[{\"@type\":\"ReadAction\",\"target\":[\"https:\\\/\\\/muzeulgolesti.ro\\\/ro\\\/programe-de-creatie-vacanta-de-vara\\\/\"]}]},{\"@type\":\"BreadcrumbList\",\"@id\":\"https:\\\/\\\/muzeulgolesti.ro\\\/ro\\\/programe-de-creatie-vacanta-de-vara\\\/#breadcrumb\",\"itemListElement\":[{\"@type\":\"ListItem\",\"position\":1,\"name\":\"Prima pagin\u0103\",\"item\":\"https:\\\/\\\/muzeulgolesti.ro\\\/ro\\\/\"},{\"@type\":\"ListItem\",\"position\":2,\"name\":\"PROGRAME DE CREA\u021aIE (VACAN\u021aA DE VAR\u0102)\"}]},{\"@type\":\"WebSite\",\"@id\":\"https:\\\/\\\/muzeulgolesti.ro\\\/ro\\\/#website\",\"url\":\"https:\\\/\\\/muzeulgolesti.ro\\\/ro\\\/\",\"name\":\"Muzeul Vititculturii si Pomiculturii Golesti\",\"description\":\"Cultura, Etnografie, Istorie - Muzeul Vititculturii si Pomiculturii Golesti\",\"publisher\":{\"@id\":\"https:\\\/\\\/muzeulgolesti.ro\\\/ro\\\/#organization\"},\"potentialAction\":[{\"@type\":\"SearchAction\",\"target\":{\"@type\":\"EntryPoint\",\"urlTemplate\":\"https:\\\/\\\/muzeulgolesti.ro\\\/ro\\\/?s={search_term_string}\"},\"query-input\":{\"@type\":\"PropertyValueSpecification\",\"valueRequired\":true,\"valueName\":\"search_term_string\"}}],\"inLanguage\":\"ro-RO\"},{\"@type\":\"Organization\",\"@id\":\"https:\\\/\\\/muzeulgolesti.ro\\\/ro\\\/#organization\",\"name\":\"Muzeul Vititculturii si Pomiculturii Golesti\",\"url\":\"https:\\\/\\\/muzeulgolesti.ro\\\/ro\\\/\",\"logo\":{\"@type\":\"ImageObject\",\"inLanguage\":\"ro-RO\",\"@id\":\"https:\\\/\\\/muzeulgolesti.ro\\\/ro\\\/#\\\/schema\\\/logo\\\/image\\\/\",\"url\":\"https:\\\/\\\/muzeulgolesti.ro\\\/wp-content\\\/uploads\\\/2022\\\/11\\\/SiglaMuzeu.jpg\",\"contentUrl\":\"https:\\\/\\\/muzeulgolesti.ro\\\/wp-content\\\/uploads\\\/2022\\\/11\\\/SiglaMuzeu.jpg\",\"width\":86,\"height\":50,\"caption\":\"Muzeul Vititculturii si Pomiculturii Golesti\"},\"image\":{\"@id\":\"https:\\\/\\\/muzeulgolesti.ro\\\/ro\\\/#\\\/schema\\\/logo\\\/image\\\/\"},\"sameAs\":[\"https:\\\/\\\/web.facebook.com\\\/www.muzeulgolesti.ro\"]}]}<\/script>\n<!-- \/ Yoast SEO plugin. -->","yoast_head_json":{"title":"PROGRAME DE CREA\u021aIE (VACAN\u021aA DE VAR\u0102)","description":"[:ro]PROGRAME DE CREA\u021aIE (VACAN\u021aA DE VAR\u0102)[:en]Creative programs (summer vacation)[:fr]Programmes cr\u00e9atifs (vacances d&#039;\u00e9t\u00e9)[:] - Muzeul Viticulturii si Pomiculturii Golesti","robots":{"index":"index","follow":"follow","max-snippet":"max-snippet:-1","max-image-preview":"max-image-preview:large","max-video-preview":"max-video-preview:-1"},"canonical":"https:\/\/muzeulgolesti.ro\/ro\/programe-de-creatie-vacanta-de-vara\/","og_locale":"ro_RO","og_type":"article","og_title":"[:ro]PROGRAME DE CREA\u021aIE (VACAN\u021aA DE VAR\u0102)[:en]Creative programs (summer vacation)[:fr]Programmes cr\u00e9atifs (vacances d&#039;\u00e9t\u00e9)[:] - Muzeul Viticulturii si Pomiculturii Golesti","og_description":"[:ro]PROGRAME DE CREA\u021aIE (VACAN\u021aA DE VAR\u0102)[:en]Creative programs (summer vacation)[:fr]Programmes cr\u00e9atifs (vacances d&#039;\u00e9t\u00e9)[:] - Muzeul Viticulturii si Pomiculturii Golesti","og_url":"https:\/\/muzeulgolesti.ro\/ro\/programe-de-creatie-vacanta-de-vara\/","og_site_name":"Muzeul Viticulturii si Pomiculturii Golesti","article_publisher":"https:\/\/web.facebook.com\/www.muzeulgolesti.ro","article_modified_time":"2024-08-09T15:42:55+00:00","twitter_card":"summary_large_image","twitter_misc":{"Timp estimat pentru citire":"2 minute"},"schema":{"@context":"https:\/\/schema.org","@graph":[{"@type":"WebPage","@id":"https:\/\/muzeulgolesti.ro\/ro\/programe-de-creatie-vacanta-de-vara\/","url":"https:\/\/muzeulgolesti.ro\/ro\/programe-de-creatie-vacanta-de-vara\/","name":"PROGRAME DE CREA\u021aIE (VACAN\u021aA DE VAR\u0102)","isPartOf":{"@id":"https:\/\/muzeulgolesti.ro\/ro\/#website"},"datePublished":"2020-04-03T06:30:27+00:00","dateModified":"2024-08-09T15:42:55+00:00","description":"PROGRAME DE CREA\u021aIE (VACAN\u021aA DE VAR\u0102)","breadcrumb":{"@id":"https:\/\/muzeulgolesti.ro\/ro\/programe-de-creatie-vacanta-de-vara\/#breadcrumb"},"inLanguage":"ro-RO","potentialAction":[{"@type":"ReadAction","target":["https:\/\/muzeulgolesti.ro\/ro\/programe-de-creatie-vacanta-de-vara\/"]}]},{"@type":"BreadcrumbList","@id":"https:\/\/muzeulgolesti.ro\/ro\/programe-de-creatie-vacanta-de-vara\/#breadcrumb","itemListElement":[{"@type":"ListItem","position":1,"name":"Prima pagin\u0103","item":"https:\/\/muzeulgolesti.ro\/ro\/"},{"@type":"ListItem","position":2,"name":"PROGRAME DE CREA\u021aIE (VACAN\u021aA DE VAR\u0102)"}]},{"@type":"WebSite","@id":"https:\/\/muzeulgolesti.ro\/ro\/#website","url":"https:\/\/muzeulgolesti.ro\/ro\/","name":"Muzeul Vititculturii si Pomiculturii Golesti","description":"Cultura, Etnografie, Istorie - Muzeul Vititculturii si Pomiculturii Golesti","publisher":{"@id":"https:\/\/muzeulgolesti.ro\/ro\/#organization"},"potentialAction":[{"@type":"SearchAction","target":{"@type":"EntryPoint","urlTemplate":"https:\/\/muzeulgolesti.ro\/ro\/?s={search_term_string}"},"query-input":{"@type":"PropertyValueSpecification","valueRequired":true,"valueName":"search_term_string"}}],"inLanguage":"ro-RO"},{"@type":"Organization","@id":"https:\/\/muzeulgolesti.ro\/ro\/#organization","name":"Muzeul Vititculturii si Pomiculturii Golesti","url":"https:\/\/muzeulgolesti.ro\/ro\/","logo":{"@type":"ImageObject","inLanguage":"ro-RO","@id":"https:\/\/muzeulgolesti.ro\/ro\/#\/schema\/logo\/image\/","url":"https:\/\/muzeulgolesti.ro\/wp-content\/uploads\/2022\/11\/SiglaMuzeu.jpg","contentUrl":"https:\/\/muzeulgolesti.ro\/wp-content\/uploads\/2022\/11\/SiglaMuzeu.jpg","width":86,"height":50,"caption":"Muzeul Vititculturii si Pomiculturii Golesti"},"image":{"@id":"https:\/\/muzeulgolesti.ro\/ro\/#\/schema\/logo\/image\/"},"sameAs":["https:\/\/web.facebook.com\/www.muzeulgolesti.ro"]}]}},"_links":{"self":[{"href":"https:\/\/muzeulgolesti.ro\/ro\/wp-json\/wp\/v2\/pages\/3295","targetHints":{"allow":["GET"]}}],"collection":[{"href":"https:\/\/muzeulgolesti.ro\/ro\/wp-json\/wp\/v2\/pages"}],"about":[{"href":"https:\/\/muzeulgolesti.ro\/ro\/wp-json\/wp\/v2\/types\/page"}],"author":[{"embeddable":true,"href":"https:\/\/muzeulgolesti.ro\/ro\/wp-json\/wp\/v2\/users\/4"}],"replies":[{"embeddable":true,"href":"https:\/\/muzeulgolesti.ro\/ro\/wp-json\/wp\/v2\/comments?post=3295"}],"version-history":[{"count":26,"href":"https:\/\/muzeulgolesti.ro\/ro\/wp-json\/wp\/v2\/pages\/3295\/revisions"}],"predecessor-version":[{"id":6592,"href":"https:\/\/muzeulgolesti.ro\/ro\/wp-json\/wp\/v2\/pages\/3295\/revisions\/6592"}],"wp:attachment":[{"href":"https:\/\/muzeulgolesti.ro\/ro\/wp-json\/wp\/v2\/media?parent=3295"}],"curies":[{"name":"wp","href":"https:\/\/api.w.org\/{rel}","templated":true}]}}