{"id":3299,"date":"2020-04-03T06:31:02","date_gmt":"2020-04-03T06:31:02","guid":{"rendered":"https:\/\/muzeulgolesti.ro\/?page_id=3299"},"modified":"2025-01-14T10:54:40","modified_gmt":"2025-01-14T10:54:40","slug":"atelierele-lui-mos-craciun","status":"publish","type":"page","link":"https:\/\/muzeulgolesti.ro\/ro\/atelierele-lui-mos-craciun\/","title":{"rendered":"ATELIERELE LUI MO\u0218 CR\u0102CIUN"},"content":{"rendered":"<p><div class=\"fusion-fullwidth fullwidth-box fusion-builder-row-1 nonhundred-percent-fullwidth non-hundred-percent-height-scrolling\" style=\"--awb-border-radius-top-left:0px;--awb-border-radius-top-right:0px;--awb-border-radius-bottom-right:0px;--awb-border-radius-bottom-left:0px;--awb-flex-wrap:wrap;\" ><div class=\"fusion-builder-row fusion-row\"><div class=\"fusion-layout-column fusion_builder_column fusion-builder-column-0 fusion_builder_column_1_1 1_1 fusion-one-full fusion-column-first fusion-column-last\" style=\"--awb-bg-size:cover;\"><div class=\"fusion-column-wrapper fusion-column-has-shadow fusion-flex-column-wrapper-legacy\"><div class=\"fusion-slider-sc fusion-flexslider-loading flexslider flexslider-hover-type-none\" data-slideshow_autoplay=\"1\" data-slideshow_smooth_height=\"0\" data-slideshow_speed=\"7000\" style=\"max-width:100%;height:100%;\"><ul class=\"slides\"><li class=\"image\"><span class=\"fusion-image-hover-element hover-type-none\"><img decoding=\"async\" src=\"https:\/\/muzeulgolesti.ro\/wp-content\/uploads\/2020\/05\/ateliermc3.jpg\" width=\"1600\" height=\"900\" class=\"wp-image-4271\" srcset=\"https:\/\/muzeulgolesti.ro\/wp-content\/uploads\/2020\/05\/ateliermc3-200x113.jpg 200w, https:\/\/muzeulgolesti.ro\/wp-content\/uploads\/2020\/05\/ateliermc3-400x225.jpg 400w, https:\/\/muzeulgolesti.ro\/wp-content\/uploads\/2020\/05\/ateliermc3-600x338.jpg 600w, https:\/\/muzeulgolesti.ro\/wp-content\/uploads\/2020\/05\/ateliermc3-800x450.jpg 800w, https:\/\/muzeulgolesti.ro\/wp-content\/uploads\/2020\/05\/ateliermc3-1200x675.jpg 1200w, https:\/\/muzeulgolesti.ro\/wp-content\/uploads\/2020\/05\/ateliermc3.jpg 1600w\" sizes=\"(max-width: 800px) 100vw, 1600px\" \/><\/span><\/li><li class=\"image\"><span class=\"fusion-image-hover-element hover-type-none\"><img decoding=\"async\" src=\"https:\/\/muzeulgolesti.ro\/wp-content\/uploads\/2020\/05\/ateliermc2.jpg\" width=\"1600\" height=\"900\" class=\"wp-image-4272\" srcset=\"https:\/\/muzeulgolesti.ro\/wp-content\/uploads\/2020\/05\/ateliermc2-200x113.jpg 200w, https:\/\/muzeulgolesti.ro\/wp-content\/uploads\/2020\/05\/ateliermc2-400x225.jpg 400w, https:\/\/muzeulgolesti.ro\/wp-content\/uploads\/2020\/05\/ateliermc2-600x338.jpg 600w, https:\/\/muzeulgolesti.ro\/wp-content\/uploads\/2020\/05\/ateliermc2-800x450.jpg 800w, https:\/\/muzeulgolesti.ro\/wp-content\/uploads\/2020\/05\/ateliermc2-1200x675.jpg 1200w, https:\/\/muzeulgolesti.ro\/wp-content\/uploads\/2020\/05\/ateliermc2.jpg 1600w\" sizes=\"(max-width: 800px) 100vw, 1600px\" \/><\/span><\/li><li class=\"image\"><span class=\"fusion-image-hover-element hover-type-none\"><img decoding=\"async\" src=\"https:\/\/muzeulgolesti.ro\/wp-content\/uploads\/2023\/01\/02.jpg\" width=\"1200\" height=\"1600\" class=\"wp-image-4996\" srcset=\"https:\/\/muzeulgolesti.ro\/wp-content\/uploads\/2023\/01\/02-200x267.jpg 200w, https:\/\/muzeulgolesti.ro\/wp-content\/uploads\/2023\/01\/02-400x533.jpg 400w, https:\/\/muzeulgolesti.ro\/wp-content\/uploads\/2023\/01\/02-600x800.jpg 600w, https:\/\/muzeulgolesti.ro\/wp-content\/uploads\/2023\/01\/02-800x1067.jpg 800w, https:\/\/muzeulgolesti.ro\/wp-content\/uploads\/2023\/01\/02.jpg 1200w\" sizes=\"(max-width: 800px) 100vw, 1200px\" \/><\/span><\/li><li class=\"image\"><span class=\"fusion-image-hover-element hover-type-none\"><img decoding=\"async\" src=\"https:\/\/muzeulgolesti.ro\/wp-content\/uploads\/2023\/01\/01.jpg\" width=\"1200\" height=\"1600\" class=\"wp-image-4995\" srcset=\"https:\/\/muzeulgolesti.ro\/wp-content\/uploads\/2023\/01\/01-200x267.jpg 200w, https:\/\/muzeulgolesti.ro\/wp-content\/uploads\/2023\/01\/01-400x533.jpg 400w, https:\/\/muzeulgolesti.ro\/wp-content\/uploads\/2023\/01\/01-600x800.jpg 600w, https:\/\/muzeulgolesti.ro\/wp-content\/uploads\/2023\/01\/01-800x1067.jpg 800w, https:\/\/muzeulgolesti.ro\/wp-content\/uploads\/2023\/01\/01.jpg 1200w\" sizes=\"(max-width: 800px) 100vw, 1200px\" \/><\/span><\/li><li class=\"image\"><span class=\"fusion-image-hover-element hover-type-none\"><img decoding=\"async\" src=\"https:\/\/muzeulgolesti.ro\/wp-content\/uploads\/2023\/09\/Decoratiuni-lemn.jpg\" width=\"1500\" height=\"1418\" class=\"wp-image-5783\" srcset=\"https:\/\/muzeulgolesti.ro\/wp-content\/uploads\/2023\/09\/Decoratiuni-lemn-200x189.jpg 200w, https:\/\/muzeulgolesti.ro\/wp-content\/uploads\/2023\/09\/Decoratiuni-lemn-400x378.jpg 400w, https:\/\/muzeulgolesti.ro\/wp-content\/uploads\/2023\/09\/Decoratiuni-lemn-600x567.jpg 600w, https:\/\/muzeulgolesti.ro\/wp-content\/uploads\/2023\/09\/Decoratiuni-lemn-800x756.jpg 800w, https:\/\/muzeulgolesti.ro\/wp-content\/uploads\/2023\/09\/Decoratiuni-lemn-1200x1134.jpg 1200w, https:\/\/muzeulgolesti.ro\/wp-content\/uploads\/2023\/09\/Decoratiuni-lemn.jpg 1500w\" sizes=\"(max-width: 800px) 100vw, 1500px\" \/><\/span><\/li><\/ul><\/div><div class=\"fusion-clearfix\"><\/div><\/div><\/div><\/div><\/div><div class=\"fusion-fullwidth fullwidth-box fusion-builder-row-2 nonhundred-percent-fullwidth non-hundred-percent-height-scrolling\" style=\"--awb-border-radius-top-left:0px;--awb-border-radius-top-right:0px;--awb-border-radius-bottom-right:0px;--awb-border-radius-bottom-left:0px;--awb-flex-wrap:wrap;\" ><div class=\"fusion-builder-row fusion-row\"><div class=\"fusion-layout-column fusion_builder_column fusion-builder-column-1 fusion_builder_column_1_1 1_1 fusion-one-full fusion-column-first fusion-column-last\" style=\"--awb-bg-size:cover;\"><div class=\"fusion-column-wrapper fusion-column-has-shadow fusion-flex-column-wrapper-legacy\"><div class=\"fusion-text fusion-text-1\"><p>Cea mai frumoas\u0103, cea mai iubit\u0103 \u0219i cea mai a\u0219teptat\u0103 de c\u0103tre copii s\u0103rb\u0103toare a anului este Cr\u0103ciunul. Miros de cozonaci \u0219i pl\u0103cinte, bucuria de a \u00eempodobi bradul, joaca \u00een z\u0103pad\u0103, speran\u021ba \u0219i ner\u0103bdarea cu care este a\u0219teptat\u0103 venirea lui Mo\u0219 Cr\u0103ciun \u0219i a cadourilor pe care el le aduce.<\/p>\n<p><strong>Noile ateliere ale lui Mo\u0219 Cr\u0103ciun!!<\/strong><\/p>\n<p><strong>Iarna pe uli\u021b\u0103<\/strong>\u00a0&#8211; tablouri din fetru \u0219i materiale naturale &#8211; 25 lei\/copil<\/p>\n<p><strong>Decorarea ornamentelor de lemn pentru bradul de Cr\u0103ciun <\/strong>(3 ornamente) &#8211; 25 lei\/copil<\/p>\n<p><strong>Atelier de globule\u0163e decorate prin tehnica \u015fervetelului<\/strong> (2 globule\u0163e\/copil) &#8211; 25 lei\/copil<\/p>\n<p>***<\/p>\n<p><strong>Atelier de pictur\u0103 pe globule\u021be<\/strong> \u2013 2 globule\u021be\/copil \u2013 coordonatoare Malvine Mocenco &#8211;\u00a0 25 lei\/copil<\/p>\n<p><strong>Atelier de pictur\u0103 pe por\u021belan (farfurii) cu tematica s\u0103rb\u0103torilor de iarn\u0103<\/strong> &#8211; coordonatoare Malvine Mocenco &#8211;\u00a0 25 lei\/copil<\/p>\n<p><strong>Atelier de pictur\u0103 pe sticl\u0103 (c\u0103ni) cu tematica s\u0103rb\u0103torilor de iarn\u0103<\/strong> &#8211; coordonatoare Malvine Mocenco &#8211;\u00a0 25 lei\/copil<\/p>\n<p><strong>Atelier de confec\u021bionare a decora\u021biunilor din lut pentru bradul de Cr\u0103ciun\u00a0<\/strong>&#8211; coordonatoare Nicoleta Mitroi \u00a0&#8211; \u00a025 lei\/copil (grup minim de 40 de elevi)<\/p>\n<p><strong>Atelierul de confec\u021bionare a sorcovelor<\/strong>\u00a0&#8211; \u00a0coordonatoare Nicoleta Mitroi \u00a0&#8211; \u00a025 lei\/copil (grup minim de 40 de elevi)<\/p>\n<p><strong>Atelierul de linguri pictate cu vedetele lunii decembrie: Mo\u0219 Cr\u0103ciun, Omul de z\u0103pad\u0103, Spiridu\u0219ii mo\u0219ului<\/strong>\u00a0&#8211; \u00a0coordonatoare Nicoleta Mitroi \u00a0&#8211; \u00a025 lei\/copil (grup minim de 40 de elevi)<\/p>\n<p>***<\/p>\n<p>Tarifele vor fi \u00eencasate de me\u0219terii populari \/ coordonatorii atelierelor.\u00a0\u00a0Muzeul percepe o tax\u0103 de 10 lei\/participant\/atelier care nu este inclus\u0103 \u00een pre\u021bul atelierului de crea\u021bie.<\/p>\n<p>Este necesar\u0103 programarea la num\u0103rul de telefon\u00a0<strong>0248\/266364.<\/strong><\/p>\n<\/div><div class=\"fusion-clearfix\"><\/div><\/div><\/div><\/div><\/div><\/p>\n","protected":false},"excerpt":{"rendered":"","protected":false},"author":4,"featured_media":0,"parent":0,"menu_order":0,"comment_status":"closed","ping_status":"closed","template":"","meta":{"footnotes":""},"class_list":["post-3299","page","type-page","status-publish","hentry"],"yoast_head":"<!-- This site is optimized with the Yoast SEO plugin v27.5 - https:\/\/yoast.com\/product\/yoast-seo-wordpress\/ -->\n<title>ATELIERELE LUI MO\u0218 CR\u0102CIUN<\/title>\n<meta name=\"description\" content=\"ATELIERELE LUI MO\u0218 CR\u0102CIUN\" \/>\n<meta name=\"robots\" content=\"index, follow, max-snippet:-1, max-image-preview:large, max-video-preview:-1\" \/>\n<link rel=\"canonical\" href=\"https:\/\/muzeulgolesti.ro\/ro\/atelierele-lui-mos-craciun\/\" \/>\n<meta property=\"og:locale\" content=\"ro_RO\" \/>\n<meta property=\"og:locale:alternate\" content=\"en_UK\" \/>\n<meta property=\"og:type\" content=\"article\" \/>\n<meta property=\"og:title\" content=\"ATELIERELE LUI MO\u0218 CR\u0102CIUN\" \/>\n<meta property=\"og:description\" content=\"ATELIERELE LUI MO\u0218 CR\u0102CIUN\" \/>\n<meta property=\"og:url\" content=\"https:\/\/muzeulgolesti.ro\/ro\/atelierele-lui-mos-craciun\/\" \/>\n<meta property=\"og:site_name\" content=\"Muzeul Viticulturii si Pomiculturii Golesti\" \/>\n<meta property=\"article:publisher\" content=\"https:\/\/web.facebook.com\/www.muzeulgolesti.ro\" \/>\n<meta property=\"article:modified_time\" content=\"2025-01-14T10:54:40+00:00\" \/>\n<meta name=\"twitter:card\" content=\"summary_large_image\" \/>\n<meta name=\"twitter:label1\" content=\"Timp estimat pentru citire\" \/>\n\t<meta name=\"twitter:data1\" content=\"3 minute\" \/>\n<script type=\"application\/ld+json\" class=\"yoast-schema-graph\">{\"@context\":\"https:\\\/\\\/schema.org\",\"@graph\":[{\"@type\":\"WebPage\",\"@id\":\"https:\\\/\\\/muzeulgolesti.ro\\\/ro\\\/atelierele-lui-mos-craciun\\\/\",\"url\":\"https:\\\/\\\/muzeulgolesti.ro\\\/ro\\\/atelierele-lui-mos-craciun\\\/\",\"name\":\"ATELIERELE LUI MO\u0218 CR\u0102CIUN\",\"isPartOf\":{\"@id\":\"https:\\\/\\\/muzeulgolesti.ro\\\/ro\\\/#website\"},\"datePublished\":\"2020-04-03T06:31:02+00:00\",\"dateModified\":\"2025-01-14T10:54:40+00:00\",\"description\":\"ATELIERELE LUI MO\u0218 CR\u0102CIUN\",\"breadcrumb\":{\"@id\":\"https:\\\/\\\/muzeulgolesti.ro\\\/ro\\\/atelierele-lui-mos-craciun\\\/#breadcrumb\"},\"inLanguage\":\"ro-RO\",\"potentialAction\":[{\"@type\":\"ReadAction\",\"target\":[\"https:\\\/\\\/muzeulgolesti.ro\\\/ro\\\/atelierele-lui-mos-craciun\\\/\"]}]},{\"@type\":\"BreadcrumbList\",\"@id\":\"https:\\\/\\\/muzeulgolesti.ro\\\/ro\\\/atelierele-lui-mos-craciun\\\/#breadcrumb\",\"itemListElement\":[{\"@type\":\"ListItem\",\"position\":1,\"name\":\"Prima pagin\u0103\",\"item\":\"https:\\\/\\\/muzeulgolesti.ro\\\/ro\\\/\"},{\"@type\":\"ListItem\",\"position\":2,\"name\":\"ATELIERELE LUI MO\u0218 CR\u0102CIUN\"}]},{\"@type\":\"WebSite\",\"@id\":\"https:\\\/\\\/muzeulgolesti.ro\\\/ro\\\/#website\",\"url\":\"https:\\\/\\\/muzeulgolesti.ro\\\/ro\\\/\",\"name\":\"Muzeul Vititculturii si Pomiculturii Golesti\",\"description\":\"Cultura, Etnografie, Istorie - Muzeul Vititculturii si Pomiculturii Golesti\",\"publisher\":{\"@id\":\"https:\\\/\\\/muzeulgolesti.ro\\\/ro\\\/#organization\"},\"potentialAction\":[{\"@type\":\"SearchAction\",\"target\":{\"@type\":\"EntryPoint\",\"urlTemplate\":\"https:\\\/\\\/muzeulgolesti.ro\\\/ro\\\/?s={search_term_string}\"},\"query-input\":{\"@type\":\"PropertyValueSpecification\",\"valueRequired\":true,\"valueName\":\"search_term_string\"}}],\"inLanguage\":\"ro-RO\"},{\"@type\":\"Organization\",\"@id\":\"https:\\\/\\\/muzeulgolesti.ro\\\/ro\\\/#organization\",\"name\":\"Muzeul Vititculturii si Pomiculturii Golesti\",\"url\":\"https:\\\/\\\/muzeulgolesti.ro\\\/ro\\\/\",\"logo\":{\"@type\":\"ImageObject\",\"inLanguage\":\"ro-RO\",\"@id\":\"https:\\\/\\\/muzeulgolesti.ro\\\/ro\\\/#\\\/schema\\\/logo\\\/image\\\/\",\"url\":\"https:\\\/\\\/muzeulgolesti.ro\\\/wp-content\\\/uploads\\\/2022\\\/11\\\/SiglaMuzeu.jpg\",\"contentUrl\":\"https:\\\/\\\/muzeulgolesti.ro\\\/wp-content\\\/uploads\\\/2022\\\/11\\\/SiglaMuzeu.jpg\",\"width\":86,\"height\":50,\"caption\":\"Muzeul Vititculturii si Pomiculturii Golesti\"},\"image\":{\"@id\":\"https:\\\/\\\/muzeulgolesti.ro\\\/ro\\\/#\\\/schema\\\/logo\\\/image\\\/\"},\"sameAs\":[\"https:\\\/\\\/web.facebook.com\\\/www.muzeulgolesti.ro\"]}]}<\/script>\n<!-- \/ Yoast SEO plugin. -->","yoast_head_json":{"title":"ATELIERELE LUI MO\u0218 CR\u0102CIUN","description":"[:ro]ATELIERELE LUI MO\u0218 CR\u0102CIUN[:en]Santa Claus&#039;s workshops[:fr]Les ateliers de P\u00e8re No\u00ebl[:] - Muzeul Viticulturii si Pomiculturii Golesti","robots":{"index":"index","follow":"follow","max-snippet":"max-snippet:-1","max-image-preview":"max-image-preview:large","max-video-preview":"max-video-preview:-1"},"canonical":"https:\/\/muzeulgolesti.ro\/ro\/atelierele-lui-mos-craciun\/","og_locale":"ro_RO","og_type":"article","og_title":"[:ro]ATELIERELE LUI MO\u0218 CR\u0102CIUN[:en]Santa Claus&#039;s workshops[:fr]Les ateliers de P\u00e8re No\u00ebl[:] - Muzeul Viticulturii si Pomiculturii Golesti","og_description":"[:ro]ATELIERELE LUI MO\u0218 CR\u0102CIUN[:en]Santa Claus&#039;s workshops[:fr]Les ateliers de P\u00e8re No\u00ebl[:] - Muzeul Viticulturii si Pomiculturii Golesti","og_url":"https:\/\/muzeulgolesti.ro\/ro\/atelierele-lui-mos-craciun\/","og_site_name":"Muzeul Viticulturii si Pomiculturii Golesti","article_publisher":"https:\/\/web.facebook.com\/www.muzeulgolesti.ro","article_modified_time":"2025-01-14T10:54:40+00:00","twitter_card":"summary_large_image","twitter_misc":{"Timp estimat pentru citire":"3 minute"},"schema":{"@context":"https:\/\/schema.org","@graph":[{"@type":"WebPage","@id":"https:\/\/muzeulgolesti.ro\/ro\/atelierele-lui-mos-craciun\/","url":"https:\/\/muzeulgolesti.ro\/ro\/atelierele-lui-mos-craciun\/","name":"ATELIERELE LUI MO\u0218 CR\u0102CIUN","isPartOf":{"@id":"https:\/\/muzeulgolesti.ro\/ro\/#website"},"datePublished":"2020-04-03T06:31:02+00:00","dateModified":"2025-01-14T10:54:40+00:00","description":"ATELIERELE LUI MO\u0218 CR\u0102CIUN","breadcrumb":{"@id":"https:\/\/muzeulgolesti.ro\/ro\/atelierele-lui-mos-craciun\/#breadcrumb"},"inLanguage":"ro-RO","potentialAction":[{"@type":"ReadAction","target":["https:\/\/muzeulgolesti.ro\/ro\/atelierele-lui-mos-craciun\/"]}]},{"@type":"BreadcrumbList","@id":"https:\/\/muzeulgolesti.ro\/ro\/atelierele-lui-mos-craciun\/#breadcrumb","itemListElement":[{"@type":"ListItem","position":1,"name":"Prima pagin\u0103","item":"https:\/\/muzeulgolesti.ro\/ro\/"},{"@type":"ListItem","position":2,"name":"ATELIERELE LUI MO\u0218 CR\u0102CIUN"}]},{"@type":"WebSite","@id":"https:\/\/muzeulgolesti.ro\/ro\/#website","url":"https:\/\/muzeulgolesti.ro\/ro\/","name":"Muzeul Vititculturii si Pomiculturii Golesti","description":"Cultura, Etnografie, Istorie - Muzeul Vititculturii si Pomiculturii Golesti","publisher":{"@id":"https:\/\/muzeulgolesti.ro\/ro\/#organization"},"potentialAction":[{"@type":"SearchAction","target":{"@type":"EntryPoint","urlTemplate":"https:\/\/muzeulgolesti.ro\/ro\/?s={search_term_string}"},"query-input":{"@type":"PropertyValueSpecification","valueRequired":true,"valueName":"search_term_string"}}],"inLanguage":"ro-RO"},{"@type":"Organization","@id":"https:\/\/muzeulgolesti.ro\/ro\/#organization","name":"Muzeul Vititculturii si Pomiculturii Golesti","url":"https:\/\/muzeulgolesti.ro\/ro\/","logo":{"@type":"ImageObject","inLanguage":"ro-RO","@id":"https:\/\/muzeulgolesti.ro\/ro\/#\/schema\/logo\/image\/","url":"https:\/\/muzeulgolesti.ro\/wp-content\/uploads\/2022\/11\/SiglaMuzeu.jpg","contentUrl":"https:\/\/muzeulgolesti.ro\/wp-content\/uploads\/2022\/11\/SiglaMuzeu.jpg","width":86,"height":50,"caption":"Muzeul Vititculturii si Pomiculturii Golesti"},"image":{"@id":"https:\/\/muzeulgolesti.ro\/ro\/#\/schema\/logo\/image\/"},"sameAs":["https:\/\/web.facebook.com\/www.muzeulgolesti.ro"]}]}},"_links":{"self":[{"href":"https:\/\/muzeulgolesti.ro\/ro\/wp-json\/wp\/v2\/pages\/3299","targetHints":{"allow":["GET"]}}],"collection":[{"href":"https:\/\/muzeulgolesti.ro\/ro\/wp-json\/wp\/v2\/pages"}],"about":[{"href":"https:\/\/muzeulgolesti.ro\/ro\/wp-json\/wp\/v2\/types\/page"}],"author":[{"embeddable":true,"href":"https:\/\/muzeulgolesti.ro\/ro\/wp-json\/wp\/v2\/users\/4"}],"replies":[{"embeddable":true,"href":"https:\/\/muzeulgolesti.ro\/ro\/wp-json\/wp\/v2\/comments?post=3299"}],"version-history":[{"count":20,"href":"https:\/\/muzeulgolesti.ro\/ro\/wp-json\/wp\/v2\/pages\/3299\/revisions"}],"predecessor-version":[{"id":6905,"href":"https:\/\/muzeulgolesti.ro\/ro\/wp-json\/wp\/v2\/pages\/3299\/revisions\/6905"}],"wp:attachment":[{"href":"https:\/\/muzeulgolesti.ro\/ro\/wp-json\/wp\/v2\/media?parent=3299"}],"curies":[{"name":"wp","href":"https:\/\/api.w.org\/{rel}","templated":true}]}}