{"id":3336,"date":"2020-04-03T08:02:55","date_gmt":"2020-04-03T08:02:55","guid":{"rendered":"https:\/\/muzeulgolesti.ro\/?page_id=3336"},"modified":"2020-06-12T08:59:50","modified_gmt":"2020-06-12T08:59:50","slug":"scoala-lui-dinicu-golescu","status":"publish","type":"page","link":"https:\/\/muzeulgolesti.ro\/ro\/scoala-lui-dinicu-golescu\/","title":{"rendered":"\u0218COALA LUI DINICU GOLESCU"},"content":{"rendered":"<div class=\"fusion-fullwidth fullwidth-box fusion-builder-row-1 nonhundred-percent-fullwidth non-hundred-percent-height-scrolling\" style=\"--awb-border-radius-top-left:0px;--awb-border-radius-top-right:0px;--awb-border-radius-bottom-right:0px;--awb-border-radius-bottom-left:0px;--awb-flex-wrap:wrap;\" ><div class=\"fusion-builder-row fusion-row\"><div class=\"fusion-layout-column fusion_builder_column fusion-builder-column-0 fusion_builder_column_1_1 1_1 fusion-one-full fusion-column-first fusion-column-last\" style=\"--awb-bg-size:cover;\"><div class=\"fusion-column-wrapper fusion-column-has-shadow fusion-flex-column-wrapper-legacy\"><div class=\"fusion-slider-sc fusion-flexslider-loading flexslider flexslider-hover-type-none\" data-slideshow_autoplay=\"1\" data-slideshow_smooth_height=\"0\" data-slideshow_speed=\"7000\" style=\"max-width:100%;height:100%;\"><ul class=\"slides\"><li class=\"image\"><span class=\"fusion-image-hover-element hover-type-none\"><img decoding=\"async\" src=\"https:\/\/muzeulgolesti.ro\/wp-content\/uploads\/2020\/05\/scoalaluidinicu2.jpg\" width=\"1600\" height=\"900\" class=\"wp-image-4243\" srcset=\"https:\/\/muzeulgolesti.ro\/wp-content\/uploads\/2020\/05\/scoalaluidinicu2-200x113.jpg 200w, https:\/\/muzeulgolesti.ro\/wp-content\/uploads\/2020\/05\/scoalaluidinicu2-400x225.jpg 400w, https:\/\/muzeulgolesti.ro\/wp-content\/uploads\/2020\/05\/scoalaluidinicu2-600x338.jpg 600w, https:\/\/muzeulgolesti.ro\/wp-content\/uploads\/2020\/05\/scoalaluidinicu2-800x450.jpg 800w, https:\/\/muzeulgolesti.ro\/wp-content\/uploads\/2020\/05\/scoalaluidinicu2-1200x675.jpg 1200w, https:\/\/muzeulgolesti.ro\/wp-content\/uploads\/2020\/05\/scoalaluidinicu2.jpg 1600w\" sizes=\"(max-width: 800px) 100vw, 1600px\" \/><\/span><\/li><li class=\"image\"><span class=\"fusion-image-hover-element hover-type-none\"><img decoding=\"async\" src=\"https:\/\/muzeulgolesti.ro\/wp-content\/uploads\/2020\/05\/scoalaluidinicu1.jpg\" width=\"1600\" height=\"900\" class=\"wp-image-4244\" srcset=\"https:\/\/muzeulgolesti.ro\/wp-content\/uploads\/2020\/05\/scoalaluidinicu1-200x113.jpg 200w, https:\/\/muzeulgolesti.ro\/wp-content\/uploads\/2020\/05\/scoalaluidinicu1-400x225.jpg 400w, https:\/\/muzeulgolesti.ro\/wp-content\/uploads\/2020\/05\/scoalaluidinicu1-600x338.jpg 600w, https:\/\/muzeulgolesti.ro\/wp-content\/uploads\/2020\/05\/scoalaluidinicu1-800x450.jpg 800w, https:\/\/muzeulgolesti.ro\/wp-content\/uploads\/2020\/05\/scoalaluidinicu1-1200x675.jpg 1200w, https:\/\/muzeulgolesti.ro\/wp-content\/uploads\/2020\/05\/scoalaluidinicu1.jpg 1600w\" sizes=\"(max-width: 800px) 100vw, 1600px\" \/><\/span><\/li><\/ul><\/div><div class=\"fusion-text fusion-text-1\"><div class=\"contentTextBody\">\n<div>\n<p>Sus\u021bin\u0103tori ai \u00eenv\u0103\u021b\u0103m\u00e2ntului \u00een limba rom\u00e2n\u0103, ei \u00een\u0219i\u0219i mari c\u0103rturari, boierii Gole\u0219ti au \u00eenfiin\u021bat o \u0219coal\u0103 pe domeniul lor, pentru copiii din sat care doreau s\u0103 \u00eenve\u021be. \u0218coala a func\u021bionat cu intermiten\u021be \u00een prima jum\u0103tate a veacului al XIX-lea, \u00een vremea banului Radu Golescu, apoi din 1826 a fost redeschis\u0103 de Dinicu Golescu &#8211;\u00a0 p\u00e2n\u0103 la o dat\u0103 pe care, lipsa de informa\u021bii, nu ne las\u0103 a o preciza. S\u0103lile de clas\u0103 \u0219i dormitoarele erau \u00een camerele din partea dreapt\u0103 a foi\u0219orului de paz\u0103, iar \u00een gr\u0103dina conacului se realizau lucr\u0103ri practice \u0219i, \u00een timpul liber, era locul de joac\u0103 al copiilor. Dou\u0103 mari personalit\u0103\u021bi ale \u00eenv\u0103\u021b\u0103m\u00e2ntului rom\u00e2nesc au predat aici: Ion Heliade R\u0103dulescu \u0219i Aaron Florian. \u00cen \u0219coala de la Gole\u0219ti se predau citirea, scrierea, elemente de gramatic\u0103 \u015fi de aritmetic\u0103, istoria rom\u00e2nilor \u015fi a \u201e\u0163\u0103rilor celor mai vestite\u201d, geografia \u0162\u0103rii Rom\u00e2ne\u015fti, dar \u015fi geografia Europei \u015fi a altor continente, mitologie, poetica, religia, logica, filosofia, metafizica, morala, algebra \u015fi geometria, arta dramatic\u0103, muzica. Paralel cu instruc\u0163ia \u015fcolar\u0103 propriu-zis\u0103, fetele \u00eenv\u0103\u0163au s\u0103 \u00eempleteasc\u0103, s\u0103 coas\u0103 \u015fi alte asemenea lucruri necesare \u00een gospod\u0103rie. L\u0103di\u021ba cu nisip \u00een care se exersau slovele, t\u0103bli\u021be de ardezie, b\u0103nci \u0219i pupitre, manuale \u0219i c\u0103r\u021bi vechi, \u201eSf\u00e2ntul Nicolae\u201d (nuiaua folosit\u0103 pentru a-i pedepsi pe \u0219colari), clopo\u021belul care chema copiii la ore v\u0103 duc \u00een timp, \u00een anul 1826, \u00eentr-una dintre primele \u0219coli moderne din \u021aara Rom\u00e2neasc\u0103.<\/p>\n<\/div>\n<\/div>\n<\/div><div class=\"fusion-clearfix\"><\/div><\/div><\/div><\/div><\/div>\n","protected":false},"excerpt":{"rendered":"","protected":false},"author":4,"featured_media":0,"parent":0,"menu_order":0,"comment_status":"closed","ping_status":"closed","template":"","meta":{"footnotes":""},"class_list":["post-3336","page","type-page","status-publish","hentry"],"yoast_head":"<!-- This site is optimized with the Yoast SEO plugin v27.5 - https:\/\/yoast.com\/product\/yoast-seo-wordpress\/ -->\n<title>\u0218COALA LUI DINICU GOLESCU<\/title>\n<meta name=\"description\" content=\"\u0218COALA LUI DINICU GOLESCU\" \/>\n<meta name=\"robots\" content=\"index, follow, max-snippet:-1, max-image-preview:large, max-video-preview:-1\" \/>\n<link rel=\"canonical\" href=\"https:\/\/muzeulgolesti.ro\/ro\/scoala-lui-dinicu-golescu\/\" \/>\n<meta property=\"og:locale\" content=\"ro_RO\" \/>\n<meta property=\"og:locale:alternate\" content=\"en_UK\" \/>\n<meta property=\"og:type\" content=\"article\" \/>\n<meta property=\"og:title\" content=\"\u0218COALA LUI DINICU GOLESCU\" \/>\n<meta property=\"og:description\" content=\"\u0218COALA LUI DINICU GOLESCU\" \/>\n<meta property=\"og:url\" content=\"https:\/\/muzeulgolesti.ro\/ro\/scoala-lui-dinicu-golescu\/\" \/>\n<meta property=\"og:site_name\" content=\"Muzeul Viticulturii si Pomiculturii Golesti\" \/>\n<meta property=\"article:publisher\" content=\"https:\/\/web.facebook.com\/www.muzeulgolesti.ro\" \/>\n<meta property=\"article:modified_time\" content=\"2020-06-12T08:59:50+00:00\" \/>\n<meta name=\"twitter:card\" content=\"summary_large_image\" \/>\n<meta name=\"twitter:label1\" content=\"Timp estimat pentru citire\" \/>\n\t<meta name=\"twitter:data1\" content=\"9 minute\" \/>\n<script type=\"application\/ld+json\" class=\"yoast-schema-graph\">{\"@context\":\"https:\\\/\\\/schema.org\",\"@graph\":[{\"@type\":\"WebPage\",\"@id\":\"https:\\\/\\\/muzeulgolesti.ro\\\/en\\\/scoala-lui-dinicu-golescu\\\/\",\"url\":\"https:\\\/\\\/muzeulgolesti.ro\\\/en\\\/scoala-lui-dinicu-golescu\\\/\",\"name\":\"\u0218COALA LUI DINICU GOLESCU\",\"isPartOf\":{\"@id\":\"https:\\\/\\\/muzeulgolesti.ro\\\/ro\\\/#website\"},\"datePublished\":\"2020-04-03T08:02:55+00:00\",\"dateModified\":\"2020-06-12T08:59:50+00:00\",\"description\":\"\u0218COALA LUI DINICU GOLESCU\",\"breadcrumb\":{\"@id\":\"https:\\\/\\\/muzeulgolesti.ro\\\/en\\\/scoala-lui-dinicu-golescu\\\/#breadcrumb\"},\"inLanguage\":\"ro-RO\",\"potentialAction\":[{\"@type\":\"ReadAction\",\"target\":[\"https:\\\/\\\/muzeulgolesti.ro\\\/en\\\/scoala-lui-dinicu-golescu\\\/\"]}]},{\"@type\":\"BreadcrumbList\",\"@id\":\"https:\\\/\\\/muzeulgolesti.ro\\\/en\\\/scoala-lui-dinicu-golescu\\\/#breadcrumb\",\"itemListElement\":[{\"@type\":\"ListItem\",\"position\":1,\"name\":\"Prima pagin\u0103\",\"item\":\"https:\\\/\\\/muzeulgolesti.ro\\\/ro\\\/\"},{\"@type\":\"ListItem\",\"position\":2,\"name\":\"Dinicu Golescu&#039;s school\"}]},{\"@type\":\"WebSite\",\"@id\":\"https:\\\/\\\/muzeulgolesti.ro\\\/ro\\\/#website\",\"url\":\"https:\\\/\\\/muzeulgolesti.ro\\\/ro\\\/\",\"name\":\"Muzeul Vititculturii si Pomiculturii Golesti\",\"description\":\"Cultura, Etnografie, Istorie - Muzeul Vititculturii si Pomiculturii Golesti\",\"publisher\":{\"@id\":\"https:\\\/\\\/muzeulgolesti.ro\\\/ro\\\/#organization\"},\"potentialAction\":[{\"@type\":\"SearchAction\",\"target\":{\"@type\":\"EntryPoint\",\"urlTemplate\":\"https:\\\/\\\/muzeulgolesti.ro\\\/ro\\\/?s={search_term_string}\"},\"query-input\":{\"@type\":\"PropertyValueSpecification\",\"valueRequired\":true,\"valueName\":\"search_term_string\"}}],\"inLanguage\":\"ro-RO\"},{\"@type\":\"Organization\",\"@id\":\"https:\\\/\\\/muzeulgolesti.ro\\\/ro\\\/#organization\",\"name\":\"Muzeul Vititculturii si Pomiculturii Golesti\",\"url\":\"https:\\\/\\\/muzeulgolesti.ro\\\/ro\\\/\",\"logo\":{\"@type\":\"ImageObject\",\"inLanguage\":\"ro-RO\",\"@id\":\"https:\\\/\\\/muzeulgolesti.ro\\\/ro\\\/#\\\/schema\\\/logo\\\/image\\\/\",\"url\":\"https:\\\/\\\/muzeulgolesti.ro\\\/wp-content\\\/uploads\\\/2022\\\/11\\\/SiglaMuzeu.jpg\",\"contentUrl\":\"https:\\\/\\\/muzeulgolesti.ro\\\/wp-content\\\/uploads\\\/2022\\\/11\\\/SiglaMuzeu.jpg\",\"width\":86,\"height\":50,\"caption\":\"Muzeul Vititculturii si Pomiculturii Golesti\"},\"image\":{\"@id\":\"https:\\\/\\\/muzeulgolesti.ro\\\/ro\\\/#\\\/schema\\\/logo\\\/image\\\/\"},\"sameAs\":[\"https:\\\/\\\/web.facebook.com\\\/www.muzeulgolesti.ro\"]}]}<\/script>\n<!-- \/ Yoast SEO plugin. -->","yoast_head_json":{"title":"\u0218COALA LUI DINICU GOLESCU","description":"[:ro]\u0218COALA LUI DINICU GOLESCU[:en]Dinicu Golescu&#039;s school[:fr]L'\u00e9cole de Dinicu Golesco[:] - Muzeul Viticulturii si Pomiculturii Golesti","robots":{"index":"index","follow":"follow","max-snippet":"max-snippet:-1","max-image-preview":"max-image-preview:large","max-video-preview":"max-video-preview:-1"},"canonical":"https:\/\/muzeulgolesti.ro\/ro\/scoala-lui-dinicu-golescu\/","og_locale":"ro_RO","og_type":"article","og_title":"[:ro]\u0218COALA LUI DINICU GOLESCU[:en]Dinicu Golescu&#039;s school[:fr]L'\u00e9cole de Dinicu Golesco[:] - Muzeul Viticulturii si Pomiculturii Golesti","og_description":"[:ro]\u0218COALA LUI DINICU GOLESCU[:en]Dinicu Golescu&#039;s school[:fr]L'\u00e9cole de Dinicu Golesco[:] - Muzeul Viticulturii si Pomiculturii Golesti","og_url":"https:\/\/muzeulgolesti.ro\/ro\/scoala-lui-dinicu-golescu\/","og_site_name":"Muzeul Viticulturii si Pomiculturii Golesti","article_publisher":"https:\/\/web.facebook.com\/www.muzeulgolesti.ro","article_modified_time":"2020-06-12T08:59:50+00:00","twitter_card":"summary_large_image","twitter_misc":{"Timp estimat pentru citire":"9 minute"},"schema":{"@context":"https:\/\/schema.org","@graph":[{"@type":"WebPage","@id":"https:\/\/muzeulgolesti.ro\/en\/scoala-lui-dinicu-golescu\/","url":"https:\/\/muzeulgolesti.ro\/en\/scoala-lui-dinicu-golescu\/","name":"\u0218COALA LUI DINICU GOLESCU","isPartOf":{"@id":"https:\/\/muzeulgolesti.ro\/ro\/#website"},"datePublished":"2020-04-03T08:02:55+00:00","dateModified":"2020-06-12T08:59:50+00:00","description":"\u0218COALA LUI DINICU GOLESCU","breadcrumb":{"@id":"https:\/\/muzeulgolesti.ro\/en\/scoala-lui-dinicu-golescu\/#breadcrumb"},"inLanguage":"ro-RO","potentialAction":[{"@type":"ReadAction","target":["https:\/\/muzeulgolesti.ro\/en\/scoala-lui-dinicu-golescu\/"]}]},{"@type":"BreadcrumbList","@id":"https:\/\/muzeulgolesti.ro\/en\/scoala-lui-dinicu-golescu\/#breadcrumb","itemListElement":[{"@type":"ListItem","position":1,"name":"Prima pagin\u0103","item":"https:\/\/muzeulgolesti.ro\/ro\/"},{"@type":"ListItem","position":2,"name":"Dinicu Golescu&#039;s school"}]},{"@type":"WebSite","@id":"https:\/\/muzeulgolesti.ro\/ro\/#website","url":"https:\/\/muzeulgolesti.ro\/ro\/","name":"Muzeul Vititculturii si Pomiculturii Golesti","description":"Cultura, Etnografie, Istorie - Muzeul Vititculturii si Pomiculturii Golesti","publisher":{"@id":"https:\/\/muzeulgolesti.ro\/ro\/#organization"},"potentialAction":[{"@type":"SearchAction","target":{"@type":"EntryPoint","urlTemplate":"https:\/\/muzeulgolesti.ro\/ro\/?s={search_term_string}"},"query-input":{"@type":"PropertyValueSpecification","valueRequired":true,"valueName":"search_term_string"}}],"inLanguage":"ro-RO"},{"@type":"Organization","@id":"https:\/\/muzeulgolesti.ro\/ro\/#organization","name":"Muzeul Vititculturii si Pomiculturii Golesti","url":"https:\/\/muzeulgolesti.ro\/ro\/","logo":{"@type":"ImageObject","inLanguage":"ro-RO","@id":"https:\/\/muzeulgolesti.ro\/ro\/#\/schema\/logo\/image\/","url":"https:\/\/muzeulgolesti.ro\/wp-content\/uploads\/2022\/11\/SiglaMuzeu.jpg","contentUrl":"https:\/\/muzeulgolesti.ro\/wp-content\/uploads\/2022\/11\/SiglaMuzeu.jpg","width":86,"height":50,"caption":"Muzeul Vititculturii si Pomiculturii Golesti"},"image":{"@id":"https:\/\/muzeulgolesti.ro\/ro\/#\/schema\/logo\/image\/"},"sameAs":["https:\/\/web.facebook.com\/www.muzeulgolesti.ro"]}]}},"_links":{"self":[{"href":"https:\/\/muzeulgolesti.ro\/ro\/wp-json\/wp\/v2\/pages\/3336","targetHints":{"allow":["GET"]}}],"collection":[{"href":"https:\/\/muzeulgolesti.ro\/ro\/wp-json\/wp\/v2\/pages"}],"about":[{"href":"https:\/\/muzeulgolesti.ro\/ro\/wp-json\/wp\/v2\/types\/page"}],"author":[{"embeddable":true,"href":"https:\/\/muzeulgolesti.ro\/ro\/wp-json\/wp\/v2\/users\/4"}],"replies":[{"embeddable":true,"href":"https:\/\/muzeulgolesti.ro\/ro\/wp-json\/wp\/v2\/comments?post=3336"}],"version-history":[{"count":5,"href":"https:\/\/muzeulgolesti.ro\/ro\/wp-json\/wp\/v2\/pages\/3336\/revisions"}],"predecessor-version":[{"id":4461,"href":"https:\/\/muzeulgolesti.ro\/ro\/wp-json\/wp\/v2\/pages\/3336\/revisions\/4461"}],"wp:attachment":[{"href":"https:\/\/muzeulgolesti.ro\/ro\/wp-json\/wp\/v2\/media?parent=3336"}],"curies":[{"name":"wp","href":"https:\/\/api.w.org\/{rel}","templated":true}]}}