{"id":3373,"date":"2020-04-03T08:17:29","date_gmt":"2020-04-03T08:17:29","guid":{"rendered":"https:\/\/muzeulgolesti.ro\/?page_id=3373"},"modified":"2025-02-27T10:03:40","modified_gmt":"2025-02-27T10:03:40","slug":"contact","status":"publish","type":"page","link":"https:\/\/muzeulgolesti.ro\/ro\/contact\/","title":{"rendered":"CONTACT"},"content":{"rendered":"<div class=\"fusion-fullwidth fullwidth-box fusion-builder-row-1 nonhundred-percent-fullwidth non-hundred-percent-height-scrolling\" style=\"--awb-border-radius-top-left:0px;--awb-border-radius-top-right:0px;--awb-border-radius-bottom-right:0px;--awb-border-radius-bottom-left:0px;--awb-flex-wrap:wrap;\" ><div class=\"fusion-builder-row fusion-row\"><div class=\"fusion-layout-column fusion_builder_column fusion-builder-column-0 fusion_builder_column_1_1 1_1 fusion-one-full fusion-column-first fusion-column-last\" style=\"--awb-bg-size:cover;\"><div class=\"fusion-column-wrapper fusion-column-has-shadow fusion-flex-column-wrapper-legacy\"><div class=\"fusion-text fusion-text-1\"><p>Adresa:<\/p>\n<p>Jude\u021bul Arge\u0219, ora\u0219ul \u0218tef\u0103ne\u0219ti, strada Radu Golescu, nr. 34, cod po\u0219tal 117717<\/p>\n<p>Telefon: 0248.266.364; 0737.508.672<\/p>\n<p>E-mail:\u00a0<a href=\"mailto:%20contact@muzeulgolesti.ro\">contact@muzeulgolesti.ro<\/a><\/p>\n<p><strong>Indica\u021bii:<\/strong><\/p>\n<p>Dac\u0103 veni\u021bi cu automobilul<\/p>\n<p>Dinspre Bucure\u0219ti pe autostrada A1:<\/p>\n<p>Urma\u021bi A1\/E81- ie\u0219i\u021bi de pe autostrad\u0103 la km 96 (indicatorul rutier afi\u0219eaz\u0103 Topoloveni \/ Cire\u0219u) \u2013 urma\u021bi drumul comunal p\u00e2n\u0103 la intersec\u021bia cu DN7 \u2013 vira\u021bi la st\u00e2nga pe DN7 \u2013 din Topoloveni mai ave\u021bi de parcurs 7 km \u2013 ajunge\u021bi la intersec\u021bia dintre DN7 \u0219i strada Radu Golescu (DC 75) \u00a0&#8211; \u00a0repere: pe partea dreapt\u0103 ve\u021bi vedea o biseric\u0103 \u0219i panoul publicitar al Muzeului Viticulturii \u0219i Pomiculturii Gole\u0219ti) \u2013 vira\u021bi la st\u00e2nga \u2013 mai ave\u021bi de parcurs 1 km \u2013 muzeul se afl\u0103 pe partea dreapt\u0103.<\/p>\n<p>Dinspre Bucure\u0219ti pe DN7 (\u201edrumul vechi\u201d):<\/p>\n<p>Bucure\u0219ti \u2013 Chitila \u2013 Slobozia Moar\u0103 \u2013 Lungule\u021bu \u2013 M\u0103t\u0103saru \u2013 G\u0102E\u0218TI \u2013 Leordeni \u2013 TOPOLOVENI &#8211; din Topoloveni mai ave\u021bi de parcurs 7 km \u2013 ajunge\u021bi la intersec\u021bia dintre DN7 \u0219i strada Radu Golescu (DC 75) \u00a0&#8211; repere: pe partea dreapt\u0103 ve\u021bi vedea o biseric\u0103 \u0219i panoul publicitar al Muzeul Viticulturii \u0219i Pomiculturii Gole\u0219ti) \u2013 vira\u021bi la st\u00e2nga \u2013 mai ave\u021bi de parcurs 1 km \u2013 muzeul se afl\u0103 pe partea dreapt\u0103.<\/p>\n<p>Dinspre Pite\u0219ti:<\/p>\n<p>Ie\u0219ti din Pite\u0219ti spre \u0218tef\u0103ne\u0219ti pe DN 7 \u2013 merge\u021bi 10 km spre Topoloveni \u2013 pe partea dreapt\u0103 a drumului ve\u021bi vedea dou\u0103 panouri publicitare ale Muzeului Viticulturii \u0219i Pomiculturii Gole\u0219ti care v\u0103 anun\u021b\u0103 num\u0103rul de kilometri p\u00e2n\u0103 la destina\u021bie (5 km \/ 3 km) \u2013 \u00eenainte de intersec\u021bia dintre DN 7 \u0219i strada Radu Golescu (DC 75) ve\u021bi vedea un alt panou publicitar al muzeului \u0219i indicatoarele de monument istoric spre Muzeul Viticulturii \u0219i Pomiculturii Gole\u0219ti \u2013 vira\u021bi la dreapta &#8211; mai ave\u021bi de parcurs 1 km \u2013 muzeul se afl\u0103 pe partea dreapt\u0103.<\/p>\n<p>Dac\u0103 veni\u021bi cu trenul: cobor\u00e2\u021bi \u00een sta\u021bia Gole\u0219ti \u2013 p\u00e2n\u0103 la muzeu ave\u021bi 5 minute de mers pe jos.<\/p>\n<p><strong>Rela\u021bii cu presa:<\/strong><\/p>\n<p>Stroescu Maria<\/p>\n<p>Adresa e-mail: contact@muzeulgolesti.ro<\/p>\n<p>Telefon: 0248\/266364<\/p>\n<p><strong>Program:<\/strong><\/p>\n<p><strong>Vara: 9<sup>00<\/sup>-18<sup>00<\/sup>(1 aprilie \u2013 31 octombrie)<\/strong><\/p>\n<p><strong>Iarna: 8<sup>00<\/sup>-16<sup>00<\/sup>\u00a0(1 noiembrie \u2013 31 martie)<\/strong><\/p>\n<p>Biletele de intrare se emit p\u00e2n\u0103 la ora 15.30 (iarna) \u0219i 17.30 (vara).<\/p>\n<p><b>Persoan\u0103 responsabil\u0103 legea 361\/2022 privind protec\u021bia avertizorilor \u00een interes public:<\/b><\/p>\n<p>Diana Elena Busuioc<\/p>\n<p>Adresa e-mail: <a href=\"mailto:avertizorintegritate@muzeulgolesti.ro\">avertizorintegritate@muzeulgolesti.ro<\/a><\/p>\n<p>Telefon: 0248\/266364<\/p>\n<\/div><div class=\"fusion-clearfix\"><\/div><\/div><\/div><\/div><\/div>\n","protected":false},"excerpt":{"rendered":"","protected":false},"author":4,"featured_media":0,"parent":0,"menu_order":0,"comment_status":"closed","ping_status":"closed","template":"","meta":{"footnotes":""},"class_list":["post-3373","page","type-page","status-publish","hentry"],"yoast_head":"<!-- This site is optimized with the Yoast SEO plugin v27.4 - https:\/\/yoast.com\/product\/yoast-seo-wordpress\/ -->\n<title>CONTACT<\/title>\n<meta name=\"description\" content=\"CONTACT\" \/>\n<meta name=\"robots\" content=\"index, follow, max-snippet:-1, max-image-preview:large, max-video-preview:-1\" \/>\n<link rel=\"canonical\" href=\"https:\/\/muzeulgolesti.ro\/ro\/contact\/\" \/>\n<meta property=\"og:locale\" content=\"ro_RO\" \/>\n<meta property=\"og:locale:alternate\" content=\"en_UK\" \/>\n<meta property=\"og:type\" content=\"article\" \/>\n<meta property=\"og:title\" content=\"CONTACT\" \/>\n<meta property=\"og:description\" content=\"CONTACT\" \/>\n<meta property=\"og:url\" content=\"https:\/\/muzeulgolesti.ro\/ro\/contact\/\" \/>\n<meta property=\"og:site_name\" content=\"Muzeul Viticulturii si Pomiculturii Golesti\" \/>\n<meta property=\"article:publisher\" content=\"https:\/\/web.facebook.com\/www.muzeulgolesti.ro\" \/>\n<meta property=\"article:modified_time\" content=\"2025-02-27T10:03:40+00:00\" \/>\n<meta name=\"twitter:card\" content=\"summary_large_image\" \/>\n<meta name=\"twitter:label1\" content=\"Timp estimat pentru citire\" \/>\n\t<meta name=\"twitter:data1\" content=\"2 minute\" \/>\n<script type=\"application\/ld+json\" class=\"yoast-schema-graph\">{\"@context\":\"https:\\\/\\\/schema.org\",\"@graph\":[{\"@type\":\"WebPage\",\"@id\":\"https:\\\/\\\/muzeulgolesti.ro\\\/ro\\\/contact\\\/\",\"url\":\"https:\\\/\\\/muzeulgolesti.ro\\\/ro\\\/contact\\\/\",\"name\":\"CONTACT\",\"isPartOf\":{\"@id\":\"https:\\\/\\\/muzeulgolesti.ro\\\/ro\\\/#website\"},\"datePublished\":\"2020-04-03T08:17:29+00:00\",\"dateModified\":\"2025-02-27T10:03:40+00:00\",\"description\":\"CONTACT\",\"breadcrumb\":{\"@id\":\"https:\\\/\\\/muzeulgolesti.ro\\\/ro\\\/contact\\\/#breadcrumb\"},\"inLanguage\":\"ro-RO\",\"potentialAction\":[{\"@type\":\"ReadAction\",\"target\":[\"https:\\\/\\\/muzeulgolesti.ro\\\/ro\\\/contact\\\/\"]}]},{\"@type\":\"BreadcrumbList\",\"@id\":\"https:\\\/\\\/muzeulgolesti.ro\\\/ro\\\/contact\\\/#breadcrumb\",\"itemListElement\":[{\"@type\":\"ListItem\",\"position\":1,\"name\":\"Prima pagin\u0103\",\"item\":\"https:\\\/\\\/muzeulgolesti.ro\\\/ro\\\/\"},{\"@type\":\"ListItem\",\"position\":2,\"name\":\"CONTACT\"}]},{\"@type\":\"WebSite\",\"@id\":\"https:\\\/\\\/muzeulgolesti.ro\\\/ro\\\/#website\",\"url\":\"https:\\\/\\\/muzeulgolesti.ro\\\/ro\\\/\",\"name\":\"Muzeul Vititculturii si Pomiculturii Golesti\",\"description\":\"Cultura, Etnografie, Istorie - Muzeul Vititculturii si Pomiculturii Golesti\",\"publisher\":{\"@id\":\"https:\\\/\\\/muzeulgolesti.ro\\\/ro\\\/#organization\"},\"potentialAction\":[{\"@type\":\"SearchAction\",\"target\":{\"@type\":\"EntryPoint\",\"urlTemplate\":\"https:\\\/\\\/muzeulgolesti.ro\\\/ro\\\/?s={search_term_string}\"},\"query-input\":{\"@type\":\"PropertyValueSpecification\",\"valueRequired\":true,\"valueName\":\"search_term_string\"}}],\"inLanguage\":\"ro-RO\"},{\"@type\":\"Organization\",\"@id\":\"https:\\\/\\\/muzeulgolesti.ro\\\/ro\\\/#organization\",\"name\":\"Muzeul Vititculturii si Pomiculturii Golesti\",\"url\":\"https:\\\/\\\/muzeulgolesti.ro\\\/ro\\\/\",\"logo\":{\"@type\":\"ImageObject\",\"inLanguage\":\"ro-RO\",\"@id\":\"https:\\\/\\\/muzeulgolesti.ro\\\/ro\\\/#\\\/schema\\\/logo\\\/image\\\/\",\"url\":\"https:\\\/\\\/muzeulgolesti.ro\\\/wp-content\\\/uploads\\\/2022\\\/11\\\/SiglaMuzeu.jpg\",\"contentUrl\":\"https:\\\/\\\/muzeulgolesti.ro\\\/wp-content\\\/uploads\\\/2022\\\/11\\\/SiglaMuzeu.jpg\",\"width\":86,\"height\":50,\"caption\":\"Muzeul Vititculturii si Pomiculturii Golesti\"},\"image\":{\"@id\":\"https:\\\/\\\/muzeulgolesti.ro\\\/ro\\\/#\\\/schema\\\/logo\\\/image\\\/\"},\"sameAs\":[\"https:\\\/\\\/web.facebook.com\\\/www.muzeulgolesti.ro\"]}]}<\/script>\n<!-- \/ Yoast SEO plugin. -->","yoast_head_json":{"title":"CONTACT","description":"[:ro]CONTACT[:en]CONTACT[:fr]CONTACT[:] - Muzeul Viticulturii si Pomiculturii Golesti","robots":{"index":"index","follow":"follow","max-snippet":"max-snippet:-1","max-image-preview":"max-image-preview:large","max-video-preview":"max-video-preview:-1"},"canonical":"https:\/\/muzeulgolesti.ro\/ro\/contact\/","og_locale":"ro_RO","og_type":"article","og_title":"[:ro]CONTACT[:en]CONTACT[:fr]CONTACT[:] - Muzeul Viticulturii si Pomiculturii Golesti","og_description":"[:ro]CONTACT[:en]CONTACT[:fr]CONTACT[:] - Muzeul Viticulturii si Pomiculturii Golesti","og_url":"https:\/\/muzeulgolesti.ro\/ro\/contact\/","og_site_name":"Muzeul Viticulturii si Pomiculturii Golesti","article_publisher":"https:\/\/web.facebook.com\/www.muzeulgolesti.ro","article_modified_time":"2025-02-27T10:03:40+00:00","twitter_card":"summary_large_image","twitter_misc":{"Timp estimat pentru citire":"2 minute"},"schema":{"@context":"https:\/\/schema.org","@graph":[{"@type":"WebPage","@id":"https:\/\/muzeulgolesti.ro\/ro\/contact\/","url":"https:\/\/muzeulgolesti.ro\/ro\/contact\/","name":"CONTACT","isPartOf":{"@id":"https:\/\/muzeulgolesti.ro\/ro\/#website"},"datePublished":"2020-04-03T08:17:29+00:00","dateModified":"2025-02-27T10:03:40+00:00","description":"CONTACT","breadcrumb":{"@id":"https:\/\/muzeulgolesti.ro\/ro\/contact\/#breadcrumb"},"inLanguage":"ro-RO","potentialAction":[{"@type":"ReadAction","target":["https:\/\/muzeulgolesti.ro\/ro\/contact\/"]}]},{"@type":"BreadcrumbList","@id":"https:\/\/muzeulgolesti.ro\/ro\/contact\/#breadcrumb","itemListElement":[{"@type":"ListItem","position":1,"name":"Prima pagin\u0103","item":"https:\/\/muzeulgolesti.ro\/ro\/"},{"@type":"ListItem","position":2,"name":"CONTACT"}]},{"@type":"WebSite","@id":"https:\/\/muzeulgolesti.ro\/ro\/#website","url":"https:\/\/muzeulgolesti.ro\/ro\/","name":"Muzeul Vititculturii si Pomiculturii Golesti","description":"Cultura, Etnografie, Istorie - Muzeul Vititculturii si Pomiculturii Golesti","publisher":{"@id":"https:\/\/muzeulgolesti.ro\/ro\/#organization"},"potentialAction":[{"@type":"SearchAction","target":{"@type":"EntryPoint","urlTemplate":"https:\/\/muzeulgolesti.ro\/ro\/?s={search_term_string}"},"query-input":{"@type":"PropertyValueSpecification","valueRequired":true,"valueName":"search_term_string"}}],"inLanguage":"ro-RO"},{"@type":"Organization","@id":"https:\/\/muzeulgolesti.ro\/ro\/#organization","name":"Muzeul Vititculturii si Pomiculturii Golesti","url":"https:\/\/muzeulgolesti.ro\/ro\/","logo":{"@type":"ImageObject","inLanguage":"ro-RO","@id":"https:\/\/muzeulgolesti.ro\/ro\/#\/schema\/logo\/image\/","url":"https:\/\/muzeulgolesti.ro\/wp-content\/uploads\/2022\/11\/SiglaMuzeu.jpg","contentUrl":"https:\/\/muzeulgolesti.ro\/wp-content\/uploads\/2022\/11\/SiglaMuzeu.jpg","width":86,"height":50,"caption":"Muzeul Vititculturii si Pomiculturii Golesti"},"image":{"@id":"https:\/\/muzeulgolesti.ro\/ro\/#\/schema\/logo\/image\/"},"sameAs":["https:\/\/web.facebook.com\/www.muzeulgolesti.ro"]}]}},"_links":{"self":[{"href":"https:\/\/muzeulgolesti.ro\/ro\/wp-json\/wp\/v2\/pages\/3373","targetHints":{"allow":["GET"]}}],"collection":[{"href":"https:\/\/muzeulgolesti.ro\/ro\/wp-json\/wp\/v2\/pages"}],"about":[{"href":"https:\/\/muzeulgolesti.ro\/ro\/wp-json\/wp\/v2\/types\/page"}],"author":[{"embeddable":true,"href":"https:\/\/muzeulgolesti.ro\/ro\/wp-json\/wp\/v2\/users\/4"}],"replies":[{"embeddable":true,"href":"https:\/\/muzeulgolesti.ro\/ro\/wp-json\/wp\/v2\/comments?post=3373"}],"version-history":[{"count":18,"href":"https:\/\/muzeulgolesti.ro\/ro\/wp-json\/wp\/v2\/pages\/3373\/revisions"}],"predecessor-version":[{"id":7115,"href":"https:\/\/muzeulgolesti.ro\/ro\/wp-json\/wp\/v2\/pages\/3373\/revisions\/7115"}],"wp:attachment":[{"href":"https:\/\/muzeulgolesti.ro\/ro\/wp-json\/wp\/v2\/media?parent=3373"}],"curies":[{"name":"wp","href":"https:\/\/api.w.org\/{rel}","templated":true}]}}