{"id":3476,"date":"2020-04-03T11:30:43","date_gmt":"2020-04-03T11:30:43","guid":{"rendered":"https:\/\/muzeulgolesti.ro\/?page_id=3476"},"modified":"2020-06-12T09:08:51","modified_gmt":"2020-06-12T09:08:51","slug":"biserica","status":"publish","type":"page","link":"https:\/\/muzeulgolesti.ro\/ro\/biserica\/","title":{"rendered":"BISERICA"},"content":{"rendered":"<div class=\"fusion-fullwidth fullwidth-box fusion-builder-row-1 nonhundred-percent-fullwidth non-hundred-percent-height-scrolling\" style=\"--awb-border-radius-top-left:0px;--awb-border-radius-top-right:0px;--awb-border-radius-bottom-right:0px;--awb-border-radius-bottom-left:0px;--awb-flex-wrap:wrap;\" ><div class=\"fusion-builder-row fusion-row\"><div class=\"fusion-layout-column fusion_builder_column fusion-builder-column-0 fusion_builder_column_1_1 1_1 fusion-one-full fusion-column-first fusion-column-last\" style=\"--awb-bg-size:cover;\"><div class=\"fusion-column-wrapper fusion-column-has-shadow fusion-flex-column-wrapper-legacy\"><div class=\"fusion-slider-sc fusion-flexslider-loading flexslider flexslider-hover-type-none\" data-slideshow_autoplay=\"1\" data-slideshow_smooth_height=\"0\" data-slideshow_speed=\"7000\" style=\"max-width:100%;height:100%;\"><ul class=\"slides\"><li class=\"image\"><span class=\"fusion-image-hover-element hover-type-none\"><img decoding=\"async\" src=\"https:\/\/muzeulgolesti.ro\/wp-content\/uploads\/2020\/06\/biserica3.jpg\" width=\"1600\" height=\"900\" class=\"wp-image-4339\" srcset=\"https:\/\/muzeulgolesti.ro\/wp-content\/uploads\/2020\/06\/biserica3-200x113.jpg 200w, https:\/\/muzeulgolesti.ro\/wp-content\/uploads\/2020\/06\/biserica3-400x225.jpg 400w, https:\/\/muzeulgolesti.ro\/wp-content\/uploads\/2020\/06\/biserica3-600x338.jpg 600w, https:\/\/muzeulgolesti.ro\/wp-content\/uploads\/2020\/06\/biserica3-800x450.jpg 800w, https:\/\/muzeulgolesti.ro\/wp-content\/uploads\/2020\/06\/biserica3-1200x675.jpg 1200w, https:\/\/muzeulgolesti.ro\/wp-content\/uploads\/2020\/06\/biserica3.jpg 1600w\" sizes=\"(max-width: 800px) 100vw, 1600px\" \/><\/span><\/li><li class=\"image\"><span class=\"fusion-image-hover-element hover-type-none\"><img decoding=\"async\" src=\"https:\/\/muzeulgolesti.ro\/wp-content\/uploads\/2020\/06\/bisrica2.jpg\" width=\"1600\" height=\"900\" class=\"wp-image-4341\" srcset=\"https:\/\/muzeulgolesti.ro\/wp-content\/uploads\/2020\/06\/bisrica2-200x113.jpg 200w, https:\/\/muzeulgolesti.ro\/wp-content\/uploads\/2020\/06\/bisrica2-400x225.jpg 400w, https:\/\/muzeulgolesti.ro\/wp-content\/uploads\/2020\/06\/bisrica2-600x338.jpg 600w, https:\/\/muzeulgolesti.ro\/wp-content\/uploads\/2020\/06\/bisrica2-800x450.jpg 800w, https:\/\/muzeulgolesti.ro\/wp-content\/uploads\/2020\/06\/bisrica2-1200x675.jpg 1200w, https:\/\/muzeulgolesti.ro\/wp-content\/uploads\/2020\/06\/bisrica2.jpg 1600w\" sizes=\"(max-width: 800px) 100vw, 1600px\" \/><\/span><\/li><li class=\"image\"><span class=\"fusion-image-hover-element hover-type-none\"><img decoding=\"async\" src=\"https:\/\/muzeulgolesti.ro\/wp-content\/uploads\/2020\/06\/biserica1.jpg\" width=\"1600\" height=\"900\" class=\"wp-image-4342\" srcset=\"https:\/\/muzeulgolesti.ro\/wp-content\/uploads\/2020\/06\/biserica1-200x113.jpg 200w, https:\/\/muzeulgolesti.ro\/wp-content\/uploads\/2020\/06\/biserica1-400x225.jpg 400w, https:\/\/muzeulgolesti.ro\/wp-content\/uploads\/2020\/06\/biserica1-600x338.jpg 600w, https:\/\/muzeulgolesti.ro\/wp-content\/uploads\/2020\/06\/biserica1-800x450.jpg 800w, https:\/\/muzeulgolesti.ro\/wp-content\/uploads\/2020\/06\/biserica1-1200x675.jpg 1200w, https:\/\/muzeulgolesti.ro\/wp-content\/uploads\/2020\/06\/biserica1.jpg 1600w\" sizes=\"(max-width: 800px) 100vw, 1600px\" \/><\/span><\/li><\/ul><\/div><div class=\"fusion-text fusion-text-1\"><p>A\u0219ezat\u0103 pe unduirea u\u0219oar\u0103 a unui deal ce coboar\u0103 spre tainica \u0219i \u00eenc\u00e2nt\u0103toarea vale a r\u00e2ului Cotmeana, Biserica cu hramul \u201eSf\u00e2ntul Nicolae\u201d a fost inima scar\u0103 a unei comunit\u0103\u021bi rom\u00e2ne\u0219ti tradi\u021bionale ce \u00ee\u0219i c\u00e2\u0219tiga cele necesare traiului din cre\u0219terea vitelor, a pomilor fructiferi \u0219i a vi\u021bei de vie, dar mai ales din prelucrarea lemnului. Satul Dr\u0103gu\u021be\u0219ti (numit azi Spiridoni) era \u00eenconjurat de p\u0103duri dense, misterioase \u0219i nesf\u00e2r\u0219ite, din care s\u0103tenii \u00ee\u0219i luau lemnul pentru construc\u021bii, \u00een special pentru cl\u0103direa de biserici, me\u0219te\u0219ug pe care \u00eel practicau genera\u021bie dup\u0103 genera\u021bie. O legend\u0103 local\u0103 spune c\u0103 Dr\u0103gu\u021b, unul dintre cei \u0219ase ctitori, era un p\u0103stor moldovean c\u0103ruia i-a pl\u0103cut at\u00e2t de mult plaiurile arge\u0219ene \u00eenc\u00e2t nu le-a mai p\u0103r\u0103sit. \u00a0Al\u0103turi de fiul s\u0103u Constantin \u0219i de al\u021bi patru oameni \u00eenst\u0103ri\u021bi, a ctitorit, \u00een 1814, o biseric\u0103, loc sf\u00e2nt al smereniei \u0219i al rug\u0103ciunii, loc \u00een care oamenii satului se adunau \u00eentr-un singur trup, cel al lui Cristos M\u00e2ntuitorul. C\u00e2nd intri \u00een biserica str\u0103mutat\u0103 \u00een anul 1968 \u00een Muzeul de la Gole\u0219ti (dup\u0103 montare \u0219i (re)t\u00e2rnosire a primit hramul \u201eSf\u00e2ntul Dimitrie cel Nou\u201d), te \u00eent\u00e2mpin\u0103 cei care au ridicat-o, epitropii, preo\u021bii \u0219i me\u0219terii lemnari, cu numele lor s\u0103pate \u00een ve\u0219nicia lemnului de stejar, invit\u00e2ndu-te s\u0103 le \u00eemp\u0103rt\u0103\u0219e\u0219ti bucuria \u00eent\u00e2lnirii cu Cristos.<\/p>\n<\/div><div class=\"fusion-clearfix\"><\/div><\/div><\/div><\/div><\/div>\n","protected":false},"excerpt":{"rendered":"","protected":false},"author":4,"featured_media":0,"parent":0,"menu_order":0,"comment_status":"closed","ping_status":"closed","template":"","meta":{"footnotes":""},"class_list":["post-3476","page","type-page","status-publish","hentry"],"yoast_head":"<!-- This site is optimized with the Yoast SEO plugin v27.4 - https:\/\/yoast.com\/product\/yoast-seo-wordpress\/ -->\n<title>BISERICA<\/title>\n<meta name=\"description\" content=\"BISERICA\" \/>\n<meta name=\"robots\" content=\"index, follow, max-snippet:-1, max-image-preview:large, max-video-preview:-1\" \/>\n<link rel=\"canonical\" href=\"https:\/\/muzeulgolesti.ro\/ro\/biserica\/\" \/>\n<meta property=\"og:locale\" content=\"ro_RO\" \/>\n<meta property=\"og:locale:alternate\" content=\"en_UK\" \/>\n<meta property=\"og:type\" content=\"article\" \/>\n<meta property=\"og:title\" content=\"BISERICA\" \/>\n<meta property=\"og:description\" content=\"BISERICA\" \/>\n<meta property=\"og:url\" content=\"https:\/\/muzeulgolesti.ro\/ro\/biserica\/\" \/>\n<meta property=\"og:site_name\" content=\"Muzeul Viticulturii si Pomiculturii Golesti\" \/>\n<meta property=\"article:publisher\" content=\"https:\/\/web.facebook.com\/www.muzeulgolesti.ro\" \/>\n<meta property=\"article:modified_time\" content=\"2020-06-12T09:08:51+00:00\" \/>\n<meta name=\"twitter:card\" content=\"summary_large_image\" \/>\n<meta name=\"twitter:label1\" content=\"Timp estimat pentru citire\" \/>\n\t<meta name=\"twitter:data1\" content=\"8 minute\" \/>\n<script type=\"application\/ld+json\" class=\"yoast-schema-graph\">{\"@context\":\"https:\\\/\\\/schema.org\",\"@graph\":[{\"@type\":\"WebPage\",\"@id\":\"https:\\\/\\\/muzeulgolesti.ro\\\/en\\\/biserica\\\/\",\"url\":\"https:\\\/\\\/muzeulgolesti.ro\\\/en\\\/biserica\\\/\",\"name\":\"BISERICA\",\"isPartOf\":{\"@id\":\"https:\\\/\\\/muzeulgolesti.ro\\\/ro\\\/#website\"},\"datePublished\":\"2020-04-03T11:30:43+00:00\",\"dateModified\":\"2020-06-12T09:08:51+00:00\",\"description\":\"BISERICA\",\"breadcrumb\":{\"@id\":\"https:\\\/\\\/muzeulgolesti.ro\\\/en\\\/biserica\\\/#breadcrumb\"},\"inLanguage\":\"ro-RO\",\"potentialAction\":[{\"@type\":\"ReadAction\",\"target\":[\"https:\\\/\\\/muzeulgolesti.ro\\\/en\\\/biserica\\\/\"]}]},{\"@type\":\"BreadcrumbList\",\"@id\":\"https:\\\/\\\/muzeulgolesti.ro\\\/en\\\/biserica\\\/#breadcrumb\",\"itemListElement\":[{\"@type\":\"ListItem\",\"position\":1,\"name\":\"Prima pagin\u0103\",\"item\":\"https:\\\/\\\/muzeulgolesti.ro\\\/ro\\\/\"},{\"@type\":\"ListItem\",\"position\":2,\"name\":\"The church\"}]},{\"@type\":\"WebSite\",\"@id\":\"https:\\\/\\\/muzeulgolesti.ro\\\/ro\\\/#website\",\"url\":\"https:\\\/\\\/muzeulgolesti.ro\\\/ro\\\/\",\"name\":\"Muzeul Vititculturii si Pomiculturii Golesti\",\"description\":\"Cultura, Etnografie, Istorie - Muzeul Vititculturii si Pomiculturii Golesti\",\"publisher\":{\"@id\":\"https:\\\/\\\/muzeulgolesti.ro\\\/ro\\\/#organization\"},\"potentialAction\":[{\"@type\":\"SearchAction\",\"target\":{\"@type\":\"EntryPoint\",\"urlTemplate\":\"https:\\\/\\\/muzeulgolesti.ro\\\/ro\\\/?s={search_term_string}\"},\"query-input\":{\"@type\":\"PropertyValueSpecification\",\"valueRequired\":true,\"valueName\":\"search_term_string\"}}],\"inLanguage\":\"ro-RO\"},{\"@type\":\"Organization\",\"@id\":\"https:\\\/\\\/muzeulgolesti.ro\\\/ro\\\/#organization\",\"name\":\"Muzeul Vititculturii si Pomiculturii Golesti\",\"url\":\"https:\\\/\\\/muzeulgolesti.ro\\\/ro\\\/\",\"logo\":{\"@type\":\"ImageObject\",\"inLanguage\":\"ro-RO\",\"@id\":\"https:\\\/\\\/muzeulgolesti.ro\\\/ro\\\/#\\\/schema\\\/logo\\\/image\\\/\",\"url\":\"https:\\\/\\\/muzeulgolesti.ro\\\/wp-content\\\/uploads\\\/2022\\\/11\\\/SiglaMuzeu.jpg\",\"contentUrl\":\"https:\\\/\\\/muzeulgolesti.ro\\\/wp-content\\\/uploads\\\/2022\\\/11\\\/SiglaMuzeu.jpg\",\"width\":86,\"height\":50,\"caption\":\"Muzeul Vititculturii si Pomiculturii Golesti\"},\"image\":{\"@id\":\"https:\\\/\\\/muzeulgolesti.ro\\\/ro\\\/#\\\/schema\\\/logo\\\/image\\\/\"},\"sameAs\":[\"https:\\\/\\\/web.facebook.com\\\/www.muzeulgolesti.ro\"]}]}<\/script>\n<!-- \/ Yoast SEO plugin. -->","yoast_head_json":{"title":"BISERICA","description":"[:ro]BISERICA[:en]The church[:fr]L'\u00e9glise[:] - Muzeul Viticulturii si Pomiculturii Golesti","robots":{"index":"index","follow":"follow","max-snippet":"max-snippet:-1","max-image-preview":"max-image-preview:large","max-video-preview":"max-video-preview:-1"},"canonical":"https:\/\/muzeulgolesti.ro\/ro\/biserica\/","og_locale":"ro_RO","og_type":"article","og_title":"[:ro]BISERICA[:en]The church[:fr]L'\u00e9glise[:] - Muzeul Viticulturii si Pomiculturii Golesti","og_description":"[:ro]BISERICA[:en]The church[:fr]L'\u00e9glise[:] - Muzeul Viticulturii si Pomiculturii Golesti","og_url":"https:\/\/muzeulgolesti.ro\/ro\/biserica\/","og_site_name":"Muzeul Viticulturii si Pomiculturii Golesti","article_publisher":"https:\/\/web.facebook.com\/www.muzeulgolesti.ro","article_modified_time":"2020-06-12T09:08:51+00:00","twitter_card":"summary_large_image","twitter_misc":{"Timp estimat pentru citire":"8 minute"},"schema":{"@context":"https:\/\/schema.org","@graph":[{"@type":"WebPage","@id":"https:\/\/muzeulgolesti.ro\/en\/biserica\/","url":"https:\/\/muzeulgolesti.ro\/en\/biserica\/","name":"BISERICA","isPartOf":{"@id":"https:\/\/muzeulgolesti.ro\/ro\/#website"},"datePublished":"2020-04-03T11:30:43+00:00","dateModified":"2020-06-12T09:08:51+00:00","description":"BISERICA","breadcrumb":{"@id":"https:\/\/muzeulgolesti.ro\/en\/biserica\/#breadcrumb"},"inLanguage":"ro-RO","potentialAction":[{"@type":"ReadAction","target":["https:\/\/muzeulgolesti.ro\/en\/biserica\/"]}]},{"@type":"BreadcrumbList","@id":"https:\/\/muzeulgolesti.ro\/en\/biserica\/#breadcrumb","itemListElement":[{"@type":"ListItem","position":1,"name":"Prima pagin\u0103","item":"https:\/\/muzeulgolesti.ro\/ro\/"},{"@type":"ListItem","position":2,"name":"The church"}]},{"@type":"WebSite","@id":"https:\/\/muzeulgolesti.ro\/ro\/#website","url":"https:\/\/muzeulgolesti.ro\/ro\/","name":"Muzeul Vititculturii si Pomiculturii Golesti","description":"Cultura, Etnografie, Istorie - Muzeul Vititculturii si Pomiculturii Golesti","publisher":{"@id":"https:\/\/muzeulgolesti.ro\/ro\/#organization"},"potentialAction":[{"@type":"SearchAction","target":{"@type":"EntryPoint","urlTemplate":"https:\/\/muzeulgolesti.ro\/ro\/?s={search_term_string}"},"query-input":{"@type":"PropertyValueSpecification","valueRequired":true,"valueName":"search_term_string"}}],"inLanguage":"ro-RO"},{"@type":"Organization","@id":"https:\/\/muzeulgolesti.ro\/ro\/#organization","name":"Muzeul Vititculturii si Pomiculturii Golesti","url":"https:\/\/muzeulgolesti.ro\/ro\/","logo":{"@type":"ImageObject","inLanguage":"ro-RO","@id":"https:\/\/muzeulgolesti.ro\/ro\/#\/schema\/logo\/image\/","url":"https:\/\/muzeulgolesti.ro\/wp-content\/uploads\/2022\/11\/SiglaMuzeu.jpg","contentUrl":"https:\/\/muzeulgolesti.ro\/wp-content\/uploads\/2022\/11\/SiglaMuzeu.jpg","width":86,"height":50,"caption":"Muzeul Vititculturii si Pomiculturii Golesti"},"image":{"@id":"https:\/\/muzeulgolesti.ro\/ro\/#\/schema\/logo\/image\/"},"sameAs":["https:\/\/web.facebook.com\/www.muzeulgolesti.ro"]}]}},"_links":{"self":[{"href":"https:\/\/muzeulgolesti.ro\/ro\/wp-json\/wp\/v2\/pages\/3476","targetHints":{"allow":["GET"]}}],"collection":[{"href":"https:\/\/muzeulgolesti.ro\/ro\/wp-json\/wp\/v2\/pages"}],"about":[{"href":"https:\/\/muzeulgolesti.ro\/ro\/wp-json\/wp\/v2\/types\/page"}],"author":[{"embeddable":true,"href":"https:\/\/muzeulgolesti.ro\/ro\/wp-json\/wp\/v2\/users\/4"}],"replies":[{"embeddable":true,"href":"https:\/\/muzeulgolesti.ro\/ro\/wp-json\/wp\/v2\/comments?post=3476"}],"version-history":[{"count":7,"href":"https:\/\/muzeulgolesti.ro\/ro\/wp-json\/wp\/v2\/pages\/3476\/revisions"}],"predecessor-version":[{"id":4465,"href":"https:\/\/muzeulgolesti.ro\/ro\/wp-json\/wp\/v2\/pages\/3476\/revisions\/4465"}],"wp:attachment":[{"href":"https:\/\/muzeulgolesti.ro\/ro\/wp-json\/wp\/v2\/media?parent=3476"}],"curies":[{"name":"wp","href":"https:\/\/api.w.org\/{rel}","templated":true}]}}