{"id":3912,"date":"2020-05-10T17:44:11","date_gmt":"2020-05-10T17:44:11","guid":{"rendered":"https:\/\/muzeulgolesti.ro\/?page_id=3912"},"modified":"2024-08-05T07:24:45","modified_gmt":"2024-08-05T07:24:45","slug":"cookie-si-politica-de-confidentialitate","status":"publish","type":"page","link":"https:\/\/muzeulgolesti.ro\/ro\/cookie-si-politica-de-confidentialitate\/","title":{"rendered":"Cookie \u0219i politica de confiden\u021bialitate"},"content":{"rendered":"<p style=\"text-align: center;\"><strong>POLITICA DE COOKIES A MUZEULUI VITICULTURII \u0218I POMICULTURII GOLE\u0218TI<\/strong><\/p>\n<p>&nbsp;<\/p>\n<p>Politic\u0103 referitoare la cookie-uri a Muzeului Viticulturii \u0219i Pomiculturii Gole\u0219ti fost actualizat\u0103 ultima dat\u0103 pe 19 iulie 2024.<\/p>\n<p>&nbsp;<\/p>\n<ol>\n<li>Introducere<\/li>\n<\/ol>\n<p>Site-ul <a href=\"http:\/\/www.muzeulgolesti.ro\">www.muzeulgolesti.ro<\/a>, folose\u0219te cookie-uri \u0219i alte tehnologii similare (pentru comoditate, toate tehnologiile sunt numite \u00een continuare \u201ecookie-uri\u201d). Cookie-urile sunt plasate \u0219i de ter\u021bii cu care colabor\u0103m. \u00cen cele ce urmeaz\u0103 v\u0103 inform\u0103m cum folosim aceast\u0103 tehnologie.<\/p>\n<p>&nbsp;<\/p>\n<ol start=\"2\">\n<li>Ce semnific\u0103 <em>cookie<\/em>?<\/li>\n<\/ol>\n<p><em>Cookie<\/em>-ul este un fi\u0219ier text de mici dimensiuni pe care un site \u00eel salveaz\u0103 \u00een calculatorul sau dispozitivul dumneavoastr\u0103 mobil atunci c\u00e2nd \u00eel vizita\u021bi. Datorit\u0103 cookie-urilor, site-ul re\u021bine, pentru o perioad\u0103 de timp, ac\u021biunile \u015fi preferin\u021bele dumneavoastr\u0103 (login, limb\u0103, dimensiunea caracterelor \u0219i alte preferin\u021be de afi\u0219are). Astfel nu mai trebuie s\u0103 le reintroduce\u021bi ori de c\u00e2te ori reveni\u021bi la site sau naviga\u021bi de pe o pagin\u0103 pe alta.<\/p>\n<p>&nbsp;<\/p>\n<ol start=\"3\">\n<li>Ce sunt scripturile?<\/li>\n<\/ol>\n<p>Un script este un fragment de cod (de program), utilizat pentru ca site-ul nostru s\u0103 func\u021bioneze corect \u0219i interactiv. Acest cod este executat pe serverul nostru sau pe dispozitivul t\u0103u.<\/p>\n<p>&nbsp;<\/p>\n<ol start=\"4\">\n<li>Ce este un web beacon?<\/li>\n<\/ol>\n<p>Un \u201eweb beacon\u201d (sau un \u201epixel tag\u201d, adic\u0103 o etichet\u0103-pixel) este un mic fragment invizibil de text, sau o imagine, care este plasat\u0103 pe un site web pentru a monitoriza traficul. Pentru realizarea monitoriz\u0103rii traficului, web beacons pot stoca diverse date despre tine.<\/p>\n<p>&nbsp;<\/p>\n<ol start=\"5\">\n<li>Cookie-uri plasate<\/li>\n<\/ol>\n<p>Folosim Google Analytics pentru a analiza utilizarea website-ului nostru.<\/p>\n<p>Furnizorul nostru de servicii de analiz\u0103 genereaz\u0103 statistici \u0219i alte informa\u021bii despre utilizarea website-ului prin intermediul cookie-urilor.<\/p>\n<p>Politica cookie-urilor este reglementat\u0103 de Termenii \u0219i condi\u021biile de utilizare Google Analytics, care pot fi accesate la adresa http:\/\/www.google.com\/policies\/privacy<\/p>\n<p>Informa\u021biile generate \u00een leg\u0103tur\u0103 cu website-ul nostru sunt cuprinse \u00een rapoarte cu privire la utilizarea acestora.<\/p>\n<p>&nbsp;<\/p>\n<ol start=\"6\">\n<li>Consim\u021b\u0103m\u00e2nt<\/li>\n<\/ol>\n<p>Prin utilizarea website-ului nostru \u0219i acceptarea acestei politici, v\u0103 exprima\u021bi acordul cu privire la utilizarea cookie-urilor, conform prevederilor prezentei politici.<\/p>\n<p>La prima vizit\u0103 pe site, v\u0103 vom ar\u0103ta un popup cu explica\u021bii despre cookie-uri. Ap\u0103sarea butonului \u201eAccept\u0103\u201d \u00eenseamn\u0103 consim\u021b\u0103m\u00e2ntul Dvs pentru folosirea de cookies. Ap\u0103sarea butonului \u201eRefuz\u0103\u201d dezactiveaz\u0103 aceste cookies.<\/p>\n<p>&nbsp;<\/p>\n<ol start=\"7\">\n<li>Activarea\/dezactivarea \u0219i \u0219tergerea cookie-urilor<\/li>\n<\/ol>\n<p>Cookie-urile pot fi \u0219terse automat sau manual din navigatorul Dvs de internet. Pentru mai multe informa\u021bii \u0219i op\u021biuni, v\u0103 rug\u0103m s\u0103 accesa\u021bi instruc\u021biunile navigatorului de internet pe care Dvs. \u00eel folosi\u021bi.<\/p>\n<p>Preciz\u0103m c\u0103, dezactivarea cookie-urilor poate face ca site-ul nostru s\u0103 nu func\u021bioneze corect.<\/p>\n<p>&nbsp;<\/p>\n<ol start=\"8\">\n<li>Drepturile asupra datelor cu caracter personal<\/li>\n<\/ol>\n<p><strong>Cookie-urile de pe website-ul nostru nu con\u021bin \u00een mod obi\u0219nuit informa\u021bii care identific\u0103 personal utilizatorul.<\/strong><\/p>\n<p>\u00cen conformitate cu Regulamentul (UE) 2016\/679 al Parlamentului European \u0219i al Consiliului din 27 aprilie 2016 privind protec\u021bia persoanelor fizice \u00een ceea ce prive\u0219te prelucrarea datelor cu caracter personal \u0219i privind libera circula\u021bie a acestor date \u00een sectorul comunica\u021biilor electronice, ave\u021bi urm\u0103toarele drepturi:<\/p>\n<p>Dreptul la informare \u2013 de ce sunt necesare datele cu caracter personal, ce facem cu ele \u0219i c\u00e2t timp le stoc\u0103m.<\/p>\n<p>Dreptul de acces \u2013 accesarea datelor cu caracter personal colectate.<\/p>\n<p>Dreptul la rectificare \u2013 completarea, corectarea, \u0219tergerea sau blocarea datelor cu caracter personal, oric\u00e2nd persoana vizat\u0103 solicit\u0103 acest lucru.<\/p>\n<p>Dreptul de a revoca consim\u021b\u0103m\u00e2ntul.<\/p>\n<p>Dreptul de transfer.<\/p>\n<p>Dreptul de a obiecta \u2013 opozi\u021bia la prelucrarea datelor. Respect\u0103m acest lucru, cu excep\u021bia cazului \u00een care exist\u0103 motive justificate pentru prelucrare, dat fiind faptul c\u0103 protec\u021bia datelor nu este nu drept absolut.<\/p>\n<p>Pentru alte detalii, clarific\u0103ri, obiec\u021bii sau reclama\u021bii, v\u0103 rug\u0103m s\u0103 folosi\u021bi datele de contact de mai jos.<\/p>\n<p>Pute\u021bi depune direct o reclama\u021bie cu privire la modul \u00een care gestion\u0103m datele la sediul muzeului\/adresa de email, dar ave\u021bi \u0219i dreptul de a depune o reclama\u021bie la autoritatea de supraveghere (Autoritatea Na\u021bional\u0103 de Supraveghere a Prelucr\u0103rii Datelor cu Caracter Personal).<\/p>\n<p>&nbsp;<\/p>\n<ol start=\"9\">\n<li>Date de contact<\/li>\n<\/ol>\n<p>Pentru \u00eentreb\u0103ri \u0219i\/sau comentarii, obiec\u021bii sau reclama\u021bii:<\/p>\n<p>&nbsp;<\/p>\n<p>MUZEUL VITICULTURII \u0218I POMICULTURII GOLE\u0218TI<\/p>\n<p>Strada Radu Golescu, nr. 34, ora\u0219 \u0218tef\u0103ne\u0219ti, jude\u021bul Arge\u0219<\/p>\n<p>Rom\u00e2nia<\/p>\n<p>Site web: <a href=\"http:\/\/www.muzeulgolesti.ro\">www.muzeulgolesti.ro<\/a><\/p>\n<p>Email: <a href=\"mailto:gdpr@muzeulgolesti.ro\">gdpr@muzeulgolesti.ro<\/a><\/p>\n<p>Num\u0103r de telefon: 0248266364<\/p>\n","protected":false},"excerpt":{"rendered":"<p>POLITICA DE COOKIES A MUZEULUI VITICULTURII \u0218I POMICULTURII GOLE\u0218TI &nbsp; Politic\u0103 referitoare la cookie-uri a Muzeului Viticulturii \u0219i Pomiculturii Gole\u0219ti fost actualizat\u0103 ultima dat\u0103 pe 19 iulie 2024. &nbsp; Introducere  [&#8230;]<\/p>\n","protected":false},"author":4,"featured_media":0,"parent":0,"menu_order":0,"comment_status":"closed","ping_status":"closed","template":"","meta":{"footnotes":""},"class_list":["post-3912","page","type-page","status-publish","hentry"],"yoast_head":"<!-- This site is optimized with the Yoast SEO plugin v27.4 - https:\/\/yoast.com\/product\/yoast-seo-wordpress\/ -->\n<title>Cookie \u0219i politica de confiden\u021bialitate<\/title>\n<meta name=\"description\" content=\"Cookie \u0219i politica de confiden\u021bialitate\" \/>\n<meta name=\"robots\" content=\"index, follow, max-snippet:-1, max-image-preview:large, max-video-preview:-1\" \/>\n<link rel=\"canonical\" href=\"https:\/\/muzeulgolesti.ro\/ro\/cookie-si-politica-de-confidentialitate\/\" \/>\n<meta property=\"og:locale\" content=\"ro_RO\" \/>\n<meta property=\"og:locale:alternate\" content=\"en_UK\" \/>\n<meta property=\"og:type\" content=\"article\" \/>\n<meta property=\"og:title\" content=\"Cookie \u0219i politica de confiden\u021bialitate\" \/>\n<meta property=\"og:description\" content=\"Cookie \u0219i politica de confiden\u021bialitate\" \/>\n<meta property=\"og:url\" content=\"https:\/\/muzeulgolesti.ro\/ro\/cookie-si-politica-de-confidentialitate\/\" \/>\n<meta property=\"og:site_name\" content=\"Muzeul Viticulturii si Pomiculturii Golesti\" \/>\n<meta property=\"article:publisher\" content=\"https:\/\/web.facebook.com\/www.muzeulgolesti.ro\" \/>\n<meta property=\"article:modified_time\" content=\"2024-08-05T07:24:45+00:00\" \/>\n<meta name=\"twitter:card\" content=\"summary_large_image\" \/>\n<meta name=\"twitter:label1\" content=\"Timp estimat pentru citire\" \/>\n\t<meta name=\"twitter:data1\" content=\"10 minute\" \/>\n<script type=\"application\/ld+json\" class=\"yoast-schema-graph\">{\"@context\":\"https:\\\/\\\/schema.org\",\"@graph\":[{\"@type\":\"WebPage\",\"@id\":\"https:\\\/\\\/muzeulgolesti.ro\\\/ro\\\/cookie-si-politica-de-confidentialitate\\\/\",\"url\":\"https:\\\/\\\/muzeulgolesti.ro\\\/ro\\\/cookie-si-politica-de-confidentialitate\\\/\",\"name\":\"Cookie \u0219i politica de confiden\u021bialitate\",\"isPartOf\":{\"@id\":\"https:\\\/\\\/muzeulgolesti.ro\\\/ro\\\/#website\"},\"datePublished\":\"2020-05-10T17:44:11+00:00\",\"dateModified\":\"2024-08-05T07:24:45+00:00\",\"description\":\"Cookie \u0219i politica de confiden\u021bialitate\",\"breadcrumb\":{\"@id\":\"https:\\\/\\\/muzeulgolesti.ro\\\/ro\\\/cookie-si-politica-de-confidentialitate\\\/#breadcrumb\"},\"inLanguage\":\"ro-RO\",\"potentialAction\":[{\"@type\":\"ReadAction\",\"target\":[\"https:\\\/\\\/muzeulgolesti.ro\\\/ro\\\/cookie-si-politica-de-confidentialitate\\\/\"]}]},{\"@type\":\"BreadcrumbList\",\"@id\":\"https:\\\/\\\/muzeulgolesti.ro\\\/ro\\\/cookie-si-politica-de-confidentialitate\\\/#breadcrumb\",\"itemListElement\":[{\"@type\":\"ListItem\",\"position\":1,\"name\":\"Prima pagin\u0103\",\"item\":\"https:\\\/\\\/muzeulgolesti.ro\\\/ro\\\/\"},{\"@type\":\"ListItem\",\"position\":2,\"name\":\"Cookie \u0219i politica de confiden\u021bialitate\"}]},{\"@type\":\"WebSite\",\"@id\":\"https:\\\/\\\/muzeulgolesti.ro\\\/ro\\\/#website\",\"url\":\"https:\\\/\\\/muzeulgolesti.ro\\\/ro\\\/\",\"name\":\"Muzeul Vititculturii si Pomiculturii Golesti\",\"description\":\"Cultura, Etnografie, Istorie - Muzeul Vititculturii si Pomiculturii Golesti\",\"publisher\":{\"@id\":\"https:\\\/\\\/muzeulgolesti.ro\\\/ro\\\/#organization\"},\"potentialAction\":[{\"@type\":\"SearchAction\",\"target\":{\"@type\":\"EntryPoint\",\"urlTemplate\":\"https:\\\/\\\/muzeulgolesti.ro\\\/ro\\\/?s={search_term_string}\"},\"query-input\":{\"@type\":\"PropertyValueSpecification\",\"valueRequired\":true,\"valueName\":\"search_term_string\"}}],\"inLanguage\":\"ro-RO\"},{\"@type\":\"Organization\",\"@id\":\"https:\\\/\\\/muzeulgolesti.ro\\\/ro\\\/#organization\",\"name\":\"Muzeul Vititculturii si Pomiculturii Golesti\",\"url\":\"https:\\\/\\\/muzeulgolesti.ro\\\/ro\\\/\",\"logo\":{\"@type\":\"ImageObject\",\"inLanguage\":\"ro-RO\",\"@id\":\"https:\\\/\\\/muzeulgolesti.ro\\\/ro\\\/#\\\/schema\\\/logo\\\/image\\\/\",\"url\":\"https:\\\/\\\/muzeulgolesti.ro\\\/wp-content\\\/uploads\\\/2022\\\/11\\\/SiglaMuzeu.jpg\",\"contentUrl\":\"https:\\\/\\\/muzeulgolesti.ro\\\/wp-content\\\/uploads\\\/2022\\\/11\\\/SiglaMuzeu.jpg\",\"width\":86,\"height\":50,\"caption\":\"Muzeul Vititculturii si Pomiculturii Golesti\"},\"image\":{\"@id\":\"https:\\\/\\\/muzeulgolesti.ro\\\/ro\\\/#\\\/schema\\\/logo\\\/image\\\/\"},\"sameAs\":[\"https:\\\/\\\/web.facebook.com\\\/www.muzeulgolesti.ro\"]}]}<\/script>\n<!-- \/ Yoast SEO plugin. -->","yoast_head_json":{"title":"Cookie \u0219i politica de confiden\u021bialitate","description":"[:ro]Cookie \u0219i politica de confiden\u021bialitate[:] - Muzeul Viticulturii si Pomiculturii Golesti","robots":{"index":"index","follow":"follow","max-snippet":"max-snippet:-1","max-image-preview":"max-image-preview:large","max-video-preview":"max-video-preview:-1"},"canonical":"https:\/\/muzeulgolesti.ro\/ro\/cookie-si-politica-de-confidentialitate\/","og_locale":"ro_RO","og_type":"article","og_title":"[:ro]Cookie \u0219i politica de confiden\u021bialitate[:] - Muzeul Viticulturii si Pomiculturii Golesti","og_description":"[:ro]Cookie \u0219i politica de confiden\u021bialitate[:] - Muzeul Viticulturii si Pomiculturii Golesti","og_url":"https:\/\/muzeulgolesti.ro\/ro\/cookie-si-politica-de-confidentialitate\/","og_site_name":"Muzeul Viticulturii si Pomiculturii Golesti","article_publisher":"https:\/\/web.facebook.com\/www.muzeulgolesti.ro","article_modified_time":"2024-08-05T07:24:45+00:00","twitter_card":"summary_large_image","twitter_misc":{"Timp estimat pentru citire":"10 minute"},"schema":{"@context":"https:\/\/schema.org","@graph":[{"@type":"WebPage","@id":"https:\/\/muzeulgolesti.ro\/ro\/cookie-si-politica-de-confidentialitate\/","url":"https:\/\/muzeulgolesti.ro\/ro\/cookie-si-politica-de-confidentialitate\/","name":"Cookie \u0219i politica de confiden\u021bialitate","isPartOf":{"@id":"https:\/\/muzeulgolesti.ro\/ro\/#website"},"datePublished":"2020-05-10T17:44:11+00:00","dateModified":"2024-08-05T07:24:45+00:00","description":"Cookie \u0219i politica de confiden\u021bialitate","breadcrumb":{"@id":"https:\/\/muzeulgolesti.ro\/ro\/cookie-si-politica-de-confidentialitate\/#breadcrumb"},"inLanguage":"ro-RO","potentialAction":[{"@type":"ReadAction","target":["https:\/\/muzeulgolesti.ro\/ro\/cookie-si-politica-de-confidentialitate\/"]}]},{"@type":"BreadcrumbList","@id":"https:\/\/muzeulgolesti.ro\/ro\/cookie-si-politica-de-confidentialitate\/#breadcrumb","itemListElement":[{"@type":"ListItem","position":1,"name":"Prima pagin\u0103","item":"https:\/\/muzeulgolesti.ro\/ro\/"},{"@type":"ListItem","position":2,"name":"Cookie \u0219i politica de confiden\u021bialitate"}]},{"@type":"WebSite","@id":"https:\/\/muzeulgolesti.ro\/ro\/#website","url":"https:\/\/muzeulgolesti.ro\/ro\/","name":"Muzeul Vititculturii si Pomiculturii Golesti","description":"Cultura, Etnografie, Istorie - Muzeul Vititculturii si Pomiculturii Golesti","publisher":{"@id":"https:\/\/muzeulgolesti.ro\/ro\/#organization"},"potentialAction":[{"@type":"SearchAction","target":{"@type":"EntryPoint","urlTemplate":"https:\/\/muzeulgolesti.ro\/ro\/?s={search_term_string}"},"query-input":{"@type":"PropertyValueSpecification","valueRequired":true,"valueName":"search_term_string"}}],"inLanguage":"ro-RO"},{"@type":"Organization","@id":"https:\/\/muzeulgolesti.ro\/ro\/#organization","name":"Muzeul Vititculturii si Pomiculturii Golesti","url":"https:\/\/muzeulgolesti.ro\/ro\/","logo":{"@type":"ImageObject","inLanguage":"ro-RO","@id":"https:\/\/muzeulgolesti.ro\/ro\/#\/schema\/logo\/image\/","url":"https:\/\/muzeulgolesti.ro\/wp-content\/uploads\/2022\/11\/SiglaMuzeu.jpg","contentUrl":"https:\/\/muzeulgolesti.ro\/wp-content\/uploads\/2022\/11\/SiglaMuzeu.jpg","width":86,"height":50,"caption":"Muzeul Vititculturii si Pomiculturii Golesti"},"image":{"@id":"https:\/\/muzeulgolesti.ro\/ro\/#\/schema\/logo\/image\/"},"sameAs":["https:\/\/web.facebook.com\/www.muzeulgolesti.ro"]}]}},"_links":{"self":[{"href":"https:\/\/muzeulgolesti.ro\/ro\/wp-json\/wp\/v2\/pages\/3912","targetHints":{"allow":["GET"]}}],"collection":[{"href":"https:\/\/muzeulgolesti.ro\/ro\/wp-json\/wp\/v2\/pages"}],"about":[{"href":"https:\/\/muzeulgolesti.ro\/ro\/wp-json\/wp\/v2\/types\/page"}],"author":[{"embeddable":true,"href":"https:\/\/muzeulgolesti.ro\/ro\/wp-json\/wp\/v2\/users\/4"}],"replies":[{"embeddable":true,"href":"https:\/\/muzeulgolesti.ro\/ro\/wp-json\/wp\/v2\/comments?post=3912"}],"version-history":[{"count":3,"href":"https:\/\/muzeulgolesti.ro\/ro\/wp-json\/wp\/v2\/pages\/3912\/revisions"}],"predecessor-version":[{"id":6556,"href":"https:\/\/muzeulgolesti.ro\/ro\/wp-json\/wp\/v2\/pages\/3912\/revisions\/6556"}],"wp:attachment":[{"href":"https:\/\/muzeulgolesti.ro\/ro\/wp-json\/wp\/v2\/media?parent=3912"}],"curies":[{"name":"wp","href":"https:\/\/api.w.org\/{rel}","templated":true}]}}