{"id":4944,"date":"2022-12-31T06:45:22","date_gmt":"2022-12-31T06:45:22","guid":{"rendered":"https:\/\/muzeulgolesti.ro\/ro\/?page_id=4944"},"modified":"2022-12-31T07:09:27","modified_gmt":"2022-12-31T07:09:27","slug":"magazinul-de-suveniruri","status":"publish","type":"page","link":"https:\/\/muzeulgolesti.ro\/ro\/acasa\/magazinul-de-suveniruri\/","title":{"rendered":"MAGAZINUL DE SUVENIRURI"},"content":{"rendered":"<p>La intrarea \u00een Muzeul Gole\u0219ti, \u00een cl\u0103direa anex\u0103 care a fost odat\u0103 bolni\u021ba marelui ban Radu Golescu, \u00a0v\u0103 a\u0219teapt\u0103 s\u0103-i trece\u021bi pragul magazinul de suveniruri. \u00a0\u00cen acest spa\u021biu elegant \u0219i primitor sunt expuse obiecte de artizanat autentice, realizate cu drag de importan\u021bi me\u0219teri contemporani, p\u0103str\u0103tori ai tradi\u021biilor rom\u00e2ne\u0219ti.\u00a0 Din lut,\u00a0 din lemn, din fibre textile organice sunt f\u0103urite obiecte care spun povestea str\u0103veche a sufletului rom\u00e2nesc.<\/p>\n<p><img decoding=\"async\" class=\"size-full wp-image-4948 aligncenter\" src=\"https:\/\/muzeulgolesti.ro\/wp-content\/uploads\/2022\/12\/2021-02-12_16_18_38_791.png\" alt=\"\" width=\"336\" height=\"438\" srcset=\"https:\/\/muzeulgolesti.ro\/wp-content\/uploads\/2022\/12\/2021-02-12_16_18_38_791-200x261.png 200w, https:\/\/muzeulgolesti.ro\/wp-content\/uploads\/2022\/12\/2021-02-12_16_18_38_791-276x360.png 276w, https:\/\/muzeulgolesti.ro\/wp-content\/uploads\/2022\/12\/2021-02-12_16_18_38_791.png 336w\" sizes=\"(max-width: 336px) 100vw, 336px\" \/><\/p>\n<p>De la ceramca tip Cucuteni la cea realizat\u0103\u00a0 la Curtea de Arge\u0219, de la vase decorative la cele practice, magazinul v\u0103 ofer\u0103 o divers\u0103 gam\u0103 de obiecte din lut cu care s\u0103 ad\u0103uga\u021bi un pic mai mult de frumos \u00een ambientul casei dumneavoastr\u0103 sau s\u0103 le d\u0103rui\u021bi prietenilor \u0219i colaboratorilor.<\/p>\n<p style=\"text-align: center;\"><img decoding=\"async\" class=\"alignnone size-full wp-image-4950\" src=\"https:\/\/muzeulgolesti.ro\/wp-content\/uploads\/2022\/12\/2021-02-12_16_22_34_517.png\" alt=\"\" width=\"448\" height=\"299\" srcset=\"https:\/\/muzeulgolesti.ro\/wp-content\/uploads\/2022\/12\/2021-02-12_16_22_34_517-200x133.png 200w, https:\/\/muzeulgolesti.ro\/wp-content\/uploads\/2022\/12\/2021-02-12_16_22_34_517-360x240.png 360w, https:\/\/muzeulgolesti.ro\/wp-content\/uploads\/2022\/12\/2021-02-12_16_22_34_517-400x267.png 400w, https:\/\/muzeulgolesti.ro\/wp-content\/uploads\/2022\/12\/2021-02-12_16_22_34_517.png 448w\" sizes=\"(max-width: 448px) 100vw, 448px\" \/> <img decoding=\"async\" class=\"alignnone size-full wp-image-4949\" src=\"https:\/\/muzeulgolesti.ro\/wp-content\/uploads\/2022\/12\/2021-02-12_16_22_26_581.png\" alt=\"\" width=\"448\" height=\"299\" srcset=\"https:\/\/muzeulgolesti.ro\/wp-content\/uploads\/2022\/12\/2021-02-12_16_22_26_581-200x133.png 200w, https:\/\/muzeulgolesti.ro\/wp-content\/uploads\/2022\/12\/2021-02-12_16_22_26_581-360x240.png 360w, https:\/\/muzeulgolesti.ro\/wp-content\/uploads\/2022\/12\/2021-02-12_16_22_26_581-400x267.png 400w, https:\/\/muzeulgolesti.ro\/wp-content\/uploads\/2022\/12\/2021-02-12_16_22_26_581.png 448w\" sizes=\"(max-width: 448px) 100vw, 448px\" \/><\/p>\n<p>Via\u021ba rom\u00e2neasc\u0103 tradi\u021bional\u0103 este str\u00e2ns legat\u0103 de povestea lemnului \u0219i a prelucr\u0103rii lui. Lemnul reprezint\u0103 via\u021ba plin\u0103 de c\u0103ldur\u0103. A fost folosit pe scar\u0103 larg\u0103 \u00een construc\u021bia de case \u0219i anexe gospod\u0103re\u0219ti, dar \u0219i pentru realizarea obiectelor de uz casnic \u0219i\u00a0 a celor decorative care pot fi g\u0103site \u00een orice gospod\u0103rie veche. Ornamentele geometrice sunt predominante \u00een arta rom\u00e2neasc\u0103 a\u00a0 sculpturii \u00een lemn. De la cruci \u0219i pristornice, la toc\u0103toare, mojare, linguri \u0219i tot felul de vase utile, magazinul de suveniruri v\u0103 propune s\u0103 alege\u021bi dintr-o \u00a0gam\u0103 variat\u0103 de obiecte de lemn realizate de \u00eendem\u00e2natici me\u0219teri contemporani.<\/p>\n<p style=\"text-align: center;\"><img decoding=\"async\" class=\"alignnone size-full wp-image-4951\" src=\"https:\/\/muzeulgolesti.ro\/wp-content\/uploads\/2022\/12\/2021-02-12_16_25_01_025.png\" alt=\"\" width=\"448\" height=\"328\" srcset=\"https:\/\/muzeulgolesti.ro\/wp-content\/uploads\/2022\/12\/2021-02-12_16_25_01_025-200x146.png 200w, https:\/\/muzeulgolesti.ro\/wp-content\/uploads\/2022\/12\/2021-02-12_16_25_01_025-360x264.png 360w, https:\/\/muzeulgolesti.ro\/wp-content\/uploads\/2022\/12\/2021-02-12_16_25_01_025-400x293.png 400w, https:\/\/muzeulgolesti.ro\/wp-content\/uploads\/2022\/12\/2021-02-12_16_25_01_025.png 448w\" sizes=\"(max-width: 448px) 100vw, 448px\" \/> <img decoding=\"async\" class=\"alignnone size-full wp-image-4952\" src=\"https:\/\/muzeulgolesti.ro\/wp-content\/uploads\/2022\/12\/2021-02-12_16_25_15_608.png\" alt=\"\" width=\"448\" height=\"299\" srcset=\"https:\/\/muzeulgolesti.ro\/wp-content\/uploads\/2022\/12\/2021-02-12_16_25_15_608-200x133.png 200w, https:\/\/muzeulgolesti.ro\/wp-content\/uploads\/2022\/12\/2021-02-12_16_25_15_608-360x240.png 360w, https:\/\/muzeulgolesti.ro\/wp-content\/uploads\/2022\/12\/2021-02-12_16_25_15_608-400x267.png 400w, https:\/\/muzeulgolesti.ro\/wp-content\/uploads\/2022\/12\/2021-02-12_16_25_15_608.png 448w\" sizes=\"(max-width: 448px) 100vw, 448px\" \/><\/p>\n<p>Portul popular reprezint\u0103 una dintre cele mai importante forme de cultur\u0103 ale unui popor. El este o m\u0103rturie vie a genezei istorice \u0219i a formelor de evolu\u021bie ale culturii noastre, prin studiul lui putem stabili ariile de r\u0103sp\u00e2ndire sau influen\u021bele asimilate de la alte civiliza\u021bii. Din magazinul nostru nu ve\u021bi cump\u0103ra o simpl\u0103 ie, ci o minunat\u0103 \u0219i simbolic\u0103 poveste colorat\u0103 \u0219i cusut\u0103 cu aten\u021bie \u0219i har pe p\u00e2nz\u0103 de cas\u0103. Ii \u0219i c\u0103m\u0103\u0219i b\u0103rb\u0103te\u0219ti, ilice, bete, tr\u0103istu\u021be, br\u0103\u021b\u0103ri \u0219i coliere \u2013 toate lucrate artizanal \u2013 sunt \u00een magazinul nostru \u00een a\u0219teptarea celor doritori s\u0103 ia cu ei o parte din tradi\u021bia rom\u00e2neasc\u0103.<\/p>\n<p style=\"text-align: center;\"><img decoding=\"async\" class=\"alignnone size-full wp-image-4953\" src=\"https:\/\/muzeulgolesti.ro\/wp-content\/uploads\/2022\/12\/2021-02-12_16_26_36_204.png\" alt=\"\" width=\"319\" height=\"448\" srcset=\"https:\/\/muzeulgolesti.ro\/wp-content\/uploads\/2022\/12\/2021-02-12_16_26_36_204-200x281.png 200w, https:\/\/muzeulgolesti.ro\/wp-content\/uploads\/2022\/12\/2021-02-12_16_26_36_204-256x360.png 256w, https:\/\/muzeulgolesti.ro\/wp-content\/uploads\/2022\/12\/2021-02-12_16_26_36_204.png 319w\" sizes=\"(max-width: 319px) 100vw, 319px\" \/> <img decoding=\"async\" class=\"alignnone size-full wp-image-4954\" src=\"https:\/\/muzeulgolesti.ro\/wp-content\/uploads\/2022\/12\/2021-02-12_16_27_39_606.png\" alt=\"\" width=\"448\" height=\"299\" srcset=\"https:\/\/muzeulgolesti.ro\/wp-content\/uploads\/2022\/12\/2021-02-12_16_27_39_606-200x133.png 200w, https:\/\/muzeulgolesti.ro\/wp-content\/uploads\/2022\/12\/2021-02-12_16_27_39_606-360x240.png 360w, https:\/\/muzeulgolesti.ro\/wp-content\/uploads\/2022\/12\/2021-02-12_16_27_39_606-400x267.png 400w, https:\/\/muzeulgolesti.ro\/wp-content\/uploads\/2022\/12\/2021-02-12_16_27_39_606.png 448w\" sizes=\"(max-width: 448px) 100vw, 448px\" \/><\/p>\n<p style=\"text-align: center;\">Juc\u0103riile din materiale naturale a\u0219teapt\u0103 cumin\u021bi s\u0103 devin\u0103 bucuria \u0219i prietenul de joac\u0103 al micilor no\u0219tri vizitatori.<\/p>\n<p style=\"text-align: center;\">\u00a0\u00a0 \u00a0<img decoding=\"async\" class=\"alignnone size-full wp-image-4956\" src=\"https:\/\/muzeulgolesti.ro\/wp-content\/uploads\/2022\/12\/2021-02-12_16_30_13_462.png\" alt=\"\" width=\"448\" height=\"299\" srcset=\"https:\/\/muzeulgolesti.ro\/wp-content\/uploads\/2022\/12\/2021-02-12_16_30_13_462-200x133.png 200w, https:\/\/muzeulgolesti.ro\/wp-content\/uploads\/2022\/12\/2021-02-12_16_30_13_462-360x240.png 360w, https:\/\/muzeulgolesti.ro\/wp-content\/uploads\/2022\/12\/2021-02-12_16_30_13_462-400x267.png 400w, https:\/\/muzeulgolesti.ro\/wp-content\/uploads\/2022\/12\/2021-02-12_16_30_13_462.png 448w\" sizes=\"(max-width: 448px) 100vw, 448px\" \/><\/p>\n<p style=\"text-align: center;\"><img decoding=\"async\" class=\"alignnone size-full wp-image-4955\" src=\"https:\/\/muzeulgolesti.ro\/wp-content\/uploads\/2022\/12\/2021-02-12_16_29_11_6.png\" alt=\"\" width=\"448\" height=\"324\" srcset=\"https:\/\/muzeulgolesti.ro\/wp-content\/uploads\/2022\/12\/2021-02-12_16_29_11_6-200x145.png 200w, https:\/\/muzeulgolesti.ro\/wp-content\/uploads\/2022\/12\/2021-02-12_16_29_11_6-360x260.png 360w, https:\/\/muzeulgolesti.ro\/wp-content\/uploads\/2022\/12\/2021-02-12_16_29_11_6-400x289.png 400w, https:\/\/muzeulgolesti.ro\/wp-content\/uploads\/2022\/12\/2021-02-12_16_29_11_6.png 448w\" sizes=\"(max-width: 448px) 100vw, 448px\" \/><\/p>\n<p>Minunate obiecte de decor, crea\u021bii ale arti\u0219tilor plastici contemporani, \u00een care reg\u0103sim culorile anotimpurilor \u00een care se \u00eembrac\u0103 natura la Gole\u0219ti, sunt expuse spre v\u00e2nzare \u00een magazinul nostru.<\/p>\n<p><img decoding=\"async\" class=\"size-full wp-image-4957 aligncenter\" src=\"https:\/\/muzeulgolesti.ro\/wp-content\/uploads\/2022\/12\/2021-02-12_16_31_16_435.png\" alt=\"\" width=\"299\" height=\"448\" srcset=\"https:\/\/muzeulgolesti.ro\/wp-content\/uploads\/2022\/12\/2021-02-12_16_31_16_435-200x300.png 200w, https:\/\/muzeulgolesti.ro\/wp-content\/uploads\/2022\/12\/2021-02-12_16_31_16_435-240x360.png 240w, https:\/\/muzeulgolesti.ro\/wp-content\/uploads\/2022\/12\/2021-02-12_16_31_16_435.png 299w\" sizes=\"(max-width: 299px) 100vw, 299px\" \/><\/p>\n<p>Dulce\u021burile \u0219i gemurile naturale fabricate la Topoloveni, vinul cel bun \u0219i celebru din podgoria \u0218tef\u0103ne\u0219ti completeaz\u0103 oferta magazinului muzeului nostru.<\/p>\n<p><img decoding=\"async\" class=\"wp-image-4958 aligncenter\" src=\"https:\/\/muzeulgolesti.ro\/wp-content\/uploads\/2022\/12\/2021-02-12_16_32_27_51.png\" alt=\"\" width=\"359\" height=\"290\" srcset=\"https:\/\/muzeulgolesti.ro\/wp-content\/uploads\/2022\/12\/2021-02-12_16_32_27_51-177x142.png 177w, https:\/\/muzeulgolesti.ro\/wp-content\/uploads\/2022\/12\/2021-02-12_16_32_27_51-200x162.png 200w, https:\/\/muzeulgolesti.ro\/wp-content\/uploads\/2022\/12\/2021-02-12_16_32_27_51-360x291.png 360w, https:\/\/muzeulgolesti.ro\/wp-content\/uploads\/2022\/12\/2021-02-12_16_32_27_51-400x323.png 400w, https:\/\/muzeulgolesti.ro\/wp-content\/uploads\/2022\/12\/2021-02-12_16_32_27_51.png 416w\" sizes=\"(max-width: 359px) 100vw, 359px\" \/><\/p>\n<p><img decoding=\"async\" class=\"wp-image-4959 aligncenter\" src=\"https:\/\/muzeulgolesti.ro\/wp-content\/uploads\/2022\/12\/2021-02-12_16_33_12_002.png\" alt=\"\" width=\"314\" height=\"283\" srcset=\"https:\/\/muzeulgolesti.ro\/wp-content\/uploads\/2022\/12\/2021-02-12_16_33_12_002-200x180.png 200w, https:\/\/muzeulgolesti.ro\/wp-content\/uploads\/2022\/12\/2021-02-12_16_33_12_002-360x324.png 360w, https:\/\/muzeulgolesti.ro\/wp-content\/uploads\/2022\/12\/2021-02-12_16_33_12_002.png 373w\" sizes=\"(max-width: 314px) 100vw, 314px\" \/><\/p>\n<p>Magazinul este deschis de luni p\u00e2n\u0103 duminic\u0103, \u00eentre orele 8.00-16.00\u00a0 (\u00een perioada 1 noiembrie \u2013 31 martie) \u0219i \u00eentre 9.00-18.00 (\u00een perioada 1 aprilie \u2013 31 octombrie).<\/p>\n<p>Moduri de plat\u0103 acceptate:\u00a0<strong>numerar<\/strong><\/p>\n<p>Contact magazin &#8211; t<strong>elefon:\u00a00737 508 673<\/strong><\/p>\n","protected":false},"excerpt":{"rendered":"<p>La intrarea \u00een Muzeul Gole\u0219ti, \u00een cl\u0103direa anex\u0103 care a fost odat\u0103 bolni\u021ba marelui ban Radu Golescu, \u00a0v\u0103 a\u0219teapt\u0103 s\u0103-i trece\u021bi pragul magazinul de suveniruri. \u00a0\u00cen acest spa\u021biu elegant \u0219i  [&#8230;]<\/p>\n","protected":false},"author":4,"featured_media":0,"parent":3201,"menu_order":0,"comment_status":"closed","ping_status":"closed","template":"100-width.php","meta":{"footnotes":""},"class_list":["post-4944","page","type-page","status-publish","hentry"],"yoast_head":"<!-- This site is optimized with the Yoast SEO plugin v27.4 - https:\/\/yoast.com\/product\/yoast-seo-wordpress\/ -->\n<title>MAGAZINUL DE SUVENIRURI<\/title>\n<meta name=\"description\" content=\"MAGAZINUL DE SUVENIRURI\" \/>\n<meta name=\"robots\" content=\"index, follow, max-snippet:-1, max-image-preview:large, max-video-preview:-1\" \/>\n<link rel=\"canonical\" href=\"https:\/\/muzeulgolesti.ro\/ro\/acasa\/magazinul-de-suveniruri\/\" \/>\n<meta property=\"og:locale\" content=\"ro_RO\" \/>\n<meta property=\"og:locale:alternate\" content=\"en_UK\" \/>\n<meta property=\"og:type\" content=\"article\" \/>\n<meta property=\"og:title\" content=\"MAGAZINUL DE SUVENIRURI\" \/>\n<meta property=\"og:description\" content=\"MAGAZINUL DE SUVENIRURI\" \/>\n<meta property=\"og:url\" content=\"https:\/\/muzeulgolesti.ro\/ro\/acasa\/magazinul-de-suveniruri\/\" \/>\n<meta property=\"og:site_name\" content=\"Muzeul Viticulturii si Pomiculturii Golesti\" \/>\n<meta property=\"article:publisher\" content=\"https:\/\/web.facebook.com\/www.muzeulgolesti.ro\" \/>\n<meta property=\"article:modified_time\" content=\"2022-12-31T07:09:27+00:00\" \/>\n<meta property=\"og:image\" content=\"https:\/\/muzeulgolesti.ro\/wp-content\/uploads\/2022\/12\/2021-02-12_16_18_38_791.png\" \/>\n<meta name=\"twitter:card\" content=\"summary_large_image\" \/>\n<meta name=\"twitter:label1\" content=\"Timp estimat pentru citire\" \/>\n\t<meta name=\"twitter:data1\" content=\"5 minute\" \/>\n<script type=\"application\/ld+json\" class=\"yoast-schema-graph\">{\"@context\":\"https:\\\/\\\/schema.org\",\"@graph\":[{\"@type\":\"WebPage\",\"@id\":\"https:\\\/\\\/muzeulgolesti.ro\\\/ro\\\/acasa\\\/magazinul-de-suveniruri\\\/\",\"url\":\"https:\\\/\\\/muzeulgolesti.ro\\\/ro\\\/acasa\\\/magazinul-de-suveniruri\\\/\",\"name\":\"MAGAZINUL DE SUVENIRURI\",\"isPartOf\":{\"@id\":\"https:\\\/\\\/muzeulgolesti.ro\\\/ro\\\/#website\"},\"primaryImageOfPage\":{\"@id\":\"https:\\\/\\\/muzeulgolesti.ro\\\/ro\\\/acasa\\\/magazinul-de-suveniruri\\\/#primaryimage\"},\"image\":{\"@id\":\"https:\\\/\\\/muzeulgolesti.ro\\\/ro\\\/acasa\\\/magazinul-de-suveniruri\\\/#primaryimage\"},\"thumbnailUrl\":\"https:\\\/\\\/muzeulgolesti.ro\\\/wp-content\\\/uploads\\\/2022\\\/12\\\/2021-02-12_16_18_38_791.png\",\"datePublished\":\"2022-12-31T06:45:22+00:00\",\"dateModified\":\"2022-12-31T07:09:27+00:00\",\"description\":\"MAGAZINUL DE SUVENIRURI\",\"breadcrumb\":{\"@id\":\"https:\\\/\\\/muzeulgolesti.ro\\\/ro\\\/acasa\\\/magazinul-de-suveniruri\\\/#breadcrumb\"},\"inLanguage\":\"ro-RO\",\"potentialAction\":[{\"@type\":\"ReadAction\",\"target\":[\"https:\\\/\\\/muzeulgolesti.ro\\\/ro\\\/acasa\\\/magazinul-de-suveniruri\\\/\"]}]},{\"@type\":\"ImageObject\",\"inLanguage\":\"ro-RO\",\"@id\":\"https:\\\/\\\/muzeulgolesti.ro\\\/ro\\\/acasa\\\/magazinul-de-suveniruri\\\/#primaryimage\",\"url\":\"https:\\\/\\\/muzeulgolesti.ro\\\/wp-content\\\/uploads\\\/2022\\\/12\\\/2021-02-12_16_18_38_791.png\",\"contentUrl\":\"https:\\\/\\\/muzeulgolesti.ro\\\/wp-content\\\/uploads\\\/2022\\\/12\\\/2021-02-12_16_18_38_791.png\"},{\"@type\":\"BreadcrumbList\",\"@id\":\"https:\\\/\\\/muzeulgolesti.ro\\\/ro\\\/acasa\\\/magazinul-de-suveniruri\\\/#breadcrumb\",\"itemListElement\":[{\"@type\":\"ListItem\",\"position\":1,\"name\":\"Prima pagin\u0103\",\"item\":\"https:\\\/\\\/muzeulgolesti.ro\\\/ro\\\/\"},{\"@type\":\"ListItem\",\"position\":2,\"name\":\"VIZITEAZ\u0102\",\"item\":\"https:\\\/\\\/muzeulgolesti.ro\\\/ro\\\/acasa\\\/\"},{\"@type\":\"ListItem\",\"position\":3,\"name\":\"MAGAZINUL DE SUVENIRURI\"}]},{\"@type\":\"WebSite\",\"@id\":\"https:\\\/\\\/muzeulgolesti.ro\\\/ro\\\/#website\",\"url\":\"https:\\\/\\\/muzeulgolesti.ro\\\/ro\\\/\",\"name\":\"Muzeul Vititculturii si Pomiculturii Golesti\",\"description\":\"Cultura, Etnografie, Istorie - Muzeul Vititculturii si Pomiculturii Golesti\",\"publisher\":{\"@id\":\"https:\\\/\\\/muzeulgolesti.ro\\\/ro\\\/#organization\"},\"potentialAction\":[{\"@type\":\"SearchAction\",\"target\":{\"@type\":\"EntryPoint\",\"urlTemplate\":\"https:\\\/\\\/muzeulgolesti.ro\\\/ro\\\/?s={search_term_string}\"},\"query-input\":{\"@type\":\"PropertyValueSpecification\",\"valueRequired\":true,\"valueName\":\"search_term_string\"}}],\"inLanguage\":\"ro-RO\"},{\"@type\":\"Organization\",\"@id\":\"https:\\\/\\\/muzeulgolesti.ro\\\/ro\\\/#organization\",\"name\":\"Muzeul Vititculturii si Pomiculturii Golesti\",\"url\":\"https:\\\/\\\/muzeulgolesti.ro\\\/ro\\\/\",\"logo\":{\"@type\":\"ImageObject\",\"inLanguage\":\"ro-RO\",\"@id\":\"https:\\\/\\\/muzeulgolesti.ro\\\/ro\\\/#\\\/schema\\\/logo\\\/image\\\/\",\"url\":\"https:\\\/\\\/muzeulgolesti.ro\\\/wp-content\\\/uploads\\\/2022\\\/11\\\/SiglaMuzeu.jpg\",\"contentUrl\":\"https:\\\/\\\/muzeulgolesti.ro\\\/wp-content\\\/uploads\\\/2022\\\/11\\\/SiglaMuzeu.jpg\",\"width\":86,\"height\":50,\"caption\":\"Muzeul Vititculturii si Pomiculturii Golesti\"},\"image\":{\"@id\":\"https:\\\/\\\/muzeulgolesti.ro\\\/ro\\\/#\\\/schema\\\/logo\\\/image\\\/\"},\"sameAs\":[\"https:\\\/\\\/web.facebook.com\\\/www.muzeulgolesti.ro\"]}]}<\/script>\n<!-- \/ Yoast SEO plugin. -->","yoast_head_json":{"title":"MAGAZINUL DE SUVENIRURI","description":"[:ro]MAGAZINUL DE SUVENIRURI[:en]MAGAZINUL DE SUVENIRURI[:] - Muzeul Viticulturii si Pomiculturii Golesti","robots":{"index":"index","follow":"follow","max-snippet":"max-snippet:-1","max-image-preview":"max-image-preview:large","max-video-preview":"max-video-preview:-1"},"canonical":"https:\/\/muzeulgolesti.ro\/ro\/acasa\/magazinul-de-suveniruri\/","og_locale":"ro_RO","og_type":"article","og_title":"[:ro]MAGAZINUL DE SUVENIRURI[:en]MAGAZINUL DE SUVENIRURI[:] - Muzeul Viticulturii si Pomiculturii Golesti","og_description":"[:ro]MAGAZINUL DE SUVENIRURI[:en]MAGAZINUL DE SUVENIRURI[:] - Muzeul Viticulturii si Pomiculturii Golesti","og_url":"https:\/\/muzeulgolesti.ro\/ro\/acasa\/magazinul-de-suveniruri\/","og_site_name":"Muzeul Viticulturii si Pomiculturii Golesti","article_publisher":"https:\/\/web.facebook.com\/www.muzeulgolesti.ro","article_modified_time":"2022-12-31T07:09:27+00:00","og_image":[{"url":"https:\/\/muzeulgolesti.ro\/wp-content\/uploads\/2022\/12\/2021-02-12_16_18_38_791.png","type":"","width":"","height":""}],"twitter_card":"summary_large_image","twitter_misc":{"Timp estimat pentru citire":"5 minute"},"schema":{"@context":"https:\/\/schema.org","@graph":[{"@type":"WebPage","@id":"https:\/\/muzeulgolesti.ro\/ro\/acasa\/magazinul-de-suveniruri\/","url":"https:\/\/muzeulgolesti.ro\/ro\/acasa\/magazinul-de-suveniruri\/","name":"MAGAZINUL DE SUVENIRURI","isPartOf":{"@id":"https:\/\/muzeulgolesti.ro\/ro\/#website"},"primaryImageOfPage":{"@id":"https:\/\/muzeulgolesti.ro\/ro\/acasa\/magazinul-de-suveniruri\/#primaryimage"},"image":{"@id":"https:\/\/muzeulgolesti.ro\/ro\/acasa\/magazinul-de-suveniruri\/#primaryimage"},"thumbnailUrl":"https:\/\/muzeulgolesti.ro\/wp-content\/uploads\/2022\/12\/2021-02-12_16_18_38_791.png","datePublished":"2022-12-31T06:45:22+00:00","dateModified":"2022-12-31T07:09:27+00:00","description":"MAGAZINUL DE SUVENIRURI","breadcrumb":{"@id":"https:\/\/muzeulgolesti.ro\/ro\/acasa\/magazinul-de-suveniruri\/#breadcrumb"},"inLanguage":"ro-RO","potentialAction":[{"@type":"ReadAction","target":["https:\/\/muzeulgolesti.ro\/ro\/acasa\/magazinul-de-suveniruri\/"]}]},{"@type":"ImageObject","inLanguage":"ro-RO","@id":"https:\/\/muzeulgolesti.ro\/ro\/acasa\/magazinul-de-suveniruri\/#primaryimage","url":"https:\/\/muzeulgolesti.ro\/wp-content\/uploads\/2022\/12\/2021-02-12_16_18_38_791.png","contentUrl":"https:\/\/muzeulgolesti.ro\/wp-content\/uploads\/2022\/12\/2021-02-12_16_18_38_791.png"},{"@type":"BreadcrumbList","@id":"https:\/\/muzeulgolesti.ro\/ro\/acasa\/magazinul-de-suveniruri\/#breadcrumb","itemListElement":[{"@type":"ListItem","position":1,"name":"Prima pagin\u0103","item":"https:\/\/muzeulgolesti.ro\/ro\/"},{"@type":"ListItem","position":2,"name":"VIZITEAZ\u0102","item":"https:\/\/muzeulgolesti.ro\/ro\/acasa\/"},{"@type":"ListItem","position":3,"name":"MAGAZINUL DE SUVENIRURI"}]},{"@type":"WebSite","@id":"https:\/\/muzeulgolesti.ro\/ro\/#website","url":"https:\/\/muzeulgolesti.ro\/ro\/","name":"Muzeul Vititculturii si Pomiculturii Golesti","description":"Cultura, Etnografie, Istorie - Muzeul Vititculturii si Pomiculturii Golesti","publisher":{"@id":"https:\/\/muzeulgolesti.ro\/ro\/#organization"},"potentialAction":[{"@type":"SearchAction","target":{"@type":"EntryPoint","urlTemplate":"https:\/\/muzeulgolesti.ro\/ro\/?s={search_term_string}"},"query-input":{"@type":"PropertyValueSpecification","valueRequired":true,"valueName":"search_term_string"}}],"inLanguage":"ro-RO"},{"@type":"Organization","@id":"https:\/\/muzeulgolesti.ro\/ro\/#organization","name":"Muzeul Vititculturii si Pomiculturii Golesti","url":"https:\/\/muzeulgolesti.ro\/ro\/","logo":{"@type":"ImageObject","inLanguage":"ro-RO","@id":"https:\/\/muzeulgolesti.ro\/ro\/#\/schema\/logo\/image\/","url":"https:\/\/muzeulgolesti.ro\/wp-content\/uploads\/2022\/11\/SiglaMuzeu.jpg","contentUrl":"https:\/\/muzeulgolesti.ro\/wp-content\/uploads\/2022\/11\/SiglaMuzeu.jpg","width":86,"height":50,"caption":"Muzeul Vititculturii si Pomiculturii Golesti"},"image":{"@id":"https:\/\/muzeulgolesti.ro\/ro\/#\/schema\/logo\/image\/"},"sameAs":["https:\/\/web.facebook.com\/www.muzeulgolesti.ro"]}]}},"_links":{"self":[{"href":"https:\/\/muzeulgolesti.ro\/ro\/wp-json\/wp\/v2\/pages\/4944","targetHints":{"allow":["GET"]}}],"collection":[{"href":"https:\/\/muzeulgolesti.ro\/ro\/wp-json\/wp\/v2\/pages"}],"about":[{"href":"https:\/\/muzeulgolesti.ro\/ro\/wp-json\/wp\/v2\/types\/page"}],"author":[{"embeddable":true,"href":"https:\/\/muzeulgolesti.ro\/ro\/wp-json\/wp\/v2\/users\/4"}],"replies":[{"embeddable":true,"href":"https:\/\/muzeulgolesti.ro\/ro\/wp-json\/wp\/v2\/comments?post=4944"}],"version-history":[{"count":6,"href":"https:\/\/muzeulgolesti.ro\/ro\/wp-json\/wp\/v2\/pages\/4944\/revisions"}],"predecessor-version":[{"id":4963,"href":"https:\/\/muzeulgolesti.ro\/ro\/wp-json\/wp\/v2\/pages\/4944\/revisions\/4963"}],"up":[{"embeddable":true,"href":"https:\/\/muzeulgolesti.ro\/ro\/wp-json\/wp\/v2\/pages\/3201"}],"wp:attachment":[{"href":"https:\/\/muzeulgolesti.ro\/ro\/wp-json\/wp\/v2\/media?parent=4944"}],"curies":[{"name":"wp","href":"https:\/\/api.w.org\/{rel}","templated":true}]}}