{"id":4970,"date":"2022-12-31T09:30:14","date_gmt":"2022-12-31T09:30:14","guid":{"rendered":"https:\/\/muzeulgolesti.ro\/ro\/?page_id=4970"},"modified":"2022-12-31T09:32:42","modified_gmt":"2022-12-31T09:32:42","slug":"serbari-scolare","status":"publish","type":"page","link":"https:\/\/muzeulgolesti.ro\/ro\/intra-in-lumea-copiilor\/serbari-scolare\/","title":{"rendered":"SERB\u0102RI \u0218COLARE"},"content":{"rendered":"<p><img decoding=\"async\" class=\"wp-image-4971 aligncenter\" src=\"https:\/\/muzeulgolesti.ro\/wp-content\/uploads\/2022\/12\/c11af61e-3ed3-4130-8b65-72443ba0d9b8-scaled.jpg\" alt=\"\" width=\"742\" height=\"467\" srcset=\"https:\/\/muzeulgolesti.ro\/wp-content\/uploads\/2022\/12\/c11af61e-3ed3-4130-8b65-72443ba0d9b8-200x126.jpg 200w, https:\/\/muzeulgolesti.ro\/wp-content\/uploads\/2022\/12\/c11af61e-3ed3-4130-8b65-72443ba0d9b8-320x202.jpg 320w, https:\/\/muzeulgolesti.ro\/wp-content\/uploads\/2022\/12\/c11af61e-3ed3-4130-8b65-72443ba0d9b8-360x227.jpg 360w, https:\/\/muzeulgolesti.ro\/wp-content\/uploads\/2022\/12\/c11af61e-3ed3-4130-8b65-72443ba0d9b8-400x252.jpg 400w, https:\/\/muzeulgolesti.ro\/wp-content\/uploads\/2022\/12\/c11af61e-3ed3-4130-8b65-72443ba0d9b8-600x378.jpg 600w, https:\/\/muzeulgolesti.ro\/wp-content\/uploads\/2022\/12\/c11af61e-3ed3-4130-8b65-72443ba0d9b8-700x441.jpg 700w, https:\/\/muzeulgolesti.ro\/wp-content\/uploads\/2022\/12\/c11af61e-3ed3-4130-8b65-72443ba0d9b8-768x483.jpg 768w, https:\/\/muzeulgolesti.ro\/wp-content\/uploads\/2022\/12\/c11af61e-3ed3-4130-8b65-72443ba0d9b8-800x503.jpg 800w, https:\/\/muzeulgolesti.ro\/wp-content\/uploads\/2022\/12\/c11af61e-3ed3-4130-8b65-72443ba0d9b8-1200x755.jpg 1200w, https:\/\/muzeulgolesti.ro\/wp-content\/uploads\/2022\/12\/c11af61e-3ed3-4130-8b65-72443ba0d9b8-1300x818.jpg 1300w, https:\/\/muzeulgolesti.ro\/wp-content\/uploads\/2022\/12\/c11af61e-3ed3-4130-8b65-72443ba0d9b8-1536x966.jpg 1536w, https:\/\/muzeulgolesti.ro\/wp-content\/uploads\/2022\/12\/c11af61e-3ed3-4130-8b65-72443ba0d9b8-scaled.jpg 2560w\" sizes=\"(max-width: 742px) 100vw, 742px\" \/><\/p>\n<p>Conacul de la Gole\u0219ti este locul \u00een care \u00eenv\u0103\u021b\u0103tura de carte a fost mult iubit\u0103 \u0219i sus\u021binut\u0103. Radu \u0219i Dinicu Golescu au \u00eenfiin\u021bat \u0219coli \u0219i au sprijinit dezvoltarea \u00eenv\u0103\u021b\u0103m\u00e2ntului \u00een limba rom\u00e2n\u0103. Datorit\u0103 acestor oameni genero\u0219i \u0219i vizionari, aduc\u0103tori de obiceiuri moderne pe p\u0103m\u00e2nt rom\u00e2nesc, avem ast\u0103zi o identitate \u0219i o cultur\u0103 na\u021bional\u0103.\u00a0Multe ore de munc\u0103 \u0219i un efort creativ colectiv al profesorilor \u0219i al copiilor stau \u00een spatele unor mici spectacole la care p\u0103rin\u021bii \u0219i bunicii vor asista cu emo\u021bii care, uneori, sunt mai mari dec\u00e2t cele ale micilor arti\u0219ti. Ce loc mai bun dec\u00e2t Muzeul Gole\u0219ti se poate g\u0103si pentru a desf\u0103\u0219ura un astfel de eveniment at\u00e2t de mult a\u0219teptat din via\u021ba \u0219colar\u0103? Istorie, tradi\u021bie \u0219colar\u0103, divertisment, natur\u0103 &#8230; toate v\u0103 a\u0219tept\u0103 aici!<\/p>\n<p>Muzeul Gole\u0219ti v\u0103 poate oferi spa\u021bii pentru desf\u0103\u0219urarea serb\u0103rilor \u0219colare, at\u00e2t \u00een interior, c\u00e2t \u0219i \u00een mijlocul naturii, \u00een parcul Gole\u0219tilor.<\/p>\n<p>Voi veni\u021bi cu spectacolul, iar noi asigur\u0103m\u00a0spa\u021biul \u0219i sonorizarea.<\/p>\n<p>Tarif: 150 lei \/ or\u0103<\/p>\n<p>Alte activit\u0103\u021bi precum echita\u021bia cu cai \u0219i\/sau ponei \u0219i\/sau tirolian\u0103 se percep separat, conform tarifelor afi\u0219ate pe site.<\/p>\n<p>Contact: 0248.266.364<\/p>\n","protected":false},"excerpt":{"rendered":"<p>Conacul de la Gole\u0219ti este locul \u00een care \u00eenv\u0103\u021b\u0103tura de carte a fost mult iubit\u0103 \u0219i sus\u021binut\u0103. Radu \u0219i Dinicu Golescu au \u00eenfiin\u021bat \u0219coli \u0219i au sprijinit dezvoltarea \u00eenv\u0103\u021b\u0103m\u00e2ntului \u00een  [&#8230;]<\/p>\n","protected":false},"author":4,"featured_media":0,"parent":3256,"menu_order":0,"comment_status":"closed","ping_status":"closed","template":"100-width.php","meta":{"footnotes":""},"class_list":["post-4970","page","type-page","status-publish","hentry"],"yoast_head":"<!-- This site is optimized with the Yoast SEO plugin v27.4 - https:\/\/yoast.com\/product\/yoast-seo-wordpress\/ -->\n<title>SERB\u0102RI \u0218COLARE<\/title>\n<meta name=\"description\" content=\"SERB\u0102RI \u0218COLARE\" \/>\n<meta name=\"robots\" content=\"index, follow, max-snippet:-1, max-image-preview:large, max-video-preview:-1\" \/>\n<link rel=\"canonical\" href=\"https:\/\/muzeulgolesti.ro\/ro\/intra-in-lumea-copiilor\/serbari-scolare\/\" \/>\n<meta property=\"og:locale\" content=\"ro_RO\" \/>\n<meta property=\"og:locale:alternate\" content=\"en_UK\" \/>\n<meta property=\"og:type\" content=\"article\" \/>\n<meta property=\"og:title\" content=\"SERB\u0102RI \u0218COLARE\" \/>\n<meta property=\"og:description\" content=\"SERB\u0102RI \u0218COLARE\" \/>\n<meta property=\"og:url\" content=\"https:\/\/muzeulgolesti.ro\/ro\/intra-in-lumea-copiilor\/serbari-scolare\/\" \/>\n<meta property=\"og:site_name\" content=\"Muzeul Viticulturii si Pomiculturii Golesti\" \/>\n<meta property=\"article:publisher\" content=\"https:\/\/web.facebook.com\/www.muzeulgolesti.ro\" \/>\n<meta property=\"article:modified_time\" content=\"2022-12-31T09:32:42+00:00\" \/>\n<meta property=\"og:image\" content=\"https:\/\/muzeulgolesti.ro\/wp-content\/uploads\/2022\/12\/c11af61e-3ed3-4130-8b65-72443ba0d9b8-scaled.jpg\" \/>\n<meta name=\"twitter:card\" content=\"summary_large_image\" \/>\n<meta name=\"twitter:label1\" content=\"Timp estimat pentru citire\" \/>\n\t<meta name=\"twitter:data1\" content=\"2 minute\" \/>\n<script type=\"application\/ld+json\" class=\"yoast-schema-graph\">{\"@context\":\"https:\\\/\\\/schema.org\",\"@graph\":[{\"@type\":\"WebPage\",\"@id\":\"https:\\\/\\\/muzeulgolesti.ro\\\/en\\\/intra-in-lumea-copiilor\\\/serbari-scolare\\\/\",\"url\":\"https:\\\/\\\/muzeulgolesti.ro\\\/en\\\/intra-in-lumea-copiilor\\\/serbari-scolare\\\/\",\"name\":\"SERB\u0102RI \u0218COLARE\",\"isPartOf\":{\"@id\":\"https:\\\/\\\/muzeulgolesti.ro\\\/ro\\\/#website\"},\"primaryImageOfPage\":{\"@id\":\"https:\\\/\\\/muzeulgolesti.ro\\\/en\\\/intra-in-lumea-copiilor\\\/serbari-scolare\\\/#primaryimage\"},\"image\":{\"@id\":\"https:\\\/\\\/muzeulgolesti.ro\\\/en\\\/intra-in-lumea-copiilor\\\/serbari-scolare\\\/#primaryimage\"},\"thumbnailUrl\":\"https:\\\/\\\/muzeulgolesti.ro\\\/wp-content\\\/uploads\\\/2022\\\/12\\\/c11af61e-3ed3-4130-8b65-72443ba0d9b8-scaled.jpg\",\"datePublished\":\"2022-12-31T09:30:14+00:00\",\"dateModified\":\"2022-12-31T09:32:42+00:00\",\"description\":\"SERB\u0102RI \u0218COLARE\",\"breadcrumb\":{\"@id\":\"https:\\\/\\\/muzeulgolesti.ro\\\/en\\\/intra-in-lumea-copiilor\\\/serbari-scolare\\\/#breadcrumb\"},\"inLanguage\":\"ro-RO\",\"potentialAction\":[{\"@type\":\"ReadAction\",\"target\":[\"https:\\\/\\\/muzeulgolesti.ro\\\/en\\\/intra-in-lumea-copiilor\\\/serbari-scolare\\\/\"]}]},{\"@type\":\"ImageObject\",\"inLanguage\":\"ro-RO\",\"@id\":\"https:\\\/\\\/muzeulgolesti.ro\\\/en\\\/intra-in-lumea-copiilor\\\/serbari-scolare\\\/#primaryimage\",\"url\":\"https:\\\/\\\/muzeulgolesti.ro\\\/wp-content\\\/uploads\\\/2022\\\/12\\\/c11af61e-3ed3-4130-8b65-72443ba0d9b8-scaled.jpg\",\"contentUrl\":\"https:\\\/\\\/muzeulgolesti.ro\\\/wp-content\\\/uploads\\\/2022\\\/12\\\/c11af61e-3ed3-4130-8b65-72443ba0d9b8-scaled.jpg\"},{\"@type\":\"BreadcrumbList\",\"@id\":\"https:\\\/\\\/muzeulgolesti.ro\\\/en\\\/intra-in-lumea-copiilor\\\/serbari-scolare\\\/#breadcrumb\",\"itemListElement\":[{\"@type\":\"ListItem\",\"position\":1,\"name\":\"Prima pagin\u0103\",\"item\":\"https:\\\/\\\/muzeulgolesti.ro\\\/ro\\\/\"},{\"@type\":\"ListItem\",\"position\":2,\"name\":\"INTR\u0102 \u00ceN LUMEA COPIILOR\",\"item\":\"https:\\\/\\\/muzeulgolesti.ro\\\/en\\\/intra-in-lumea-copiilor\\\/\"},{\"@type\":\"ListItem\",\"position\":3,\"name\":\"THE END OF THE SCHOOL YEAR CELEBRATION\"}]},{\"@type\":\"WebSite\",\"@id\":\"https:\\\/\\\/muzeulgolesti.ro\\\/ro\\\/#website\",\"url\":\"https:\\\/\\\/muzeulgolesti.ro\\\/ro\\\/\",\"name\":\"Muzeul Vititculturii si Pomiculturii Golesti\",\"description\":\"Cultura, Etnografie, Istorie - Muzeul Vititculturii si Pomiculturii Golesti\",\"publisher\":{\"@id\":\"https:\\\/\\\/muzeulgolesti.ro\\\/ro\\\/#organization\"},\"potentialAction\":[{\"@type\":\"SearchAction\",\"target\":{\"@type\":\"EntryPoint\",\"urlTemplate\":\"https:\\\/\\\/muzeulgolesti.ro\\\/ro\\\/?s={search_term_string}\"},\"query-input\":{\"@type\":\"PropertyValueSpecification\",\"valueRequired\":true,\"valueName\":\"search_term_string\"}}],\"inLanguage\":\"ro-RO\"},{\"@type\":\"Organization\",\"@id\":\"https:\\\/\\\/muzeulgolesti.ro\\\/ro\\\/#organization\",\"name\":\"Muzeul Vititculturii si Pomiculturii Golesti\",\"url\":\"https:\\\/\\\/muzeulgolesti.ro\\\/ro\\\/\",\"logo\":{\"@type\":\"ImageObject\",\"inLanguage\":\"ro-RO\",\"@id\":\"https:\\\/\\\/muzeulgolesti.ro\\\/ro\\\/#\\\/schema\\\/logo\\\/image\\\/\",\"url\":\"https:\\\/\\\/muzeulgolesti.ro\\\/wp-content\\\/uploads\\\/2022\\\/11\\\/SiglaMuzeu.jpg\",\"contentUrl\":\"https:\\\/\\\/muzeulgolesti.ro\\\/wp-content\\\/uploads\\\/2022\\\/11\\\/SiglaMuzeu.jpg\",\"width\":86,\"height\":50,\"caption\":\"Muzeul Vititculturii si Pomiculturii Golesti\"},\"image\":{\"@id\":\"https:\\\/\\\/muzeulgolesti.ro\\\/ro\\\/#\\\/schema\\\/logo\\\/image\\\/\"},\"sameAs\":[\"https:\\\/\\\/web.facebook.com\\\/www.muzeulgolesti.ro\"]}]}<\/script>\n<!-- \/ Yoast SEO plugin. -->","yoast_head_json":{"title":"SERB\u0102RI \u0218COLARE","description":"[:ro]SERB\u0102RI \u0218COLARE[:en]THE END OF THE SCHOOL YEAR CELEBRATION[:] - Muzeul Viticulturii si Pomiculturii Golesti","robots":{"index":"index","follow":"follow","max-snippet":"max-snippet:-1","max-image-preview":"max-image-preview:large","max-video-preview":"max-video-preview:-1"},"canonical":"https:\/\/muzeulgolesti.ro\/ro\/intra-in-lumea-copiilor\/serbari-scolare\/","og_locale":"ro_RO","og_type":"article","og_title":"[:ro]SERB\u0102RI \u0218COLARE[:en]THE END OF THE SCHOOL YEAR CELEBRATION[:] - Muzeul Viticulturii si Pomiculturii Golesti","og_description":"[:ro]SERB\u0102RI \u0218COLARE[:en]THE END OF THE SCHOOL YEAR CELEBRATION[:] - Muzeul Viticulturii si Pomiculturii Golesti","og_url":"https:\/\/muzeulgolesti.ro\/ro\/intra-in-lumea-copiilor\/serbari-scolare\/","og_site_name":"Muzeul Viticulturii si Pomiculturii Golesti","article_publisher":"https:\/\/web.facebook.com\/www.muzeulgolesti.ro","article_modified_time":"2022-12-31T09:32:42+00:00","og_image":[{"url":"https:\/\/muzeulgolesti.ro\/wp-content\/uploads\/2022\/12\/c11af61e-3ed3-4130-8b65-72443ba0d9b8-scaled.jpg","type":"","width":"","height":""}],"twitter_card":"summary_large_image","twitter_misc":{"Timp estimat pentru citire":"2 minute"},"schema":{"@context":"https:\/\/schema.org","@graph":[{"@type":"WebPage","@id":"https:\/\/muzeulgolesti.ro\/en\/intra-in-lumea-copiilor\/serbari-scolare\/","url":"https:\/\/muzeulgolesti.ro\/en\/intra-in-lumea-copiilor\/serbari-scolare\/","name":"SERB\u0102RI \u0218COLARE","isPartOf":{"@id":"https:\/\/muzeulgolesti.ro\/ro\/#website"},"primaryImageOfPage":{"@id":"https:\/\/muzeulgolesti.ro\/en\/intra-in-lumea-copiilor\/serbari-scolare\/#primaryimage"},"image":{"@id":"https:\/\/muzeulgolesti.ro\/en\/intra-in-lumea-copiilor\/serbari-scolare\/#primaryimage"},"thumbnailUrl":"https:\/\/muzeulgolesti.ro\/wp-content\/uploads\/2022\/12\/c11af61e-3ed3-4130-8b65-72443ba0d9b8-scaled.jpg","datePublished":"2022-12-31T09:30:14+00:00","dateModified":"2022-12-31T09:32:42+00:00","description":"SERB\u0102RI \u0218COLARE","breadcrumb":{"@id":"https:\/\/muzeulgolesti.ro\/en\/intra-in-lumea-copiilor\/serbari-scolare\/#breadcrumb"},"inLanguage":"ro-RO","potentialAction":[{"@type":"ReadAction","target":["https:\/\/muzeulgolesti.ro\/en\/intra-in-lumea-copiilor\/serbari-scolare\/"]}]},{"@type":"ImageObject","inLanguage":"ro-RO","@id":"https:\/\/muzeulgolesti.ro\/en\/intra-in-lumea-copiilor\/serbari-scolare\/#primaryimage","url":"https:\/\/muzeulgolesti.ro\/wp-content\/uploads\/2022\/12\/c11af61e-3ed3-4130-8b65-72443ba0d9b8-scaled.jpg","contentUrl":"https:\/\/muzeulgolesti.ro\/wp-content\/uploads\/2022\/12\/c11af61e-3ed3-4130-8b65-72443ba0d9b8-scaled.jpg"},{"@type":"BreadcrumbList","@id":"https:\/\/muzeulgolesti.ro\/en\/intra-in-lumea-copiilor\/serbari-scolare\/#breadcrumb","itemListElement":[{"@type":"ListItem","position":1,"name":"Prima pagin\u0103","item":"https:\/\/muzeulgolesti.ro\/ro\/"},{"@type":"ListItem","position":2,"name":"INTR\u0102 \u00ceN LUMEA COPIILOR","item":"https:\/\/muzeulgolesti.ro\/en\/intra-in-lumea-copiilor\/"},{"@type":"ListItem","position":3,"name":"THE END OF THE SCHOOL YEAR CELEBRATION"}]},{"@type":"WebSite","@id":"https:\/\/muzeulgolesti.ro\/ro\/#website","url":"https:\/\/muzeulgolesti.ro\/ro\/","name":"Muzeul Vititculturii si Pomiculturii Golesti","description":"Cultura, Etnografie, Istorie - Muzeul Vititculturii si Pomiculturii Golesti","publisher":{"@id":"https:\/\/muzeulgolesti.ro\/ro\/#organization"},"potentialAction":[{"@type":"SearchAction","target":{"@type":"EntryPoint","urlTemplate":"https:\/\/muzeulgolesti.ro\/ro\/?s={search_term_string}"},"query-input":{"@type":"PropertyValueSpecification","valueRequired":true,"valueName":"search_term_string"}}],"inLanguage":"ro-RO"},{"@type":"Organization","@id":"https:\/\/muzeulgolesti.ro\/ro\/#organization","name":"Muzeul Vititculturii si Pomiculturii Golesti","url":"https:\/\/muzeulgolesti.ro\/ro\/","logo":{"@type":"ImageObject","inLanguage":"ro-RO","@id":"https:\/\/muzeulgolesti.ro\/ro\/#\/schema\/logo\/image\/","url":"https:\/\/muzeulgolesti.ro\/wp-content\/uploads\/2022\/11\/SiglaMuzeu.jpg","contentUrl":"https:\/\/muzeulgolesti.ro\/wp-content\/uploads\/2022\/11\/SiglaMuzeu.jpg","width":86,"height":50,"caption":"Muzeul Vititculturii si Pomiculturii Golesti"},"image":{"@id":"https:\/\/muzeulgolesti.ro\/ro\/#\/schema\/logo\/image\/"},"sameAs":["https:\/\/web.facebook.com\/www.muzeulgolesti.ro"]}]}},"_links":{"self":[{"href":"https:\/\/muzeulgolesti.ro\/ro\/wp-json\/wp\/v2\/pages\/4970","targetHints":{"allow":["GET"]}}],"collection":[{"href":"https:\/\/muzeulgolesti.ro\/ro\/wp-json\/wp\/v2\/pages"}],"about":[{"href":"https:\/\/muzeulgolesti.ro\/ro\/wp-json\/wp\/v2\/types\/page"}],"author":[{"embeddable":true,"href":"https:\/\/muzeulgolesti.ro\/ro\/wp-json\/wp\/v2\/users\/4"}],"replies":[{"embeddable":true,"href":"https:\/\/muzeulgolesti.ro\/ro\/wp-json\/wp\/v2\/comments?post=4970"}],"version-history":[{"count":3,"href":"https:\/\/muzeulgolesti.ro\/ro\/wp-json\/wp\/v2\/pages\/4970\/revisions"}],"predecessor-version":[{"id":4974,"href":"https:\/\/muzeulgolesti.ro\/ro\/wp-json\/wp\/v2\/pages\/4970\/revisions\/4974"}],"up":[{"embeddable":true,"href":"https:\/\/muzeulgolesti.ro\/ro\/wp-json\/wp\/v2\/pages\/3256"}],"wp:attachment":[{"href":"https:\/\/muzeulgolesti.ro\/ro\/wp-json\/wp\/v2\/media?parent=4970"}],"curies":[{"name":"wp","href":"https:\/\/api.w.org\/{rel}","templated":true}]}}