{"id":5043,"date":"2023-01-04T18:44:56","date_gmt":"2023-01-04T18:44:56","guid":{"rendered":"https:\/\/muzeulgolesti.ro\/ro\/?page_id=5043"},"modified":"2023-01-04T18:46:16","modified_gmt":"2023-01-04T18:46:16","slug":"modelharta","status":"publish","type":"page","link":"https:\/\/muzeulgolesti.ro\/ro\/modelharta\/","title":{"rendered":"ModelHarta"},"content":{"rendered":"<div class=\"fusion-fullwidth fullwidth-box fusion-builder-row-1 fusion-flex-container has-pattern-background has-mask-background nonhundred-percent-fullwidth non-hundred-percent-height-scrolling\" style=\"--awb-border-radius-top-left:0px;--awb-border-radius-top-right:0px;--awb-border-radius-bottom-right:0px;--awb-border-radius-bottom-left:0px;--awb-background-color:#000000;--awb-flex-wrap:wrap;\" ><div class=\"fusion-builder-row fusion-row fusion-flex-align-items-flex-start fusion-flex-content-wrap\" style=\"max-width:93.6%;margin-left: calc(-4% \/ 2 );margin-right: calc(-4% \/ 2 );\"><div class=\"fusion-layout-column fusion_builder_column fusion-builder-column-0 fusion_builder_column_1_1 1_1 fusion-flex-column\" style=\"--awb-bg-size:cover;--awb-width-large:100%;--awb-margin-top-large:0px;--awb-spacing-right-large:1.92%;--awb-margin-bottom-large:0px;--awb-spacing-left-large:1.92%;--awb-width-medium:100%;--awb-spacing-right-medium:1.92%;--awb-spacing-left-medium:1.92%;--awb-width-small:100%;--awb-spacing-right-small:1.92%;--awb-spacing-left-small:1.92%;\"><div class=\"fusion-column-wrapper fusion-flex-justify-content-flex-start fusion-content-layout-column\"><div class=\"accordian fusion-accordian\" style=\"--awb-border-size:1px;--awb-icon-size:16px;--awb-content-font-size:var(--awb-typography4-font-size);--awb-icon-alignment:left;--awb-hover-color:var(--awb-color2);--awb-border-color:var(--awb-color3);--awb-background-color:var(--awb-color1);--awb-divider-color:var(--awb-color3);--awb-divider-hover-color:var(--awb-color3);--awb-icon-color:var(--awb-color1);--awb-title-color:#ffffff;--awb-content-color:#d0dbbc;--awb-icon-box-color:#1a4884;--awb-toggle-hover-accent-color:#118ddb;--awb-title-font-family:var(--awb-typography1-font-family);--awb-title-font-weight:var(--awb-typography1-font-weight);--awb-title-font-style:var(--awb-typography1-font-style);--awb-title-font-size:24px;--awb-content-font-family:var(--awb-typography4-font-family);--awb-content-font-weight:var(--awb-typography4-font-weight);--awb-content-font-style:var(--awb-typography4-font-style);\"><div class=\"panel-group fusion-toggle-icon-boxed\" id=\"accordion-5043-1\"><div class=\"fusion-panel panel-default panel-30e2980386a2c06ed fusion-toggle-has-divider\" style=\"--awb-title-color:#ffffff;--awb-content-color:#d0dbbc;\"><div class=\"panel-heading\"><h4 class=\"panel-title toggle\" id=\"toggle_30e2980386a2c06ed\"><a class=\"active\" aria-expanded=\"true\" aria-controls=\"30e2980386a2c06ed\" role=\"button\" data-toggle=\"collapse\" data-parent=\"#accordion-5043-1\" data-target=\"#30e2980386a2c06ed\" href=\"#30e2980386a2c06ed\"><span class=\"fusion-toggle-icon-wrapper\" aria-hidden=\"true\"><i class=\"fa-fusion-box active-icon awb-icon-minus\" aria-hidden=\"true\"><\/i><i class=\"fa-fusion-box inactive-icon fa-archway fas\" aria-hidden=\"true\"><\/i><\/span><span class=\"fusion-toggle-heading\">Rom\u00e2n\u0103<\/span><\/a><\/h4><\/div><div id=\"30e2980386a2c06ed\" class=\"panel-collapse collapse in\" aria-labelledby=\"toggle_30e2980386a2c06ed\"><div class=\"panel-body toggle-content fusion-clearfix\">\n<h4 class=\"txt-alb\">1 Foi\u0219orul de paz\u0103<\/h4>\n<p>Intrarea \u00een Muzeul Gole\u0219ti se face prin foi\u0219orul de paz\u0103, din care slujitorii supravegheau curtea boiereasc\u0103 \u0219i \u00eemprejurimile acesteia. \u00cen caz de pericol, atac armat sau foc, ace\u0219tia d\u0103deau alarma. Datorit\u0103 acestei pozi\u021bii strategice, foi\u0219orul a fost ales de Tudor Vladimirescu ca loc de popas \u00een prim\u0103vara anului 1821. Aici a fost prins \u0219i arestat de c\u0103tre eteri\u0219ti \u0219i, de aici, a plecat pe ultimul lui drum, spre T\u00e2rgovi\u0219te. Iatagane , pistoale, flinte, costume din epoc\u0103,steagul o\u0219tirii lui Tudor Vladimirescu \u0219i u\u0219a masiv\u0103 a casei lui pot fi v\u0103zute aici. Din foi\u0219or se dezv\u0103luie vizitatorului cea mai frumoas\u0103 imagine panoramic\u0103 a conacului Gole\u0219ti.<\/div><\/div><\/div><div class=\"fusion-panel panel-default panel-6e97ae34015c19471 fusion-toggle-has-divider\" style=\"--awb-title-color:#ffffff;--awb-content-color:#d0dbbc;\"><div class=\"panel-heading\"><h4 class=\"panel-title toggle\" id=\"toggle_6e97ae34015c19471\"><a aria-expanded=\"false\" aria-controls=\"6e97ae34015c19471\" role=\"button\" data-toggle=\"collapse\" data-parent=\"#accordion-5043-1\" data-target=\"#6e97ae34015c19471\" href=\"#6e97ae34015c19471\"><span class=\"fusion-toggle-icon-wrapper\" aria-hidden=\"true\"><i class=\"fa-fusion-box active-icon awb-icon-minus\" aria-hidden=\"true\"><\/i><i class=\"fa-fusion-box inactive-icon fa-archway fas\" aria-hidden=\"true\"><\/i><\/span><span class=\"fusion-toggle-heading\">English<\/span><\/a><\/h4><\/div><div id=\"6e97ae34015c19471\" class=\"panel-collapse collapse \" aria-labelledby=\"toggle_6e97ae34015c19471\"><div class=\"panel-body toggle-content fusion-clearfix\">\n<h4 class=\"txt-alb\">1 The Watching Tower<\/h4>\n<p>The entrance to the Gole\u0219ti Museum is through the guard-gate, from which the servants oversaw the boyar court and its surroundings. In the event of danger, armed attack or fire, they were sounding the alarm. Due to this strategic position, the watchtower was chosen by Tudor Vladimirescu as a stopover place in the spring of 1821. Here he was captured and arrested by the Eterists and hence left on his last road to T\u00e2rgovi\u0219te. Yataghans, pistols, muskets, ancient costumes, the flag of Tudor Vladimirescu&#8217;s army and the massive door of his house can be seen here. From the watchtower reveals to the visitor the most beautiful panoramic view of the Gole\u015fti Mansion.<\/div><\/div><\/div><\/div><\/div><\/div><\/div><\/div><\/div>\n","protected":false},"excerpt":{"rendered":"","protected":false},"author":4,"featured_media":0,"parent":0,"menu_order":0,"comment_status":"closed","ping_status":"closed","template":"100-width.php","meta":{"footnotes":""},"class_list":["post-5043","page","type-page","status-publish","hentry"],"yoast_head":"<!-- This site is optimized with the Yoast SEO plugin v27.5 - https:\/\/yoast.com\/product\/yoast-seo-wordpress\/ -->\n<title>ModelHarta<\/title>\n<meta name=\"description\" content=\"ModelHarta\" \/>\n<meta name=\"robots\" content=\"index, follow, max-snippet:-1, max-image-preview:large, max-video-preview:-1\" \/>\n<link rel=\"canonical\" href=\"https:\/\/muzeulgolesti.ro\/ro\/modelharta\/\" \/>\n<meta property=\"og:locale\" content=\"ro_RO\" \/>\n<meta property=\"og:locale:alternate\" content=\"en_UK\" \/>\n<meta property=\"og:type\" content=\"article\" \/>\n<meta property=\"og:title\" content=\"ModelHarta\" \/>\n<meta property=\"og:description\" content=\"ModelHarta\" \/>\n<meta property=\"og:url\" content=\"https:\/\/muzeulgolesti.ro\/ro\/modelharta\/\" \/>\n<meta property=\"og:site_name\" content=\"Muzeul Viticulturii si Pomiculturii Golesti\" \/>\n<meta property=\"article:publisher\" content=\"https:\/\/web.facebook.com\/www.muzeulgolesti.ro\" \/>\n<meta property=\"article:modified_time\" content=\"2023-01-04T18:46:16+00:00\" \/>\n<meta name=\"twitter:card\" content=\"summary_large_image\" \/>\n<meta name=\"twitter:label1\" content=\"Timp estimat pentru citire\" \/>\n\t<meta name=\"twitter:data1\" content=\"2 minute\" \/>\n<script type=\"application\/ld+json\" class=\"yoast-schema-graph\">{\"@context\":\"https:\\\/\\\/schema.org\",\"@graph\":[{\"@type\":\"WebPage\",\"@id\":\"https:\\\/\\\/muzeulgolesti.ro\\\/ro\\\/modelharta\\\/\",\"url\":\"https:\\\/\\\/muzeulgolesti.ro\\\/ro\\\/modelharta\\\/\",\"name\":\"ModelHarta\",\"isPartOf\":{\"@id\":\"https:\\\/\\\/muzeulgolesti.ro\\\/ro\\\/#website\"},\"datePublished\":\"2023-01-04T18:44:56+00:00\",\"dateModified\":\"2023-01-04T18:46:16+00:00\",\"description\":\"ModelHarta\",\"breadcrumb\":{\"@id\":\"https:\\\/\\\/muzeulgolesti.ro\\\/ro\\\/modelharta\\\/#breadcrumb\"},\"inLanguage\":\"ro-RO\",\"potentialAction\":[{\"@type\":\"ReadAction\",\"target\":[\"https:\\\/\\\/muzeulgolesti.ro\\\/ro\\\/modelharta\\\/\"]}]},{\"@type\":\"BreadcrumbList\",\"@id\":\"https:\\\/\\\/muzeulgolesti.ro\\\/ro\\\/modelharta\\\/#breadcrumb\",\"itemListElement\":[{\"@type\":\"ListItem\",\"position\":1,\"name\":\"Prima pagin\u0103\",\"item\":\"https:\\\/\\\/muzeulgolesti.ro\\\/ro\\\/\"},{\"@type\":\"ListItem\",\"position\":2,\"name\":\"ModelHarta\"}]},{\"@type\":\"WebSite\",\"@id\":\"https:\\\/\\\/muzeulgolesti.ro\\\/ro\\\/#website\",\"url\":\"https:\\\/\\\/muzeulgolesti.ro\\\/ro\\\/\",\"name\":\"Muzeul Vititculturii si Pomiculturii Golesti\",\"description\":\"Cultura, Etnografie, Istorie - Muzeul Vititculturii si Pomiculturii Golesti\",\"publisher\":{\"@id\":\"https:\\\/\\\/muzeulgolesti.ro\\\/ro\\\/#organization\"},\"potentialAction\":[{\"@type\":\"SearchAction\",\"target\":{\"@type\":\"EntryPoint\",\"urlTemplate\":\"https:\\\/\\\/muzeulgolesti.ro\\\/ro\\\/?s={search_term_string}\"},\"query-input\":{\"@type\":\"PropertyValueSpecification\",\"valueRequired\":true,\"valueName\":\"search_term_string\"}}],\"inLanguage\":\"ro-RO\"},{\"@type\":\"Organization\",\"@id\":\"https:\\\/\\\/muzeulgolesti.ro\\\/ro\\\/#organization\",\"name\":\"Muzeul Vititculturii si Pomiculturii Golesti\",\"url\":\"https:\\\/\\\/muzeulgolesti.ro\\\/ro\\\/\",\"logo\":{\"@type\":\"ImageObject\",\"inLanguage\":\"ro-RO\",\"@id\":\"https:\\\/\\\/muzeulgolesti.ro\\\/ro\\\/#\\\/schema\\\/logo\\\/image\\\/\",\"url\":\"https:\\\/\\\/muzeulgolesti.ro\\\/wp-content\\\/uploads\\\/2022\\\/11\\\/SiglaMuzeu.jpg\",\"contentUrl\":\"https:\\\/\\\/muzeulgolesti.ro\\\/wp-content\\\/uploads\\\/2022\\\/11\\\/SiglaMuzeu.jpg\",\"width\":86,\"height\":50,\"caption\":\"Muzeul Vititculturii si Pomiculturii Golesti\"},\"image\":{\"@id\":\"https:\\\/\\\/muzeulgolesti.ro\\\/ro\\\/#\\\/schema\\\/logo\\\/image\\\/\"},\"sameAs\":[\"https:\\\/\\\/web.facebook.com\\\/www.muzeulgolesti.ro\"]}]}<\/script>\n<!-- \/ Yoast SEO plugin. -->","yoast_head_json":{"title":"ModelHarta","description":"[:ro]ModelHarta[:] - Muzeul Viticulturii si Pomiculturii Golesti","robots":{"index":"index","follow":"follow","max-snippet":"max-snippet:-1","max-image-preview":"max-image-preview:large","max-video-preview":"max-video-preview:-1"},"canonical":"https:\/\/muzeulgolesti.ro\/ro\/modelharta\/","og_locale":"ro_RO","og_type":"article","og_title":"[:ro]ModelHarta[:] - Muzeul Viticulturii si Pomiculturii Golesti","og_description":"[:ro]ModelHarta[:] - Muzeul Viticulturii si Pomiculturii Golesti","og_url":"https:\/\/muzeulgolesti.ro\/ro\/modelharta\/","og_site_name":"Muzeul Viticulturii si Pomiculturii Golesti","article_publisher":"https:\/\/web.facebook.com\/www.muzeulgolesti.ro","article_modified_time":"2023-01-04T18:46:16+00:00","twitter_card":"summary_large_image","twitter_misc":{"Timp estimat pentru citire":"2 minute"},"schema":{"@context":"https:\/\/schema.org","@graph":[{"@type":"WebPage","@id":"https:\/\/muzeulgolesti.ro\/ro\/modelharta\/","url":"https:\/\/muzeulgolesti.ro\/ro\/modelharta\/","name":"ModelHarta","isPartOf":{"@id":"https:\/\/muzeulgolesti.ro\/ro\/#website"},"datePublished":"2023-01-04T18:44:56+00:00","dateModified":"2023-01-04T18:46:16+00:00","description":"ModelHarta","breadcrumb":{"@id":"https:\/\/muzeulgolesti.ro\/ro\/modelharta\/#breadcrumb"},"inLanguage":"ro-RO","potentialAction":[{"@type":"ReadAction","target":["https:\/\/muzeulgolesti.ro\/ro\/modelharta\/"]}]},{"@type":"BreadcrumbList","@id":"https:\/\/muzeulgolesti.ro\/ro\/modelharta\/#breadcrumb","itemListElement":[{"@type":"ListItem","position":1,"name":"Prima pagin\u0103","item":"https:\/\/muzeulgolesti.ro\/ro\/"},{"@type":"ListItem","position":2,"name":"ModelHarta"}]},{"@type":"WebSite","@id":"https:\/\/muzeulgolesti.ro\/ro\/#website","url":"https:\/\/muzeulgolesti.ro\/ro\/","name":"Muzeul Vititculturii si Pomiculturii Golesti","description":"Cultura, Etnografie, Istorie - Muzeul Vititculturii si Pomiculturii Golesti","publisher":{"@id":"https:\/\/muzeulgolesti.ro\/ro\/#organization"},"potentialAction":[{"@type":"SearchAction","target":{"@type":"EntryPoint","urlTemplate":"https:\/\/muzeulgolesti.ro\/ro\/?s={search_term_string}"},"query-input":{"@type":"PropertyValueSpecification","valueRequired":true,"valueName":"search_term_string"}}],"inLanguage":"ro-RO"},{"@type":"Organization","@id":"https:\/\/muzeulgolesti.ro\/ro\/#organization","name":"Muzeul Vititculturii si Pomiculturii Golesti","url":"https:\/\/muzeulgolesti.ro\/ro\/","logo":{"@type":"ImageObject","inLanguage":"ro-RO","@id":"https:\/\/muzeulgolesti.ro\/ro\/#\/schema\/logo\/image\/","url":"https:\/\/muzeulgolesti.ro\/wp-content\/uploads\/2022\/11\/SiglaMuzeu.jpg","contentUrl":"https:\/\/muzeulgolesti.ro\/wp-content\/uploads\/2022\/11\/SiglaMuzeu.jpg","width":86,"height":50,"caption":"Muzeul Vititculturii si Pomiculturii Golesti"},"image":{"@id":"https:\/\/muzeulgolesti.ro\/ro\/#\/schema\/logo\/image\/"},"sameAs":["https:\/\/web.facebook.com\/www.muzeulgolesti.ro"]}]}},"_links":{"self":[{"href":"https:\/\/muzeulgolesti.ro\/ro\/wp-json\/wp\/v2\/pages\/5043","targetHints":{"allow":["GET"]}}],"collection":[{"href":"https:\/\/muzeulgolesti.ro\/ro\/wp-json\/wp\/v2\/pages"}],"about":[{"href":"https:\/\/muzeulgolesti.ro\/ro\/wp-json\/wp\/v2\/types\/page"}],"author":[{"embeddable":true,"href":"https:\/\/muzeulgolesti.ro\/ro\/wp-json\/wp\/v2\/users\/4"}],"replies":[{"embeddable":true,"href":"https:\/\/muzeulgolesti.ro\/ro\/wp-json\/wp\/v2\/comments?post=5043"}],"version-history":[{"count":1,"href":"https:\/\/muzeulgolesti.ro\/ro\/wp-json\/wp\/v2\/pages\/5043\/revisions"}],"predecessor-version":[{"id":5046,"href":"https:\/\/muzeulgolesti.ro\/ro\/wp-json\/wp\/v2\/pages\/5043\/revisions\/5046"}],"wp:attachment":[{"href":"https:\/\/muzeulgolesti.ro\/ro\/wp-json\/wp\/v2\/media?parent=5043"}],"curies":[{"name":"wp","href":"https:\/\/api.w.org\/{rel}","templated":true}]}}