{"id":6523,"date":"2024-07-22T12:23:19","date_gmt":"2024-07-22T12:23:19","guid":{"rendered":"https:\/\/muzeulgolesti.ro\/ro\/?page_id=6523"},"modified":"2024-08-07T13:00:01","modified_gmt":"2024-08-07T13:00:01","slug":"proiectul","status":"publish","type":"page","link":"https:\/\/muzeulgolesti.ro\/ro\/proiectul\/","title":{"rendered":"PROIECTUL"},"content":{"rendered":"<p><img decoding=\"async\" class=\"aligncenter wp-image-6575\" src=\"https:\/\/muzeulgolesti.ro\/wp-content\/uploads\/2024\/08\/Sigla-proiect-afcn-2924-360x360.jpg\" alt=\"\" width=\"487\" height=\"487\" srcset=\"https:\/\/muzeulgolesti.ro\/wp-content\/uploads\/2024\/08\/Sigla-proiect-afcn-2924-66x66.jpg 66w, https:\/\/muzeulgolesti.ro\/wp-content\/uploads\/2024\/08\/Sigla-proiect-afcn-2924-150x150.jpg 150w, https:\/\/muzeulgolesti.ro\/wp-content\/uploads\/2024\/08\/Sigla-proiect-afcn-2924-200x200.jpg 200w, https:\/\/muzeulgolesti.ro\/wp-content\/uploads\/2024\/08\/Sigla-proiect-afcn-2924-360x360.jpg 360w, https:\/\/muzeulgolesti.ro\/wp-content\/uploads\/2024\/08\/Sigla-proiect-afcn-2924-400x400.jpg 400w, https:\/\/muzeulgolesti.ro\/wp-content\/uploads\/2024\/08\/Sigla-proiect-afcn-2924-600x600.jpg 600w, https:\/\/muzeulgolesti.ro\/wp-content\/uploads\/2024\/08\/Sigla-proiect-afcn-2924-768x768.jpg 768w, https:\/\/muzeulgolesti.ro\/wp-content\/uploads\/2024\/08\/Sigla-proiect-afcn-2924-800x800.jpg 800w, https:\/\/muzeulgolesti.ro\/wp-content\/uploads\/2024\/08\/Sigla-proiect-afcn-2924-1200x1200.jpg 1200w, https:\/\/muzeulgolesti.ro\/wp-content\/uploads\/2024\/08\/Sigla-proiect-afcn-2924-1300x1300.jpg 1300w, https:\/\/muzeulgolesti.ro\/wp-content\/uploads\/2024\/08\/Sigla-proiect-afcn-2924-1536x1536.jpg 1536w\" sizes=\"(max-width: 487px) 100vw, 487px\" \/><\/p>\n<p><strong>Ce propunem noi<\/strong><\/p>\n<p>Proiectul \u201ePrive\u0219te cerul, rom\u00e2ne\u0219te!\u201d \u00ee\u0219i propune s\u0103 revitalizeze, la nivelul publicului \u0219colar din jude\u021bul Arge\u0219, o component\u0103 important\u0103 a patrimoniului imaterial, respectiv mitologia astronomic\u0103 popular\u0103 \u0219i s\u0103 ini\u021bieze copiii din grupul \u021bint\u0103 \u00een orientarea \u00een natur\u0103, folosind ca reper astrele.<\/p>\n<p>Prin workshop-uri despre mitologie \u0219i observa\u021bie astronomic\u0103 direct\u0103, copiii vor\u00a0 afla modul \u00een care cuno\u0219tin\u021bele tradi\u021bionale despre univers erau corelate cu via\u021ba \u0219i activit\u0103\u021bile de zi cu zi.<\/p>\n<p>&nbsp;<\/p>\n<p><strong>Scopul acestui proiect<\/strong><\/p>\n<p>Proiectul \u00eent\u0103re\u0219te componenta identitar\u0103 a tinerei genera\u021bii, f\u0103c\u00e2nd leg\u0103tura \u00eentre aceasta \u0219i vechile tradi\u021bii, iar, pe de alt\u0103 parte, ofer\u0103 informa\u021bii despre cum putem gestiona eficient resursele naturale, cum putem corela calendarul astronomic tradi\u021bional cu redescoperirea unor activit\u0103\u021bi tradi\u021bionale \u0219i reutilizarea unor tehnici vechi, ecologice \u0219i minim-invazive pentru mediul natural.<\/p>\n<p>&nbsp;<\/p>\n<p><strong>\u0218colile partenere \u00een proiect<\/strong><\/p>\n<p>\u0218coala Gimnazial\u0103 B\u0103icule\u0219ti<\/p>\n<p>\u0218coala Gimnazial\u0103 \u201eGeneral Constantin Cristescu\u201d, Lunca Corbului<\/p>\n<p>\u0218coala Gimnazial\u0103 \u201eMarin Preda\u201d, Pite\u0219ti<\/p>\n<p>\u0218coala Gimnazial\u0103 \u201eMatei Basarab\u201d, Pite\u0219ti<\/p>\n<p>\u0218coala Gimnazial\u0103 \u201eMihai Eminescu\u201d, Pite\u0219ti<\/p>\n<p>\u0218coala Gimnazial\u0103 Vr\u0103ne\u0219ti<\/p>\n<p>Liceul Tehnologic M\u0103r\u0103cineni<\/p>\n<p>Liceul Teoretic \u201eIon Mihalache\u201d, Topoloveni<\/p>\n<p>&nbsp;<\/p>\n<p><strong>Ce vom face \u00een proiect<\/strong><\/p>\n<p>\u00cen incinta muzeului sau prin deplasare la \u0219colile partenere, vor fi organizate workshop-uri de cca 60 min \u00een care elevii vor descoperi concep\u021bia \u021b\u0103ranului rom\u00e2n asupra universului, miturile \u0219i pove\u0219tile prin care str\u0103bunii \u00ee\u0219i explicau existen\u021ba \u0219i influen\u021ba astrelor \u00een via\u021ba de zi cu zi. Acestea vor fi urmate de observa\u021bii astronomice directe folosind aparatura specific\u0103: cadran solar, sextant, busola, h\u0103r\u021bi ale cerului, telescoape. Se va documenta \u0219i se va realiza o bro\u0219ur\u0103, care va fi distribuit\u0103 gratuit, \u00een care vor fi prezentate legendele asociate astrelor vizibile din \u021bara noastr\u0103, informa\u021bii privind calendarul popular \u0219i activit\u0103\u021bile tradi\u021bionale.<\/p>\n<p><strong>\u00a0<\/strong><\/p>\n<p><strong>Obiectivul general al proiectului<\/strong><\/p>\n<p>Elevii, dar \u0219i publicul larg, s\u0103 cunoasc\u0103 viziunea rom\u00e2neasc\u0103 asupra bol\u021bii cere\u0219ti, at\u00e2t din punct de vedere mitologic, c\u00e2t \u0219i astronomic.<\/p>\n<p><strong>\u00a0<\/strong><\/p>\n<p><strong>Obiectivele specifice ale proiectului<\/strong><\/p>\n<p>Cunoa\u0219terea a minim 5 constela\u021bii rom\u00e2ne\u0219ti tradi\u021bionale \u0219i miturile asociate lor.<\/p>\n<p>Cunoa\u0219terea a minim 3 ocupa\u021bii tradi\u021bionale \u0219i modul \u00een care ele erau influen\u021bate de calendarul astral.<\/p>\n<p>Dob\u00e2ndirea de abilit\u0103\u021bi de orientare folosind cuno\u0219tin\u021bele despre bolta cereasc\u0103.<\/p>\n<p>Abilitatea de a identifica pe cer minim 2 stele\/planete folosite pentru orientare.<\/p>\n<p>&nbsp;<\/p>\n<p><strong>Grupuri \u021bint\u0103 \u0219i beneficiari<\/strong><\/p>\n<p>Proiectul este adresat elevilor de gimnaziu \u0219i liceu, cu v\u00e2rste\u00a0 cuprinse \u00eentre 11-19 ani (Clasele V \u2013XII), iar, indirect, vor beneficia p\u0103rin\u021bii\/\u00eenso\u021bitorii copiilor, publicul on-line al muzeului \u0219i orice persoan\u0103 pasionat\u0103 de astronomie\/mitologie.<\/p>\n<p><strong>\u00a0<\/strong><\/p>\n<p><strong>Activit\u0103\u021bile proiectului<\/strong><\/p>\n<p>\u00cen cadrul proiectului vor fi desf\u0103\u0219urate multe activit\u0103\u021bi interesante.<\/p>\n<p>Vor fi organizate 8 workshop-uri interactive despre univers \u0219i mitologia astral\u0103 rom\u00e2neasc\u0103. Sesiunile vor fi organizate la sediul Muzeului Viticulturii \u0219i Pomiculturii Gole\u0219ti \u0219i\/sau la sediul \u0219colilor partenere.<\/p>\n<p>Workshop-urile vor debuta cu prezentarea miturilor astrale\u00a0 \u0219i a constela\u021biilor rom\u00e2ne\u0219ti, urmate de exemple din care rezult\u0103 rolul calendarului astronomic pentru ocupa\u021biile tradi\u021bionale rom\u00e2ne\u0219ti, prin explica\u021bii \u0219i utilizarea de materiale video, Power-Point \u0219i bro\u0219ura proiectului.<\/p>\n<p>Urmeaz\u0103 montarea lunetei lui Galilei, sub supravegherea echipei de proiect. Se va continua cu prezentarea echipamentelor de orientare \u0219i exerci\u021bii practice cu acestea (planisfere, har\u021bi ale cerului, sextant, busol\u0103).<\/p>\n<p>Dup\u0103 ce r\u0103sar stelele, se trece \u00een zona de observa\u021bii astronomice, unde se vor folosi telescoapele \u0219i binoclul, pentru a identifica corpurile cere\u0219ti vizibile (planete, stele, constela\u021bii). Odat\u0103 identificate \u0219i observate se reactualizeaz\u0103 informa\u021bia despre miturile asociate acestora care a fost prezentat\u0103 \u00een deschiderea workshop-ului.<\/p>\n<p>Promovarea \u0219i diseminarea proiectului prin canalele mass-media \u0219i social-media ale organizatorului \u0219i ale partenerilor (realizarea unei pagini dedicate pe site-ul Muzeului Gole\u0219ti, a unui canal de Youtube \u0219i conturi de social-media dedicate (Instagram, TikTok), post\u0103ri pe paginile de Facebook ale muzeului \u0219i ale partenerilor, articole \u00een presa scris\u0103\/online, conferin\u021b\u0103 de pres\u0103 la lansarea\/finalul proiectului), materiale publicitare<\/p>\n<p>Document\u0103m, edit\u0103m \u0219i tip\u0103rim o bro\u0219ur\u0103 despre rolul astrelor \u00een via\u021ba \u021b\u0103ranului rom\u00e2n, intitulat\u0103 <em>Prive\u0219te cerul, rom\u00e2ne\u0219te!<\/em><\/p>\n<p>Realiz\u0103m un film documentar proiect, care va cuprinde informa\u021bii despre mitologia astral\u0103 rom\u00e2neasc\u0103 \u0219i despre desf\u0103\u0219urarea proiectului \u0219i impactul asupra grupului \u021bint\u0103.<\/p>\n","protected":false},"excerpt":{"rendered":"<p>Ce propunem noi Proiectul \u201ePrive\u0219te cerul, rom\u00e2ne\u0219te!\u201d \u00ee\u0219i propune s\u0103 revitalizeze, la nivelul publicului \u0219colar din jude\u021bul Arge\u0219, o component\u0103 important\u0103 a patrimoniului imaterial, respectiv mitologia astronomic\u0103 popular\u0103 \u0219i s\u0103  [&#8230;]<\/p>\n","protected":false},"author":4,"featured_media":0,"parent":0,"menu_order":0,"comment_status":"closed","ping_status":"closed","template":"100-width.php","meta":{"footnotes":""},"class_list":["post-6523","page","type-page","status-publish","hentry"],"yoast_head":"<!-- This site is optimized with the Yoast SEO plugin v27.4 - https:\/\/yoast.com\/product\/yoast-seo-wordpress\/ -->\n<title>PROIECTUL<\/title>\n<meta name=\"description\" content=\"PROIECTUL\" \/>\n<meta name=\"robots\" content=\"index, follow, max-snippet:-1, max-image-preview:large, max-video-preview:-1\" \/>\n<link rel=\"canonical\" href=\"https:\/\/muzeulgolesti.ro\/ro\/proiectul\/\" \/>\n<meta property=\"og:locale\" content=\"ro_RO\" \/>\n<meta property=\"og:locale:alternate\" content=\"en_UK\" \/>\n<meta property=\"og:type\" content=\"article\" \/>\n<meta property=\"og:title\" content=\"PROIECTUL\" \/>\n<meta property=\"og:description\" content=\"PROIECTUL\" \/>\n<meta property=\"og:url\" content=\"https:\/\/muzeulgolesti.ro\/ro\/proiectul\/\" \/>\n<meta property=\"og:site_name\" content=\"Muzeul Viticulturii si Pomiculturii Golesti\" \/>\n<meta property=\"article:publisher\" content=\"https:\/\/web.facebook.com\/www.muzeulgolesti.ro\" \/>\n<meta property=\"article:modified_time\" content=\"2024-08-07T13:00:01+00:00\" \/>\n<meta property=\"og:image\" content=\"https:\/\/muzeulgolesti.ro\/wp-content\/uploads\/2024\/08\/Sigla-proiect-afcn-2924-360x360.jpg\" \/>\n<meta name=\"twitter:card\" content=\"summary_large_image\" \/>\n<meta name=\"twitter:label1\" content=\"Timp estimat pentru citire\" \/>\n\t<meta name=\"twitter:data1\" content=\"4 minute\" \/>\n<script type=\"application\/ld+json\" class=\"yoast-schema-graph\">{\"@context\":\"https:\\\/\\\/schema.org\",\"@graph\":[{\"@type\":\"WebPage\",\"@id\":\"https:\\\/\\\/muzeulgolesti.ro\\\/en\\\/proiectul\\\/\",\"url\":\"https:\\\/\\\/muzeulgolesti.ro\\\/en\\\/proiectul\\\/\",\"name\":\"PROIECTUL\",\"isPartOf\":{\"@id\":\"https:\\\/\\\/muzeulgolesti.ro\\\/ro\\\/#website\"},\"primaryImageOfPage\":{\"@id\":\"https:\\\/\\\/muzeulgolesti.ro\\\/en\\\/proiectul\\\/#primaryimage\"},\"image\":{\"@id\":\"https:\\\/\\\/muzeulgolesti.ro\\\/en\\\/proiectul\\\/#primaryimage\"},\"thumbnailUrl\":\"https:\\\/\\\/muzeulgolesti.ro\\\/wp-content\\\/uploads\\\/2024\\\/08\\\/Sigla-proiect-afcn-2924-360x360.jpg\",\"datePublished\":\"2024-07-22T12:23:19+00:00\",\"dateModified\":\"2024-08-07T13:00:01+00:00\",\"description\":\"PROIECTUL\",\"breadcrumb\":{\"@id\":\"https:\\\/\\\/muzeulgolesti.ro\\\/en\\\/proiectul\\\/#breadcrumb\"},\"inLanguage\":\"ro-RO\",\"potentialAction\":[{\"@type\":\"ReadAction\",\"target\":[\"https:\\\/\\\/muzeulgolesti.ro\\\/en\\\/proiectul\\\/\"]}]},{\"@type\":\"ImageObject\",\"inLanguage\":\"ro-RO\",\"@id\":\"https:\\\/\\\/muzeulgolesti.ro\\\/en\\\/proiectul\\\/#primaryimage\",\"url\":\"https:\\\/\\\/muzeulgolesti.ro\\\/wp-content\\\/uploads\\\/2024\\\/08\\\/Sigla-proiect-afcn-2924-360x360.jpg\",\"contentUrl\":\"https:\\\/\\\/muzeulgolesti.ro\\\/wp-content\\\/uploads\\\/2024\\\/08\\\/Sigla-proiect-afcn-2924-360x360.jpg\"},{\"@type\":\"BreadcrumbList\",\"@id\":\"https:\\\/\\\/muzeulgolesti.ro\\\/en\\\/proiectul\\\/#breadcrumb\",\"itemListElement\":[{\"@type\":\"ListItem\",\"position\":1,\"name\":\"Prima pagin\u0103\",\"item\":\"https:\\\/\\\/muzeulgolesti.ro\\\/ro\\\/\"},{\"@type\":\"ListItem\",\"position\":2,\"name\":\"THE PROJECT\"}]},{\"@type\":\"WebSite\",\"@id\":\"https:\\\/\\\/muzeulgolesti.ro\\\/ro\\\/#website\",\"url\":\"https:\\\/\\\/muzeulgolesti.ro\\\/ro\\\/\",\"name\":\"Muzeul Vititculturii si Pomiculturii Golesti\",\"description\":\"Cultura, Etnografie, Istorie - Muzeul Vititculturii si Pomiculturii Golesti\",\"publisher\":{\"@id\":\"https:\\\/\\\/muzeulgolesti.ro\\\/ro\\\/#organization\"},\"potentialAction\":[{\"@type\":\"SearchAction\",\"target\":{\"@type\":\"EntryPoint\",\"urlTemplate\":\"https:\\\/\\\/muzeulgolesti.ro\\\/ro\\\/?s={search_term_string}\"},\"query-input\":{\"@type\":\"PropertyValueSpecification\",\"valueRequired\":true,\"valueName\":\"search_term_string\"}}],\"inLanguage\":\"ro-RO\"},{\"@type\":\"Organization\",\"@id\":\"https:\\\/\\\/muzeulgolesti.ro\\\/ro\\\/#organization\",\"name\":\"Muzeul Vititculturii si Pomiculturii Golesti\",\"url\":\"https:\\\/\\\/muzeulgolesti.ro\\\/ro\\\/\",\"logo\":{\"@type\":\"ImageObject\",\"inLanguage\":\"ro-RO\",\"@id\":\"https:\\\/\\\/muzeulgolesti.ro\\\/ro\\\/#\\\/schema\\\/logo\\\/image\\\/\",\"url\":\"https:\\\/\\\/muzeulgolesti.ro\\\/wp-content\\\/uploads\\\/2022\\\/11\\\/SiglaMuzeu.jpg\",\"contentUrl\":\"https:\\\/\\\/muzeulgolesti.ro\\\/wp-content\\\/uploads\\\/2022\\\/11\\\/SiglaMuzeu.jpg\",\"width\":86,\"height\":50,\"caption\":\"Muzeul Vititculturii si Pomiculturii Golesti\"},\"image\":{\"@id\":\"https:\\\/\\\/muzeulgolesti.ro\\\/ro\\\/#\\\/schema\\\/logo\\\/image\\\/\"},\"sameAs\":[\"https:\\\/\\\/web.facebook.com\\\/www.muzeulgolesti.ro\"]}]}<\/script>\n<!-- \/ Yoast SEO plugin. -->","yoast_head_json":{"title":"PROIECTUL","description":"[:ro]PROIECTUL[:en]THE PROJECT[:] - Muzeul Viticulturii si Pomiculturii Golesti","robots":{"index":"index","follow":"follow","max-snippet":"max-snippet:-1","max-image-preview":"max-image-preview:large","max-video-preview":"max-video-preview:-1"},"canonical":"https:\/\/muzeulgolesti.ro\/ro\/proiectul\/","og_locale":"ro_RO","og_type":"article","og_title":"[:ro]PROIECTUL[:en]THE PROJECT[:] - Muzeul Viticulturii si Pomiculturii Golesti","og_description":"[:ro]PROIECTUL[:en]THE PROJECT[:] - Muzeul Viticulturii si Pomiculturii Golesti","og_url":"https:\/\/muzeulgolesti.ro\/ro\/proiectul\/","og_site_name":"Muzeul Viticulturii si Pomiculturii Golesti","article_publisher":"https:\/\/web.facebook.com\/www.muzeulgolesti.ro","article_modified_time":"2024-08-07T13:00:01+00:00","og_image":[{"url":"https:\/\/muzeulgolesti.ro\/wp-content\/uploads\/2024\/08\/Sigla-proiect-afcn-2924-360x360.jpg","type":"","width":"","height":""}],"twitter_card":"summary_large_image","twitter_misc":{"Timp estimat pentru citire":"4 minute"},"schema":{"@context":"https:\/\/schema.org","@graph":[{"@type":"WebPage","@id":"https:\/\/muzeulgolesti.ro\/en\/proiectul\/","url":"https:\/\/muzeulgolesti.ro\/en\/proiectul\/","name":"PROIECTUL","isPartOf":{"@id":"https:\/\/muzeulgolesti.ro\/ro\/#website"},"primaryImageOfPage":{"@id":"https:\/\/muzeulgolesti.ro\/en\/proiectul\/#primaryimage"},"image":{"@id":"https:\/\/muzeulgolesti.ro\/en\/proiectul\/#primaryimage"},"thumbnailUrl":"https:\/\/muzeulgolesti.ro\/wp-content\/uploads\/2024\/08\/Sigla-proiect-afcn-2924-360x360.jpg","datePublished":"2024-07-22T12:23:19+00:00","dateModified":"2024-08-07T13:00:01+00:00","description":"PROIECTUL","breadcrumb":{"@id":"https:\/\/muzeulgolesti.ro\/en\/proiectul\/#breadcrumb"},"inLanguage":"ro-RO","potentialAction":[{"@type":"ReadAction","target":["https:\/\/muzeulgolesti.ro\/en\/proiectul\/"]}]},{"@type":"ImageObject","inLanguage":"ro-RO","@id":"https:\/\/muzeulgolesti.ro\/en\/proiectul\/#primaryimage","url":"https:\/\/muzeulgolesti.ro\/wp-content\/uploads\/2024\/08\/Sigla-proiect-afcn-2924-360x360.jpg","contentUrl":"https:\/\/muzeulgolesti.ro\/wp-content\/uploads\/2024\/08\/Sigla-proiect-afcn-2924-360x360.jpg"},{"@type":"BreadcrumbList","@id":"https:\/\/muzeulgolesti.ro\/en\/proiectul\/#breadcrumb","itemListElement":[{"@type":"ListItem","position":1,"name":"Prima pagin\u0103","item":"https:\/\/muzeulgolesti.ro\/ro\/"},{"@type":"ListItem","position":2,"name":"THE PROJECT"}]},{"@type":"WebSite","@id":"https:\/\/muzeulgolesti.ro\/ro\/#website","url":"https:\/\/muzeulgolesti.ro\/ro\/","name":"Muzeul Vititculturii si Pomiculturii Golesti","description":"Cultura, Etnografie, Istorie - Muzeul Vititculturii si Pomiculturii Golesti","publisher":{"@id":"https:\/\/muzeulgolesti.ro\/ro\/#organization"},"potentialAction":[{"@type":"SearchAction","target":{"@type":"EntryPoint","urlTemplate":"https:\/\/muzeulgolesti.ro\/ro\/?s={search_term_string}"},"query-input":{"@type":"PropertyValueSpecification","valueRequired":true,"valueName":"search_term_string"}}],"inLanguage":"ro-RO"},{"@type":"Organization","@id":"https:\/\/muzeulgolesti.ro\/ro\/#organization","name":"Muzeul Vititculturii si Pomiculturii Golesti","url":"https:\/\/muzeulgolesti.ro\/ro\/","logo":{"@type":"ImageObject","inLanguage":"ro-RO","@id":"https:\/\/muzeulgolesti.ro\/ro\/#\/schema\/logo\/image\/","url":"https:\/\/muzeulgolesti.ro\/wp-content\/uploads\/2022\/11\/SiglaMuzeu.jpg","contentUrl":"https:\/\/muzeulgolesti.ro\/wp-content\/uploads\/2022\/11\/SiglaMuzeu.jpg","width":86,"height":50,"caption":"Muzeul Vititculturii si Pomiculturii Golesti"},"image":{"@id":"https:\/\/muzeulgolesti.ro\/ro\/#\/schema\/logo\/image\/"},"sameAs":["https:\/\/web.facebook.com\/www.muzeulgolesti.ro"]}]}},"_links":{"self":[{"href":"https:\/\/muzeulgolesti.ro\/ro\/wp-json\/wp\/v2\/pages\/6523","targetHints":{"allow":["GET"]}}],"collection":[{"href":"https:\/\/muzeulgolesti.ro\/ro\/wp-json\/wp\/v2\/pages"}],"about":[{"href":"https:\/\/muzeulgolesti.ro\/ro\/wp-json\/wp\/v2\/types\/page"}],"author":[{"embeddable":true,"href":"https:\/\/muzeulgolesti.ro\/ro\/wp-json\/wp\/v2\/users\/4"}],"replies":[{"embeddable":true,"href":"https:\/\/muzeulgolesti.ro\/ro\/wp-json\/wp\/v2\/comments?post=6523"}],"version-history":[{"count":6,"href":"https:\/\/muzeulgolesti.ro\/ro\/wp-json\/wp\/v2\/pages\/6523\/revisions"}],"predecessor-version":[{"id":6581,"href":"https:\/\/muzeulgolesti.ro\/ro\/wp-json\/wp\/v2\/pages\/6523\/revisions\/6581"}],"wp:attachment":[{"href":"https:\/\/muzeulgolesti.ro\/ro\/wp-json\/wp\/v2\/media?parent=6523"}],"curies":[{"name":"wp","href":"https:\/\/api.w.org\/{rel}","templated":true}]}}