{"id":6999,"date":"2025-02-11T09:05:14","date_gmt":"2025-02-11T09:05:14","guid":{"rendered":"https:\/\/muzeulgolesti.ro\/ro\/?page_id=6999"},"modified":"2025-02-25T12:34:18","modified_gmt":"2025-02-25T12:34:18","slug":"integritate-institutionala","status":"publish","type":"page","link":"https:\/\/muzeulgolesti.ro\/ro\/integritate-institutionala\/","title":{"rendered":"Integritate institu\u021bional\u0103"},"content":{"rendered":"<div class=\"fusion-fullwidth fullwidth-box fusion-builder-row-1 nonhundred-percent-fullwidth non-hundred-percent-height-scrolling\" style=\"--awb-border-radius-top-left:0px;--awb-border-radius-top-right:0px;--awb-border-radius-bottom-right:0px;--awb-border-radius-bottom-left:0px;--awb-flex-wrap:wrap;\" ><div class=\"fusion-builder-row fusion-row\"><div class=\"fusion-layout-column fusion_builder_column fusion-builder-column-0 fusion_builder_column_1_1 1_1 fusion-one-full fusion-column-first fusion-column-last\" style=\"--awb-padding-top:0px;--awb-padding-bottom:0px;--awb-bg-size:cover;--awb-margin-bottom:0px;\"><div class=\"fusion-column-wrapper fusion-column-has-shadow fusion-flex-column-wrapper-legacy\"><div class=\"fusion-blog-shortcode fusion-blog-shortcode-1 fusion-blog-archive fusion-blog-layout-large fusion-blog-no fusion-blog-no-images lista-articole\" style=\"margin-top:0px;margin-bottom:0px;\"><div class=\"fusion-posts-container fusion-posts-container-no fusion-no-meta-info\" data-pages=\"1\"><article id=\"blog-1-post-7055\" class=\"fusion-post-large post-7055 post type-post status-publish format-standard hentry category-integritate-institutionala\">\n<div class=\"fusion-post-content post-content\"><h2 class=\"blog-shortcode-post-title entry-title\"><a href=\"https:\/\/muzeulgolesti.ro\/ro\/integritate-institutionala\/raport\/\">Raport<\/a><\/h2><\/div><div class=\"fusion-clearfix\"><\/div><\/article>\n<article id=\"blog-1-post-7051\" class=\"fusion-post-large post-7051 post type-post status-publish format-standard hentry category-integritate-institutionala\">\n<div class=\"fusion-post-content post-content\"><h2 class=\"blog-shortcode-post-title entry-title\"><a href=\"https:\/\/muzeulgolesti.ro\/ro\/integritate-institutionala\/studii-cercetari-ghiduri\/\">Studii\/Cercet\u0103ri\/Ghiduri<\/a><\/h2><\/div><div class=\"fusion-clearfix\"><\/div><\/article>\n<article id=\"blog-1-post-7023\" class=\"fusion-post-large post-7023 post type-post status-publish format-standard hentry category-integritate-institutionala\">\n<div class=\"fusion-post-content post-content\"><h2 class=\"blog-shortcode-post-title entry-title\"><a href=\"https:\/\/muzeulgolesti.ro\/ro\/integritate-institutionala\/lista-cadouri\/\">Lista cadouri<\/a><\/h2><\/div><div class=\"fusion-clearfix\"><\/div><\/article>\n<article id=\"blog-1-post-7053\" class=\"fusion-post-large post-7053 post type-post status-publish format-standard hentry category-integritate-institutionala\">\n<div class=\"fusion-post-content post-content\"><h2 class=\"blog-shortcode-post-title entry-title\"><a href=\"https:\/\/muzeulgolesti.ro\/ro\/integritate-institutionala\/situatia-incidentelor-de-integritate\/\">Situa\u021bia incidentelor de integritate<\/a><\/h2><\/div><div class=\"fusion-clearfix\"><\/div><\/article>\n<article id=\"blog-1-post-7061\" class=\"fusion-post-large post-7061 post type-post status-publish format-standard hentry category-integritate-institutionala\">\n<div class=\"fusion-post-content post-content\"><h2 class=\"blog-shortcode-post-title entry-title\"><a href=\"https:\/\/muzeulgolesti.ro\/ro\/integritate-institutionala\/mecanismul-de-raportare-a-incalcalrilor-legii\/\">Mecanismul de raportare a \u00eenc\u0103lc\u0103lrilor legii<\/a><\/h2><\/div><div class=\"fusion-clearfix\"><\/div><\/article>\n<article id=\"blog-1-post-7042\" class=\"fusion-post-large post-7042 post type-post status-publish format-standard hentry category-integritate-institutionala\">\n<div class=\"fusion-post-content post-content\"><h2 class=\"blog-shortcode-post-title entry-title\"><a href=\"https:\/\/muzeulgolesti.ro\/ro\/integritate-institutionala\/cod-etic\/\">Cod etic<\/a><\/h2><\/div><div class=\"fusion-clearfix\"><\/div><\/article>\n<article id=\"blog-1-post-7059\" class=\"fusion-post-large post-7059 post type-post status-publish format-standard hentry category-integritate-institutionala\">\n<div class=\"fusion-post-content post-content\"><h2 class=\"blog-shortcode-post-title entry-title\"><a href=\"https:\/\/muzeulgolesti.ro\/ro\/integritate-institutionala\/declaratia-privind-asumarea-agendei-de-integritate-organizationala\/\">Declara\u021bia privind asumarea agendei de integritate organiza\u021bional\u0103<\/a><\/h2><\/div><div class=\"fusion-clearfix\"><\/div><\/article>\n<article id=\"blog-1-post-7057\" class=\"fusion-post-large post-7057 post type-post status-publish format-standard hentry category-integritate-institutionala\">\n<div class=\"fusion-post-content post-content\"><h2 class=\"blog-shortcode-post-title entry-title\"><a href=\"https:\/\/muzeulgolesti.ro\/ro\/integritate-institutionala\/planul-de-integritate-al-institutiei\/\">Planul de integritate al institu\u021biei<\/a><\/h2><\/div><div class=\"fusion-clearfix\"><\/div><\/article>\n<\/div><\/div><div class=\"fusion-clearfix\"><\/div><\/div><\/div><\/div><\/div>\n","protected":false},"excerpt":{"rendered":"","protected":false},"author":4,"featured_media":0,"parent":0,"menu_order":0,"comment_status":"closed","ping_status":"closed","template":"100-width.php","meta":{"footnotes":""},"class_list":["post-6999","page","type-page","status-publish","hentry"],"yoast_head":"<!-- This site is optimized with the Yoast SEO plugin v27.4 - https:\/\/yoast.com\/product\/yoast-seo-wordpress\/ -->\n<title>Integritate institu\u021bional\u0103<\/title>\n<meta name=\"description\" content=\"Integritate institu\u021bional\u0103\" \/>\n<meta name=\"robots\" content=\"index, follow, max-snippet:-1, max-image-preview:large, max-video-preview:-1\" \/>\n<link rel=\"canonical\" href=\"https:\/\/muzeulgolesti.ro\/ro\/integritate-institutionala\/\" \/>\n<meta property=\"og:locale\" content=\"ro_RO\" \/>\n<meta property=\"og:locale:alternate\" content=\"en_UK\" \/>\n<meta property=\"og:type\" content=\"article\" \/>\n<meta property=\"og:title\" content=\"Integritate institu\u021bional\u0103\" \/>\n<meta property=\"og:description\" content=\"Integritate institu\u021bional\u0103\" \/>\n<meta property=\"og:url\" content=\"https:\/\/muzeulgolesti.ro\/ro\/integritate-institutionala\/planul-de-integritate-al-institutiei\/\" \/>\n<meta property=\"og:site_name\" content=\"Muzeul Viticulturii si Pomiculturii Golesti\" \/>\n<meta property=\"article:publisher\" content=\"https:\/\/web.facebook.com\/www.muzeulgolesti.ro\" \/>\n<meta property=\"article:modified_time\" content=\"2025-02-25T12:34:18+00:00\" \/>\n<meta name=\"twitter:card\" content=\"summary_large_image\" \/>\n<meta name=\"twitter:label1\" content=\"Timp estimat pentru citire\" \/>\n\t<meta name=\"twitter:data1\" content=\"1 minut\" \/>\n<script type=\"application\/ld+json\" class=\"yoast-schema-graph\">{\"@context\":\"https:\\\/\\\/schema.org\",\"@graph\":[{\"@type\":\"WebPage\",\"@id\":\"https:\\\/\\\/muzeulgolesti.ro\\\/ro\\\/integritate-institutionala\\\/\",\"url\":\"https:\\\/\\\/muzeulgolesti.ro\\\/ro\\\/integritate-institutionala\\\/\",\"name\":\"Integritate institu\u021bional\u0103\",\"isPartOf\":{\"@id\":\"https:\\\/\\\/muzeulgolesti.ro\\\/ro\\\/#website\"},\"datePublished\":\"2025-02-11T09:05:14+00:00\",\"dateModified\":\"2025-02-25T12:34:18+00:00\",\"description\":\"Integritate institu\u021bional\u0103\",\"breadcrumb\":{\"@id\":\"https:\\\/\\\/muzeulgolesti.ro\\\/ro\\\/integritate-institutionala\\\/#breadcrumb\"},\"inLanguage\":\"ro-RO\",\"potentialAction\":[{\"@type\":\"ReadAction\",\"target\":[\"https:\\\/\\\/muzeulgolesti.ro\\\/ro\\\/integritate-institutionala\\\/\"]}]},{\"@type\":\"BreadcrumbList\",\"@id\":\"https:\\\/\\\/muzeulgolesti.ro\\\/ro\\\/integritate-institutionala\\\/#breadcrumb\",\"itemListElement\":[{\"@type\":\"ListItem\",\"position\":1,\"name\":\"Prima pagin\u0103\",\"item\":\"https:\\\/\\\/muzeulgolesti.ro\\\/ro\\\/\"},{\"@type\":\"ListItem\",\"position\":2,\"name\":\"Integritate institu\u021bional\u0103\"}]},{\"@type\":\"WebSite\",\"@id\":\"https:\\\/\\\/muzeulgolesti.ro\\\/ro\\\/#website\",\"url\":\"https:\\\/\\\/muzeulgolesti.ro\\\/ro\\\/\",\"name\":\"Muzeul Vititculturii si Pomiculturii Golesti\",\"description\":\"Cultura, Etnografie, Istorie - Muzeul Vititculturii si Pomiculturii Golesti\",\"publisher\":{\"@id\":\"https:\\\/\\\/muzeulgolesti.ro\\\/ro\\\/#organization\"},\"potentialAction\":[{\"@type\":\"SearchAction\",\"target\":{\"@type\":\"EntryPoint\",\"urlTemplate\":\"https:\\\/\\\/muzeulgolesti.ro\\\/ro\\\/?s={search_term_string}\"},\"query-input\":{\"@type\":\"PropertyValueSpecification\",\"valueRequired\":true,\"valueName\":\"search_term_string\"}}],\"inLanguage\":\"ro-RO\"},{\"@type\":\"Organization\",\"@id\":\"https:\\\/\\\/muzeulgolesti.ro\\\/ro\\\/#organization\",\"name\":\"Muzeul Vititculturii si Pomiculturii Golesti\",\"url\":\"https:\\\/\\\/muzeulgolesti.ro\\\/ro\\\/\",\"logo\":{\"@type\":\"ImageObject\",\"inLanguage\":\"ro-RO\",\"@id\":\"https:\\\/\\\/muzeulgolesti.ro\\\/ro\\\/#\\\/schema\\\/logo\\\/image\\\/\",\"url\":\"https:\\\/\\\/muzeulgolesti.ro\\\/wp-content\\\/uploads\\\/2022\\\/11\\\/SiglaMuzeu.jpg\",\"contentUrl\":\"https:\\\/\\\/muzeulgolesti.ro\\\/wp-content\\\/uploads\\\/2022\\\/11\\\/SiglaMuzeu.jpg\",\"width\":86,\"height\":50,\"caption\":\"Muzeul Vititculturii si Pomiculturii Golesti\"},\"image\":{\"@id\":\"https:\\\/\\\/muzeulgolesti.ro\\\/ro\\\/#\\\/schema\\\/logo\\\/image\\\/\"},\"sameAs\":[\"https:\\\/\\\/web.facebook.com\\\/www.muzeulgolesti.ro\"]}]}<\/script>\n<!-- \/ Yoast SEO plugin. -->","yoast_head_json":{"title":"Integritate institu\u021bional\u0103","description":"[:ro]Integritate institu\u021bional\u0103[:] - Muzeul Viticulturii si Pomiculturii Golesti","robots":{"index":"index","follow":"follow","max-snippet":"max-snippet:-1","max-image-preview":"max-image-preview:large","max-video-preview":"max-video-preview:-1"},"canonical":"https:\/\/muzeulgolesti.ro\/ro\/integritate-institutionala\/","og_locale":"ro_RO","og_type":"article","og_title":"[:ro]Integritate institu\u021bional\u0103[:] - Muzeul Viticulturii si Pomiculturii Golesti","og_description":"[:ro]Integritate institu\u021bional\u0103[:] - Muzeul Viticulturii si Pomiculturii Golesti","og_url":"https:\/\/muzeulgolesti.ro\/ro\/integritate-institutionala\/planul-de-integritate-al-institutiei\/","og_site_name":"Muzeul Viticulturii si Pomiculturii Golesti","article_publisher":"https:\/\/web.facebook.com\/www.muzeulgolesti.ro","article_modified_time":"2025-02-25T12:34:18+00:00","twitter_card":"summary_large_image","twitter_misc":{"Timp estimat pentru citire":"1 minut"},"schema":{"@context":"https:\/\/schema.org","@graph":[{"@type":"WebPage","@id":"https:\/\/muzeulgolesti.ro\/ro\/integritate-institutionala\/","url":"https:\/\/muzeulgolesti.ro\/ro\/integritate-institutionala\/","name":"Integritate institu\u021bional\u0103","isPartOf":{"@id":"https:\/\/muzeulgolesti.ro\/ro\/#website"},"datePublished":"2025-02-11T09:05:14+00:00","dateModified":"2025-02-25T12:34:18+00:00","description":"Integritate institu\u021bional\u0103","breadcrumb":{"@id":"https:\/\/muzeulgolesti.ro\/ro\/integritate-institutionala\/#breadcrumb"},"inLanguage":"ro-RO","potentialAction":[{"@type":"ReadAction","target":["https:\/\/muzeulgolesti.ro\/ro\/integritate-institutionala\/"]}]},{"@type":"BreadcrumbList","@id":"https:\/\/muzeulgolesti.ro\/ro\/integritate-institutionala\/#breadcrumb","itemListElement":[{"@type":"ListItem","position":1,"name":"Prima pagin\u0103","item":"https:\/\/muzeulgolesti.ro\/ro\/"},{"@type":"ListItem","position":2,"name":"Integritate institu\u021bional\u0103"}]},{"@type":"WebSite","@id":"https:\/\/muzeulgolesti.ro\/ro\/#website","url":"https:\/\/muzeulgolesti.ro\/ro\/","name":"Muzeul Vititculturii si Pomiculturii Golesti","description":"Cultura, Etnografie, Istorie - Muzeul Vititculturii si Pomiculturii Golesti","publisher":{"@id":"https:\/\/muzeulgolesti.ro\/ro\/#organization"},"potentialAction":[{"@type":"SearchAction","target":{"@type":"EntryPoint","urlTemplate":"https:\/\/muzeulgolesti.ro\/ro\/?s={search_term_string}"},"query-input":{"@type":"PropertyValueSpecification","valueRequired":true,"valueName":"search_term_string"}}],"inLanguage":"ro-RO"},{"@type":"Organization","@id":"https:\/\/muzeulgolesti.ro\/ro\/#organization","name":"Muzeul Vititculturii si Pomiculturii Golesti","url":"https:\/\/muzeulgolesti.ro\/ro\/","logo":{"@type":"ImageObject","inLanguage":"ro-RO","@id":"https:\/\/muzeulgolesti.ro\/ro\/#\/schema\/logo\/image\/","url":"https:\/\/muzeulgolesti.ro\/wp-content\/uploads\/2022\/11\/SiglaMuzeu.jpg","contentUrl":"https:\/\/muzeulgolesti.ro\/wp-content\/uploads\/2022\/11\/SiglaMuzeu.jpg","width":86,"height":50,"caption":"Muzeul Vititculturii si Pomiculturii Golesti"},"image":{"@id":"https:\/\/muzeulgolesti.ro\/ro\/#\/schema\/logo\/image\/"},"sameAs":["https:\/\/web.facebook.com\/www.muzeulgolesti.ro"]}]}},"_links":{"self":[{"href":"https:\/\/muzeulgolesti.ro\/ro\/wp-json\/wp\/v2\/pages\/6999","targetHints":{"allow":["GET"]}}],"collection":[{"href":"https:\/\/muzeulgolesti.ro\/ro\/wp-json\/wp\/v2\/pages"}],"about":[{"href":"https:\/\/muzeulgolesti.ro\/ro\/wp-json\/wp\/v2\/types\/page"}],"author":[{"embeddable":true,"href":"https:\/\/muzeulgolesti.ro\/ro\/wp-json\/wp\/v2\/users\/4"}],"replies":[{"embeddable":true,"href":"https:\/\/muzeulgolesti.ro\/ro\/wp-json\/wp\/v2\/comments?post=6999"}],"version-history":[{"count":4,"href":"https:\/\/muzeulgolesti.ro\/ro\/wp-json\/wp\/v2\/pages\/6999\/revisions"}],"predecessor-version":[{"id":7065,"href":"https:\/\/muzeulgolesti.ro\/ro\/wp-json\/wp\/v2\/pages\/6999\/revisions\/7065"}],"wp:attachment":[{"href":"https:\/\/muzeulgolesti.ro\/ro\/wp-json\/wp\/v2\/media?parent=6999"}],"curies":[{"name":"wp","href":"https:\/\/api.w.org\/{rel}","templated":true}]}}